{"id":8615,"date":"2022-04-16T20:18:32","date_gmt":"2022-04-16T19:18:32","guid":{"rendered":"https:\/\/camping-kerisole.fr\/huishoudelijk-reglement-van-camping-kerisole\/"},"modified":"2025-06-01T11:16:56","modified_gmt":"2025-06-01T10:16:56","slug":"huishoudelijk-reglement-van-camping-kerisole","status":"publish","type":"page","link":"https:\/\/camping-kerisole.fr\/nl\/huishoudelijk-reglement-van-camping-kerisole\/","title":{"rendered":"Huishoudelijk Reglement van Camping Kerisole"},"content":{"rendered":"<section class=\"av_textblock_section \"  itemscope=\"itemscope\" itemtype=\"https:\/\/schema.org\/CreativeWork\" ><div class='avia_textblock  '   itemprop=\"text\" ><p><strong>Huishoudelijk Reglement Camping Kerisole<\/strong><\/p>\n<p style=\"text-align: left;\"><strong>1\/ TOELATINGSVOORWAARDEN <\/strong><\/p>\n<p style=\"text-align: rechtvaardigen;\">Om een \u200b\u200bcamping te mogen betreden, opzetten of verblijven, moet u gemachtigd zijn door de beheerder of zijn vertegenwoordiger. Deze laatste is verplicht om te zorgen voor het goede onderhoud en de orde van de camping, evenals voor de naleving van de toepassing van dit huishoudelijk reglement.<\/p>\n<p style=\"text-align: allow;\">Verblijven op de camping impliceert aanvaarding van de bepalingen van dit reglement en de verbintenis om deze na te leven.<\/p>\n<p style=\"text-align: left;\">Niemand kan daar zijn intrek nemen.<\/p>\n<p style=\"text-align: left;\"><strong>2\/ POLITIEFORMALITEITEN <\/strong><\/p>\n<p style=\"text-align: allow;\">Minderjarigen die niet door hun ouders worden begeleid, worden alleen toegelaten met schriftelijke toestemming van hen.<\/p>\n<p style=\"text-align: rechtvaardigen;\">In toepassing van artikel R. 611-35 van de code voor de binnenkomst en het verblijf van buitenlanders en het recht op asiel, is de beheerder verplicht om door de klant in te vullen en te ondertekenen buitenlandse nationaliteit, bij aankomst een individueel politieformulier. Het moet met name vermelden:<\/p>\n<p style=\"text-align: left;\">1<sup>o<\/sup> De achternaam en voornamen;<\/p>\n<p style=\"text-align: left;\">2<sup>o<\/sup> Geboortedatum en -plaats;<\/p>\n<p style=\"text-align: left;\">3<sup>o<\/sup> Nationaliteit;<\/p>\n<p style=\"text-align: left;\">4<sup>o<\/sup> Het gebruikelijke huis.<\/p>\n<p style=\"text-align: avoid;\">Kinderen onder de 15 jaar kunnen op de kaart van beide ouders staan.<\/p>\n<p style=\"text-align: left;\"><strong>3\/ INSTALLATIE<\/strong><\/p>\n<p style=\"text-align: justify;\">Buitenaccommodaties en aanverwante apparatuur dienen te worden ge\u00efnstalleerd op de aangegeven plaats conform de richtlijnen gegeven door de beheerder of zijn afgevaardigde.<\/p>\n<p style=\"text-align: left;\"><strong>4\/ RECEPTIEBUREAU<\/strong><\/p>\n<p style=\"text-align: allow;\">In het seizoen geopend van: 08.00 tot 12.00 uur en 16.00 tot 17.00 uur van maandag tot zaterdag en van 11.00 tot 12.00 uur en van 16.00 tot 17.00 uur op zondag.<\/p>\n<p style=\"text-align: allow;\">Geopend van 08.00 uur tot 12.00 uur en van 15.00 uur tot 19.00 uur<\/p>\n<p style=\"text-align: allow;\">Bij de receptie vindt u alle informatie over de diensten van de camping, informatie over de mogelijkheden van bevoorrading, sportfaciliteiten, toeristische attracties in de omgeving en diverse adressen die nuttig zijn.<\/p>\n<p style=\"text-align: allow;\">Er is een systeem voor het verzamelen en verwerken van klachten beschikbaar voor klanten.<\/p>\n<p style=\"text-align: left;\"><strong>5\/ DISPLAY<\/strong><\/p>\n<p style=\"text-align: allow;\">Dit reglement hangt bij de ingang van de camping en bij de receptie. Het wordt gegeven aan elke klant die erom vraagt.<\/p>\n<p style=\"text-align: allow;\">Voor geclassificeerde campings wordt de classificatiecategorie met de vermelding toerisme of vrije tijd en het aantal toeristische of recreatieve plaatsen weergegeven.<\/p>\n<p style=\"text-align: allow;\">De prijzen van de verschillende diensten worden aan de klanten meegedeeld onder de voorwaarden bepaald bij besluit van de minister bevoegd voor het verbruik en kunnen worden geraadpleegd bij de receptie.<\/p>\n<p style=\"text-align: left;\"><strong>6\/ VERTREKMODALITEITEN<\/strong><\/p>\n<p style=\"text-align: allow;\">Klanten worden uitgenodigd om de dag ervoor hun vertrek aan de receptie door te geven. Klanten die voor de openingsuren van de receptie willen vertrekken, dienen hun verblijf de dag ervoor te betalen.<\/p>\n<p style=\"text-align: left;\"><strong>7\/ RUIS EN STILTE<\/strong><\/p>\n<p style=\"text-align: justify;\">Klanten wordt gevraagd om alle lawaai en discussies te vermijden die hun buren zouden kunnen storen.<\/p>\n<p style=\"text-align: allow;\">Geluidsapparaten moeten dienovereenkomstig worden ingesteld. Het sluiten van deuren en kofferbak moet zo discreet mogelijk zijn.<\/p>\n<p style=\"text-align: justify;\">Honden en andere dieren mogen nooit losgelaten worden. Ze mogen niet op de camping worden achtergelaten, zelfs niet opgesloten, in afwezigheid van hun meesters, die wettelijk verantwoordelijk voor hen zijn.<\/p>\n<p style=\"text-align: rechtvaardigen;\">De manager zorgt voor de rust van zijn klanten door tijden vast te stellen waarop de stilte totaal moet zijn.<\/p>\n<p style=\"text-align: left;\"><strong>8\/ BEZOEKERS<\/strong><\/p>\n<p style=\"text-align: allow;\">Na toestemming van de beheerder of zijn afgevaardigde kunnen bezoekers op de camping worden toegelaten onder de verantwoordelijkheid van de kampeerders die hen ontvangen.<\/p>\n<p style=\"text-align: allow;\">De klant kan \u00e9\u00e9n of meerdere bezoekers ontvangen bij de receptie. De diensten en faciliteiten van de campings zijn toegankelijk voor bezoekers. Het gebruik van deze apparatuur kan echter in rekening worden gebracht volgens een tarief dat moet worden aangegeven bij de ingang van de camping en bij de receptie.<\/p>\n<p style=\"text-align: justify;\">Auto&#8217;s van bezoekers zijn verboden op de camping.<\/p>\n<p style=\"text-align: left;\"><strong>9\/ VERKEER EN PARKEREN VAN VOERTUIGEN<\/strong><\/p>\n<p style=\"text-align: allow;\">Op de camping moeten voertuigen met een beperkte snelheid rijden.<\/p>\n<p style=\"text-align: left;\">Verspreiding is toegestaan \u200b\u200bvan 07.00 uur tot 22.00 uur<\/p>\n<p style=\"text-align: allow;\">Alleen voertuigen die toebehoren aan de kampeerders die er verblijven, mogen op de camping rijden. Parkeren is ten strengste verboden op de standplaatsen die gewoonlijk door accommodaties worden gebruikt, tenzij hiervoor een parkeerplaats is voorzien. Parkeren mag het verkeer niet belemmeren of de installatie van nieuwkomers verhinderen.<\/p>\n<p style=\"text-align: left;\"><strong>10\/ KLEDING EN UITERLIJK VAN FACILITEITEN<\/strong><\/p>\n<p style=\"text-align: allow;\">Iedereen is verplicht zich te onthouden van elke handeling die de netheid, hygi\u00ebne en het uiterlijk van de camping en zijn faciliteiten, inclusief sanitaire voorzieningen, kan schaden.<\/p>\n<p style=\"text-align: justify;\">Het is verboden afvalwater op de grond of in de goot te werpen.<\/p>\n<p style=\"text-align: justify;\">Klanten dienen afvalwater te lozen in de daarvoor voorziene voorzieningen.<\/p>\n<p style=\"text-align: allow;\">Huishoudelijk afval, afval van welke aard dan ook, papieren, moeten in de vuilnisbakken worden geplaatst.<\/p>\n<p style=\"text-align: justify;\">Het is ten strengste verboden om buiten de daarvoor bestemde bakken te wassen.<\/p>\n<p style=\"text-align: justify;\">Het ophangen van het linnen gebeurt, indien nodig, in de gemeenschappelijke droogkast. Het wordt echter getolereerd tot 10.00 uur in de buurt van de accommodatie, op voorwaarde dat het discreet is en de buren niet stoort. Het mag nooit gemaakt zijn van bomen.<\/p>\n<p style=\"text-align: rechtvaardigen;\">Beplanting en bloemversieringen moeten gerespecteerd worden. Het is verboden spijkers in bomen te slaan, takken te kappen, aanplantingen te maken.<\/p>\n<p style=\"text-align: rechtvaardigen;\">Het is niet toegestaan \u200b\u200bom de locatie van een installatie met persoonlijke middelen af \u200b\u200bte bakenen, noch om de grond te graven.<\/p>\n<p style=\"text-align: allow;\">Elk herstel van de aantasting van de vegetatie, de omheiningen, de grond of de faciliteiten van de camping is de verantwoordelijkheid van de auteur.<\/p>\n<p style=\"text-align: allow;\">Het terrein dat tijdens het verblijf gebruikt zal zijn, moet worden onderhouden in de staat waarin de kampeerder het aantrof bij het betreden van het terrein.<\/p>\n<p style=\"text-align: left;\"><strong>11\/ VEILIGHEID<\/strong><\/p>\n<p style=\"text-align: left;\"><strong>a\/fire<\/strong><\/p>\n<p style=\"text-align: justify;\">Open vuur (hout, kolen, enz.) is ten strengste verboden. Kachels moeten in goede staat worden gehouden en mogen niet in gevaarlijke omstandigheden worden gebruikt.<\/p>\n<p style=\"text-align: justify;\">In geval van brand direct de directie verwittigen. Brandblussers kunnen indien nodig worden gebruikt.<\/p>\n<p style=\"text-align: justify;\">Bij de receptie is een EHBO-doos te vinden.<\/p>\n<p style=\"text-align: left;\"><strong>b\/vol<\/strong><\/p>\n<p style=\"text-align: rechtvaardigen;\">De directie is verantwoordelijk voor voorwerpen die op kantoor worden achtergelaten en heeft een algemene verplichting om toezicht te houden op de camping. De kampeerder blijft verantwoordelijk voor zijn eigen installatie en moet de aanwezigheid van verdachte personen melden aan de beheerder. Klanten wordt aangeraden de gebruikelijke voorzorgsmaatregelen te nemen om hun apparatuur te beschermen.<\/p>\n<p><strong>c \/ Opladen van elektrische voertuigen<\/strong><\/p>\n<p>Het is ten strengste verboden om een \u200b\u200belektrisch of plug-in hybride voertuig op te laden via de stopcontacten van de camping (stopcontacten op de kampeerplaatsen, in de stacaravans, op de toiletten, enz.), tenzij anders aangegeven door de directie. Deze praktijk vormt een risico voor de veiligheid van de elektrische installaties en kan leiden tot onmiddellijke uitzetting van de kampeerder zonder restitutie.<\/p>\n<p style=\"text-align: left;\"><strong>12\/ GAMES<\/strong><\/p>\n<p style=\"text-align: justify;\">Er mogen geen gewelddadige of storende spelletjes worden georganiseerd in de buurt van de faciliteiten.<\/p>\n<p style=\"text-align: justify;\">De vergaderruimte kan niet worden gebruikt voor hectische spelletjes.<\/p>\n<p style=\"text-align: justify;\">Kinderen moeten altijd onder toezicht van hun ouders staan.<\/p>\n<p style=\"text-align: left;\"><strong>13\/ DODE GARAGE<\/strong><\/p>\n<p style=\"text-align: justify;\">Het mag alleen onbezet materieel op de grond laten staan, na akkoord van de directie en alleen op de aangegeven locatie. Deze service kan tegen betaling zijn.<\/p>\n<p style=\"text-align: left;\"><strong>14 \/ OVERTREDING VAN DEZE INTERNE REGELS<\/strong><\/p>\n<p style=\"text-align: allow;\">In het geval dat een bewoner het verblijf van andere gebruikers verstoort of de bepalingen van dit reglement niet respecteert, kan de beheerder of zijn vertegenwoordiger mondeling of schriftelijk, indien hij nodig acht, dient u laatstgenoemde te verwittigen de ongeregeldheden te staken.<\/p>\n<p style=\"text-align: rechtvaardigen;\">In geval van ernstige of herhaalde overtreding van het huishoudelijk reglement en na een aanmaning van de beheerder om hieraan te voldoen, kan deze laatste het contract be\u00ebindigen.<\/p>\n<p style=\"text-align: justify;\">Bij een strafbaar feit kan de beheerder de politie inschakelen.<\/p>\n<p style=\"text-align: left;\"><strong>15\/ MAILEN EN POSTEN<\/strong><\/p>\n<p style=\"text-align: allow;\">Elke werkdag wordt er post afgeleverd bij de receptie.<strong>\u00a0\u00a0\u00a0\u00a0\u00a0\u00a0 <\/strong><\/p>\n<p style=\"text-align: allow;\">Dit huishoudelijk reglement hangt aan de ingang van de camping, dit huishoudelijk reglement en de algemene verkoopvoorwaarden hangen aan de receptie en op de site &lt; a href=&#8221;https :\/\/www.camping-kerisole.fr\/&#8221;&gt;https:\/\/www.camping-kerisole.fr\/. Ze worden op zijn verzoek aan de klant overhandigd.<\/p>\n<p style=\"text-align: left;\">Gedaan bij SCAER, 01\/03\/2022<\/p>\n<p>Andreas of Nathalie Gerling<\/p>\n<p>Medebeheerders camping Kerisole<\/p>\n<p>Telefoon: 06 46 71 76 40<\/p>\n<p><strong>Belangrijke <\/strong><strong>telefoonnummers<\/strong><\/p>\n<p>Brandweerlieden &#8230;&#8230;&#8230;&#8230;&#8230;&#8230;&#8230;&#8230;&#8230;&#8230;&#8230;&#8230;&#8230;&#8230;&#8230;.. 18<\/p>\n<p>Ambulance-medische noodgevallen &#8230;&#8230;&#8230;&#8230;&#8230;.. 15<\/p>\n<p>Rijkswacht&#8230;&#8230;&#8230;&#8230;&#8230;&#8230;&#8230;&#8230;&#8230;&#8230;&#8230;&#8230;&#8230;&#8230;&#8230;&#8230;&#8230;&#8230;&#8230;. 17<\/p>\n<p>Internationale noodsituatie&#8230;&#8230;&#8230;&#8230;&#8230;&#8230;&#8230;&#8230;&#8230;&#8230; 112<\/p>\n<p>Dierenartsen Sca\u00ebr &#8230;&#8230;&#8230;&#8230;&#8230;&#8230;&#8230;&#8230; 02 98 59 41 03<\/p>\n<\/div><\/section>\n","protected":false},"excerpt":{"rendered":"","protected":false},"author":6,"featured_media":0,"parent":0,"menu_order":0,"comment_status":"closed","ping_status":"closed","template":"","meta":{"_exactmetrics_skip_tracking":false,"_exactmetrics_sitenote_active":false,"_exactmetrics_sitenote_note":"","_exactmetrics_sitenote_category":0,"footnotes":""},"class_list":["post-8615","page","type-page","status-publish","hentry"],"yoast_head":"<!-- This site is optimized with the Yoast SEO plugin v27.3 - https:\/\/yoast.com\/product\/yoast-seo-wordpress\/ -->\n<title>Huishoudelijk Reglement van Camping Kerisole - Camping Kerisole<\/title>\n<meta name=\"description\" content=\"Pour des vacances uniques en Bretagne : Le camping Kerisole*** est un camping convivial et chaleureux. Nous attachons beaucoup d\u2019importance au bien-\u00eatre, ainsi qu\u2019aux besoins de nos clients. Rappelez-vous \u00e9tant jeune, ces vacances, \u00e0 jamais grav\u00e9 dans votre m\u00e9moire, au c\u0153ur d\u2019un camping dans lequel la convivialit\u00e9 primait, voici ce que nous voulons vous offrir. Un cadre id\u00e9al pour que chacun puisse pratiquer diverses activit\u00e9s, qui permettront assur\u00e9ment, et ce qu\u2019importe votre \u00e2ge, de passer du bon temps. Le camping est ouvert d\u2019avril \u00e0 octobre.\" \/>\n<meta name=\"robots\" content=\"index, follow, max-snippet:-1, max-image-preview:large, max-video-preview:-1\" \/>\n<link rel=\"canonical\" href=\"https:\/\/camping-kerisole.fr\/nl\/huishoudelijk-reglement-van-camping-kerisole\/\" \/>\n<meta property=\"og:locale\" content=\"nl_NL\" \/>\n<meta property=\"og:type\" content=\"article\" \/>\n<meta property=\"og:title\" content=\"Huishoudelijk Reglement van Camping Kerisole - Camping Kerisole\" \/>\n<meta property=\"og:description\" content=\"Pour des vacances uniques en Bretagne : Le camping Kerisole*** est un camping convivial et chaleureux. Nous attachons beaucoup d\u2019importance au bien-\u00eatre, ainsi qu\u2019aux besoins de nos clients. Rappelez-vous \u00e9tant jeune, ces vacances, \u00e0 jamais grav\u00e9 dans votre m\u00e9moire, au c\u0153ur d\u2019un camping dans lequel la convivialit\u00e9 primait, voici ce que nous voulons vous offrir. Un cadre id\u00e9al pour que chacun puisse pratiquer diverses activit\u00e9s, qui permettront assur\u00e9ment, et ce qu\u2019importe votre \u00e2ge, de passer du bon temps. Le camping est ouvert d\u2019avril \u00e0 octobre.\" \/>\n<meta property=\"og:url\" content=\"https:\/\/camping-kerisole.fr\/nl\/huishoudelijk-reglement-van-camping-kerisole\/\" \/>\n<meta property=\"og:site_name\" content=\"Camping Kerisole\" \/>\n<meta property=\"article:publisher\" content=\"http:\/\/www.facebook.com\/campingkerisole\" \/>\n<meta property=\"article:modified_time\" content=\"2025-06-01T10:16:56+00:00\" \/>\n<meta name=\"twitter:card\" content=\"summary_large_image\" \/>\n<meta name=\"twitter:label1\" content=\"Geschatte leestijd\" \/>\n\t<meta name=\"twitter:data1\" content=\"6 minuten\" \/>\n<script type=\"application\/ld+json\" class=\"yoast-schema-graph\">{\"@context\":\"https:\\\/\\\/schema.org\",\"@graph\":[{\"@type\":\"WebPage\",\"@id\":\"https:\\\/\\\/camping-kerisole.fr\\\/nl\\\/huishoudelijk-reglement-van-camping-kerisole\\\/\",\"url\":\"https:\\\/\\\/camping-kerisole.fr\\\/nl\\\/huishoudelijk-reglement-van-camping-kerisole\\\/\",\"name\":\"Huishoudelijk Reglement van Camping Kerisole - Camping Kerisole\",\"isPartOf\":{\"@id\":\"https:\\\/\\\/camping-kerisole.fr\\\/nl\\\/#website\"},\"datePublished\":\"2022-04-16T19:18:32+00:00\",\"dateModified\":\"2025-06-01T10:16:56+00:00\",\"description\":\"Pour des vacances uniques en Bretagne : Le camping Kerisole*** est un camping convivial et chaleureux. Nous attachons beaucoup d\u2019importance au bien-\u00eatre, ainsi qu\u2019aux besoins de nos clients. Rappelez-vous \u00e9tant jeune, ces vacances, \u00e0 jamais grav\u00e9 dans votre m\u00e9moire, au c\u0153ur d\u2019un camping dans lequel la convivialit\u00e9 primait, voici ce que nous voulons vous offrir. Un cadre id\u00e9al pour que chacun puisse pratiquer diverses activit\u00e9s, qui permettront assur\u00e9ment, et ce qu\u2019importe votre \u00e2ge, de passer du bon temps. Le camping est ouvert d\u2019avril \u00e0 octobre.\",\"breadcrumb\":{\"@id\":\"https:\\\/\\\/camping-kerisole.fr\\\/nl\\\/huishoudelijk-reglement-van-camping-kerisole\\\/#breadcrumb\"},\"inLanguage\":\"nl-NL\",\"potentialAction\":[{\"@type\":\"ReadAction\",\"target\":[\"https:\\\/\\\/camping-kerisole.fr\\\/nl\\\/huishoudelijk-reglement-van-camping-kerisole\\\/\"]}]},{\"@type\":\"BreadcrumbList\",\"@id\":\"https:\\\/\\\/camping-kerisole.fr\\\/nl\\\/huishoudelijk-reglement-van-camping-kerisole\\\/#breadcrumb\",\"itemListElement\":[{\"@type\":\"ListItem\",\"position\":1,\"name\":\"Accueil\",\"item\":\"https:\\\/\\\/camping-kerisole.fr\\\/nl\\\/camping-kerisole-bretagne-sud\\\/\"},{\"@type\":\"ListItem\",\"position\":2,\"name\":\"Huishoudelijk Reglement van Camping Kerisole\"}]},{\"@type\":\"WebSite\",\"@id\":\"https:\\\/\\\/camping-kerisole.fr\\\/nl\\\/#website\",\"url\":\"https:\\\/\\\/camping-kerisole.fr\\\/nl\\\/\",\"name\":\"Camping Kerisole\",\"description\":\"Un camping unique en Bretagne !\",\"publisher\":{\"@id\":\"https:\\\/\\\/camping-kerisole.fr\\\/nl\\\/#organization\"},\"potentialAction\":[{\"@type\":\"SearchAction\",\"target\":{\"@type\":\"EntryPoint\",\"urlTemplate\":\"https:\\\/\\\/camping-kerisole.fr\\\/nl\\\/?s={search_term_string}\"},\"query-input\":{\"@type\":\"PropertyValueSpecification\",\"valueRequired\":true,\"valueName\":\"search_term_string\"}}],\"inLanguage\":\"nl-NL\"},{\"@type\":\"Organization\",\"@id\":\"https:\\\/\\\/camping-kerisole.fr\\\/nl\\\/#organization\",\"name\":\"Camping Kerisole***\",\"url\":\"https:\\\/\\\/camping-kerisole.fr\\\/nl\\\/\",\"logo\":{\"@type\":\"ImageObject\",\"inLanguage\":\"nl-NL\",\"@id\":\"https:\\\/\\\/camping-kerisole.fr\\\/nl\\\/#\\\/schema\\\/logo\\\/image\\\/\",\"url\":\"https:\\\/\\\/camping-kerisole.fr\\\/wp-content\\\/uploads\\\/2022\\\/05\\\/logo-Camping-Kerisole-rectangulaire.png\",\"contentUrl\":\"https:\\\/\\\/camping-kerisole.fr\\\/wp-content\\\/uploads\\\/2022\\\/05\\\/logo-Camping-Kerisole-rectangulaire.png\",\"width\":1148,\"height\":766,\"caption\":\"Camping Kerisole***\"},\"image\":{\"@id\":\"https:\\\/\\\/camping-kerisole.fr\\\/nl\\\/#\\\/schema\\\/logo\\\/image\\\/\"},\"sameAs\":[\"http:\\\/\\\/www.facebook.com\\\/campingkerisole\"]}]}<\/script>\n<!-- \/ Yoast SEO plugin. -->","yoast_head_json":{"title":"Huishoudelijk Reglement van Camping Kerisole - Camping Kerisole","description":"Pour des vacances uniques en Bretagne : Le camping Kerisole*** est un camping convivial et chaleureux. Nous attachons beaucoup d\u2019importance au bien-\u00eatre, ainsi qu\u2019aux besoins de nos clients. Rappelez-vous \u00e9tant jeune, ces vacances, \u00e0 jamais grav\u00e9 dans votre m\u00e9moire, au c\u0153ur d\u2019un camping dans lequel la convivialit\u00e9 primait, voici ce que nous voulons vous offrir. Un cadre id\u00e9al pour que chacun puisse pratiquer diverses activit\u00e9s, qui permettront assur\u00e9ment, et ce qu\u2019importe votre \u00e2ge, de passer du bon temps. Le camping est ouvert d\u2019avril \u00e0 octobre.","robots":{"index":"index","follow":"follow","max-snippet":"max-snippet:-1","max-image-preview":"max-image-preview:large","max-video-preview":"max-video-preview:-1"},"canonical":"https:\/\/camping-kerisole.fr\/nl\/huishoudelijk-reglement-van-camping-kerisole\/","og_locale":"nl_NL","og_type":"article","og_title":"Huishoudelijk Reglement van Camping Kerisole - Camping Kerisole","og_description":"Pour des vacances uniques en Bretagne : Le camping Kerisole*** est un camping convivial et chaleureux. Nous attachons beaucoup d\u2019importance au bien-\u00eatre, ainsi qu\u2019aux besoins de nos clients. Rappelez-vous \u00e9tant jeune, ces vacances, \u00e0 jamais grav\u00e9 dans votre m\u00e9moire, au c\u0153ur d\u2019un camping dans lequel la convivialit\u00e9 primait, voici ce que nous voulons vous offrir. Un cadre id\u00e9al pour que chacun puisse pratiquer diverses activit\u00e9s, qui permettront assur\u00e9ment, et ce qu\u2019importe votre \u00e2ge, de passer du bon temps. Le camping est ouvert d\u2019avril \u00e0 octobre.","og_url":"https:\/\/camping-kerisole.fr\/nl\/huishoudelijk-reglement-van-camping-kerisole\/","og_site_name":"Camping Kerisole","article_publisher":"http:\/\/www.facebook.com\/campingkerisole","article_modified_time":"2025-06-01T10:16:56+00:00","twitter_card":"summary_large_image","twitter_misc":{"Geschatte leestijd":"6 minuten"},"schema":{"@context":"https:\/\/schema.org","@graph":[{"@type":"WebPage","@id":"https:\/\/camping-kerisole.fr\/nl\/huishoudelijk-reglement-van-camping-kerisole\/","url":"https:\/\/camping-kerisole.fr\/nl\/huishoudelijk-reglement-van-camping-kerisole\/","name":"Huishoudelijk Reglement van Camping Kerisole - Camping Kerisole","isPartOf":{"@id":"https:\/\/camping-kerisole.fr\/nl\/#website"},"datePublished":"2022-04-16T19:18:32+00:00","dateModified":"2025-06-01T10:16:56+00:00","description":"Pour des vacances uniques en Bretagne : Le camping Kerisole*** est un camping convivial et chaleureux. Nous attachons beaucoup d\u2019importance au bien-\u00eatre, ainsi qu\u2019aux besoins de nos clients. Rappelez-vous \u00e9tant jeune, ces vacances, \u00e0 jamais grav\u00e9 dans votre m\u00e9moire, au c\u0153ur d\u2019un camping dans lequel la convivialit\u00e9 primait, voici ce que nous voulons vous offrir. Un cadre id\u00e9al pour que chacun puisse pratiquer diverses activit\u00e9s, qui permettront assur\u00e9ment, et ce qu\u2019importe votre \u00e2ge, de passer du bon temps. Le camping est ouvert d\u2019avril \u00e0 octobre.","breadcrumb":{"@id":"https:\/\/camping-kerisole.fr\/nl\/huishoudelijk-reglement-van-camping-kerisole\/#breadcrumb"},"inLanguage":"nl-NL","potentialAction":[{"@type":"ReadAction","target":["https:\/\/camping-kerisole.fr\/nl\/huishoudelijk-reglement-van-camping-kerisole\/"]}]},{"@type":"BreadcrumbList","@id":"https:\/\/camping-kerisole.fr\/nl\/huishoudelijk-reglement-van-camping-kerisole\/#breadcrumb","itemListElement":[{"@type":"ListItem","position":1,"name":"Accueil","item":"https:\/\/camping-kerisole.fr\/nl\/camping-kerisole-bretagne-sud\/"},{"@type":"ListItem","position":2,"name":"Huishoudelijk Reglement van Camping Kerisole"}]},{"@type":"WebSite","@id":"https:\/\/camping-kerisole.fr\/nl\/#website","url":"https:\/\/camping-kerisole.fr\/nl\/","name":"Camping Kerisole","description":"Un camping unique en Bretagne !","publisher":{"@id":"https:\/\/camping-kerisole.fr\/nl\/#organization"},"potentialAction":[{"@type":"SearchAction","target":{"@type":"EntryPoint","urlTemplate":"https:\/\/camping-kerisole.fr\/nl\/?s={search_term_string}"},"query-input":{"@type":"PropertyValueSpecification","valueRequired":true,"valueName":"search_term_string"}}],"inLanguage":"nl-NL"},{"@type":"Organization","@id":"https:\/\/camping-kerisole.fr\/nl\/#organization","name":"Camping Kerisole***","url":"https:\/\/camping-kerisole.fr\/nl\/","logo":{"@type":"ImageObject","inLanguage":"nl-NL","@id":"https:\/\/camping-kerisole.fr\/nl\/#\/schema\/logo\/image\/","url":"https:\/\/camping-kerisole.fr\/wp-content\/uploads\/2022\/05\/logo-Camping-Kerisole-rectangulaire.png","contentUrl":"https:\/\/camping-kerisole.fr\/wp-content\/uploads\/2022\/05\/logo-Camping-Kerisole-rectangulaire.png","width":1148,"height":766,"caption":"Camping Kerisole***"},"image":{"@id":"https:\/\/camping-kerisole.fr\/nl\/#\/schema\/logo\/image\/"},"sameAs":["http:\/\/www.facebook.com\/campingkerisole"]}]}},"_links":{"self":[{"href":"https:\/\/camping-kerisole.fr\/nl\/wp-json\/wp\/v2\/pages\/8615","targetHints":{"allow":["GET"]}}],"collection":[{"href":"https:\/\/camping-kerisole.fr\/nl\/wp-json\/wp\/v2\/pages"}],"about":[{"href":"https:\/\/camping-kerisole.fr\/nl\/wp-json\/wp\/v2\/types\/page"}],"author":[{"embeddable":true,"href":"https:\/\/camping-kerisole.fr\/nl\/wp-json\/wp\/v2\/users\/6"}],"replies":[{"embeddable":true,"href":"https:\/\/camping-kerisole.fr\/nl\/wp-json\/wp\/v2\/comments?post=8615"}],"version-history":[{"count":2,"href":"https:\/\/camping-kerisole.fr\/nl\/wp-json\/wp\/v2\/pages\/8615\/revisions"}],"predecessor-version":[{"id":11777,"href":"https:\/\/camping-kerisole.fr\/nl\/wp-json\/wp\/v2\/pages\/8615\/revisions\/11777"}],"wp:attachment":[{"href":"https:\/\/camping-kerisole.fr\/nl\/wp-json\/wp\/v2\/media?parent=8615"}],"curies":[{"name":"wp","href":"https:\/\/api.w.org\/{rel}","templated":true}]}}