{"id":2934,"date":"2018-01-18T20:44:51","date_gmt":"2018-01-18T19:44:51","guid":{"rendered":"http:\/\/camping-kerisole.fr\/hebergements\/"},"modified":"2024-04-16T19:00:09","modified_gmt":"2024-04-16T18:00:09","slug":"hebergements","status":"publish","type":"page","link":"https:\/\/camping-kerisole.fr\/hebergements\/","title":{"rendered":"Locations"},"content":{"rendered":"<\/div><\/div><\/div><!-- close content main div --><\/div><\/div><div id='av-layout-grid-1' class='av-layout-grid-container entry-content-wrapper main_color av-flex-cells    container_wrap fullsize'   >\n<div class=\"flex_cell no_margin av_one_half   avia-full-stretch \" style='height:500px; min-height:500px;vertical-align:middle; padding:80px; background-color:#22689e; '><div class='flex_cell_inner' ><p><div style='padding-bottom:25px; color:#ffffff;font-size:34px;' class='av-special-heading av-special-heading-h3 custom-color-heading blockquote modern-quote  av-inherit-size '><div class ='av-subheading av-subheading_above av_custom_color ' style='font-size:15px;'><p>Accueil, chaleureux!<\/p>\n<\/div><h3 class='av-special-heading-tag '  itemprop=\"headline\"  >Louer une tente, une caravane, un mobil-home<\/h3><div class='special-heading-border'><div class='special-heading-inner-border' style='border-color:#ffffff'><\/div><\/div><\/div><br \/>\n<section class=\"av_textblock_section \"  itemscope=\"itemscope\" itemtype=\"https:\/\/schema.org\/CreativeWork\" ><div class='avia_textblock  av_inherit_color '  style='color:#ffffff; '  itemprop=\"text\" ><p>Un mobil-home, une tente \u00e9quip\u00e9e, une caravane : vous trouverez tout cela au Camping Kerisole.<\/p>\n<\/div><\/section><\/p>\n<\/div><\/div><div class=\"flex_cell no_margin av_one_half   avia-full-stretch \" style='height:500px; min-height:500px;background:url(https:\/\/camping-kerisole.fr\/wp-content\/uploads\/2018\/01\/relaxed-1500x1000.jpg) center center no-repeat scroll; vertical-align:middle; padding:80px; background-color:#22689e; '><div class='flex_cell_inner' ><\/div><\/div>\n<\/div>\n<div class='avia-button-wrap avia-button-center '><a href='https:\/\/camping-kerisole.fr\/reservation\/'  class='avia-button av-icon-on-hover  avia-icon_select-yes-right-icon avia-color-red avia-size-large avia-position-center '  target=\"_blank\"   ><span class='avia_iconbox_title' >R\u00e9server maintenant<\/span><span class='avia_button_icon avia_button_icon_right' aria-hidden='true' data-av_icon='\ue881' data-av_iconfont='entypo-fontello'><\/span><\/a><\/div>\n<\/div><\/div><\/div><!-- close content main div --><\/div><\/div><div id='av_section_1' class='avia-section main_color avia-section-default avia-no-shadow avia-bg-style-scroll   container_wrap fullsize' style = 'background-image: '  ><div class='container' ><div class='template-page content  av-content-full alpha units'><div class='post-entry post-entry-type-page post-entry-2934'><div class='entry-content-wrapper clearfix'>\n<div class=\"flex_column av_one_full  flex_column_div av-zero-column-padding first  \" style='border-radius:0px; '><div style='padding-bottom:10px; font-size:34px;' class='av-special-heading av-special-heading-h3  blockquote modern-quote   av-inherit-size '><h3 class='av-special-heading-tag '  itemprop=\"headline\"  >Mobil home<\/h3><div class='special-heading-border'><div class='special-heading-inner-border' ><\/div><\/div><\/div><\/div><div class=\"flex_column av_two_third  flex_column_div av-zero-column-padding first  \" style='border-radius:0px; '><div class='avia-image-container  av-styling-    avia-align-center '  itemprop=\"ImageObject\" itemscope=\"itemscope\" itemtype=\"https:\/\/schema.org\/ImageObject\"  ><div class='avia-image-container-inner'><div class='avia-image-overlay-wrap'><a href='http:\/\/camping-kerisole.fr\/fr\/hebergements\/mobile-home\/' class='avia_image'  ><img class='avia_image ' src='https:\/\/camping-kerisole.fr\/wp-content\/uploads\/2018\/01\/DSC06293.jpg' alt='' title='DSC06293'  itemprop=\"thumbnailUrl\"  \/><\/a><\/div><\/div><\/div><\/div><div class=\"flex_column av_one_third  flex_column_div av-zero-column-padding   \" style='border-radius:0px; '><p><section class=\"av_textblock_section \"  itemscope=\"itemscope\" itemtype=\"https:\/\/schema.org\/CreativeWork\" ><div class='avia_textblock  '   itemprop=\"text\" ><p>Nous avons 16 mobil-homes enti\u00e8rement \u00e9quip\u00e9s pour 4 \u00e0 6 personnes.<\/p>\n<\/div><\/section><br \/>\n<div style='height:25px' class='hr hr-invisible  '><span class='hr-inner ' ><span class='hr-inner-style'><\/span><\/span><\/div><br \/>\n<div class='avia-button-wrap avia-button-left '><a href='https:\/\/camping-kerisole.fr\/mobile-home-douche-wc-terrasse\/'  class='avia-button av-icon-on-hover  avia-icon_select-yes-right-icon avia-color-theme-color avia-size-large avia-position-left '   ><span class='avia_iconbox_title' >Plus d\u2019informations<\/span><span class='avia_button_icon avia_button_icon_right' aria-hidden='true' data-av_icon='\ue881' data-av_iconfont='entypo-fontello'><\/span><\/a><\/div><\/p><\/div><\/div><\/div><\/div><!-- close content main div --><\/div><\/div><div id='av_section_2' class='avia-section main_color avia-section-default avia-no-shadow avia-bg-style-scroll   container_wrap fullsize' style = 'background-image: '  ><div class='container' ><div class='template-page content  av-content-full alpha units'><div class='post-entry post-entry-type-page post-entry-2934'><div class='entry-content-wrapper clearfix'>\n<div class=\"flex_column av_one_full  flex_column_div av-zero-column-padding first  \" style='border-radius:0px; '><div style='padding-bottom:10px; font-size:34px;' class='av-special-heading av-special-heading-h3  blockquote modern-quote   av-inherit-size '><h3 class='av-special-heading-tag '  itemprop=\"headline\"  >Caravane estival<\/h3><div class='special-heading-border'><div class='special-heading-inner-border' ><\/div><\/div><\/div><\/div><div class=\"flex_column av_one_third  flex_column_div av-zero-column-padding first  \" style='border-radius:0px; '><p><section class=\"av_textblock_section \"  itemscope=\"itemscope\" itemtype=\"https:\/\/schema.org\/CreativeWork\" ><div class='avia_textblock  '   itemprop=\"text\" ><p>Nous avons de bons emplacements pour les caravanes et les campeurs, et vous pouvez utiliser l&#8217;\u00e9lectricit\u00e9 (diff\u00e9rentes amp\u00e9rages).<\/p>\n<\/div><\/section><br \/>\n<div style='height:25px' class='hr hr-invisible  '><span class='hr-inner ' ><span class='hr-inner-style'><\/span><\/span><\/div><br \/>\n<div class='avia-button-wrap avia-button-left '><a href='https:\/\/camping-kerisole.fr\/maisons-mobiles-simples\/'  class='avia-button av-icon-on-hover  avia-icon_select-yes-right-icon avia-color-theme-color avia-size-large avia-position-left '   ><span class='avia_iconbox_title' >Plus d\u2019informations<\/span><span class='avia_button_icon avia_button_icon_right' aria-hidden='true' data-av_icon='\ue881' data-av_iconfont='entypo-fontello'><\/span><\/a><\/div><\/p><\/div><div class=\"flex_column av_two_third  flex_column_div av-zero-column-padding   \" style='border-radius:0px; '><div class='avia-image-container  av-styling-    avia-align-center '  itemprop=\"ImageObject\" itemscope=\"itemscope\" itemtype=\"https:\/\/schema.org\/ImageObject\"  ><div class='avia-image-container-inner'><div class='avia-image-overlay-wrap'><a href='http:\/\/camping-kerisole.fr\/fr\/hebergements\/maisons-mobiles-simples\/' class='avia_image'  ><img class='avia_image ' src='https:\/\/camping-kerisole.fr\/wp-content\/uploads\/2018\/01\/DSC06493.jpg' alt='' title='DSC06493'  itemprop=\"thumbnailUrl\"  \/><\/a><\/div><\/div><\/div><\/div><\/div><\/div><\/div><!-- close content main div --><\/div><\/div><div id='av_section_3' class='avia-section main_color avia-section-default avia-no-shadow avia-bg-style-scroll   container_wrap fullsize' style = 'background-image: '  ><div class='container' ><div class='template-page content  av-content-full alpha units'><div class='post-entry post-entry-type-page post-entry-2934'><div class='entry-content-wrapper clearfix'>\n<div class=\"flex_column av_one_full  flex_column_div av-zero-column-padding first  \" style='border-radius:0px; '><div style='padding-bottom:10px; font-size:34px;' class='av-special-heading av-special-heading-h3  blockquote modern-quote   av-inherit-size '><h3 class='av-special-heading-tag '  itemprop=\"headline\"  >Grandes tentes toil\u00e9es<\/h3><div class='special-heading-border'><div class='special-heading-inner-border' ><\/div><\/div><\/div><\/div><div class=\"flex_column av_two_third  flex_column_div av-zero-column-padding first  \" style='border-radius:0px; '><div class='avia-image-container  av-styling-    avia-align-center '  itemprop=\"ImageObject\" itemscope=\"itemscope\" itemtype=\"https:\/\/schema.org\/ImageObject\"  ><div class='avia-image-container-inner'><div class='avia-image-overlay-wrap'><a href='http:\/\/camping-kerisole.fr\/fr\/hebergements\/tentes-fixes\/' class='avia_image'  ><img class='avia_image ' src='https:\/\/camping-kerisole.fr\/wp-content\/uploads\/2018\/01\/IMG_3564-1500x1125.jpg' alt='' title='IMG_3564'  itemprop=\"thumbnailUrl\"  \/><\/a><\/div><\/div><\/div><\/div><div class=\"flex_column av_one_third  flex_column_div av-zero-column-padding   \" style='border-radius:0px; '><p><section class=\"av_textblock_section \"  itemscope=\"itemscope\" itemtype=\"https:\/\/schema.org\/CreativeWork\" ><div class='avia_textblock  '   itemprop=\"text\" ><p>Ces grandes tentes toil\u00e9es avec plancher solide sont spacieuses et conviennent pour un s\u00e9jour court ou long jusqu&#8217;\u00e0 4 personnes.<\/p>\n<\/div><\/section><br \/>\n<div style='height:25px' class='hr hr-invisible  '><span class='hr-inner ' ><span class='hr-inner-style'><\/span><\/span><\/div><br \/>\n<div class='avia-button-wrap avia-button-left '><a href='https:\/\/camping-kerisole.fr\/tente-toilee-chambres-cuisine\/'  class='avia-button av-icon-on-hover  avia-icon_select-yes-right-icon avia-color-theme-color avia-size-large avia-position-left '   ><span class='avia_iconbox_title' >Plus d\u2019informations<\/span><span class='avia_button_icon avia_button_icon_right' aria-hidden='true' data-av_icon='\ue881' data-av_iconfont='entypo-fontello'><\/span><\/a><\/div><\/p><\/div><\/p>\n","protected":false},"excerpt":{"rendered":"","protected":false},"author":6,"featured_media":9083,"parent":0,"menu_order":0,"comment_status":"closed","ping_status":"closed","template":"","meta":{"_exactmetrics_skip_tracking":false,"_exactmetrics_sitenote_active":false,"_exactmetrics_sitenote_note":"","_exactmetrics_sitenote_category":0,"footnotes":""},"class_list":["post-2934","page","type-page","status-publish","has-post-thumbnail","hentry"],"yoast_head":"<!-- This site is optimized with the Yoast SEO plugin v27.3 - https:\/\/yoast.com\/product\/yoast-seo-wordpress\/ -->\n<title>Locations - Camping Kerisole<\/title>\n<meta name=\"description\" content=\"Pour des vacances uniques en Bretagne : Le camping Kerisole*** est un camping convivial et chaleureux. Nous attachons beaucoup d\u2019importance au bien-\u00eatre, ainsi qu\u2019aux besoins de nos clients. Rappelez-vous \u00e9tant jeune, ces vacances, \u00e0 jamais grav\u00e9 dans votre m\u00e9moire, au c\u0153ur d\u2019un camping dans lequel la convivialit\u00e9 primait, voici ce que nous voulons vous offrir. Un cadre id\u00e9al pour que chacun puisse pratiquer diverses activit\u00e9s, qui permettront assur\u00e9ment, et ce qu\u2019importe votre \u00e2ge, de passer du bon temps. Le camping est ouvert d\u2019avril \u00e0 octobre.\" \/>\n<meta name=\"robots\" content=\"index, follow, max-snippet:-1, max-image-preview:large, max-video-preview:-1\" \/>\n<link rel=\"canonical\" href=\"https:\/\/camping-kerisole.fr\/nl\/hebergements\/\" \/>\n<meta property=\"og:locale\" content=\"nl_NL\" \/>\n<meta property=\"og:type\" content=\"article\" \/>\n<meta property=\"og:title\" content=\"Locations - Camping Kerisole\" \/>\n<meta property=\"og:description\" content=\"Pour des vacances uniques en Bretagne : Le camping Kerisole*** est un camping convivial et chaleureux. Nous attachons beaucoup d\u2019importance au bien-\u00eatre, ainsi qu\u2019aux besoins de nos clients. Rappelez-vous \u00e9tant jeune, ces vacances, \u00e0 jamais grav\u00e9 dans votre m\u00e9moire, au c\u0153ur d\u2019un camping dans lequel la convivialit\u00e9 primait, voici ce que nous voulons vous offrir. Un cadre id\u00e9al pour que chacun puisse pratiquer diverses activit\u00e9s, qui permettront assur\u00e9ment, et ce qu\u2019importe votre \u00e2ge, de passer du bon temps. Le camping est ouvert d\u2019avril \u00e0 octobre.\" \/>\n<meta property=\"og:url\" content=\"https:\/\/camping-kerisole.fr\/hebergements\/\" \/>\n<meta property=\"og:site_name\" content=\"Camping Kerisole\" \/>\n<meta property=\"article:publisher\" content=\"http:\/\/www.facebook.com\/campingkerisole\" \/>\n<meta property=\"article:modified_time\" content=\"2024-04-16T18:00:09+00:00\" \/>\n<meta property=\"og:image\" content=\"https:\/\/camping-kerisole.fr\/wp-content\/uploads\/2022\/05\/283309892_1234435140628307_703320276011682277_n-1-scaled.jpg\" \/>\n\t<meta property=\"og:image:width\" content=\"1500\" \/>\n\t<meta property=\"og:image:height\" content=\"675\" \/>\n\t<meta property=\"og:image:type\" content=\"image\/jpeg\" \/>\n<meta name=\"twitter:card\" content=\"summary_large_image\" \/>\n<meta name=\"twitter:label1\" content=\"Geschatte leestijd\" \/>\n\t<meta name=\"twitter:data1\" content=\"10 minuten\" \/>\n<script type=\"application\/ld+json\" class=\"yoast-schema-graph\">{\"@context\":\"https:\\\/\\\/schema.org\",\"@graph\":[{\"@type\":\"WebPage\",\"@id\":\"https:\\\/\\\/camping-kerisole.fr\\\/hebergements\\\/\",\"url\":\"https:\\\/\\\/camping-kerisole.fr\\\/hebergements\\\/\",\"name\":\"Locations - Camping Kerisole\",\"isPartOf\":{\"@id\":\"https:\\\/\\\/camping-kerisole.fr\\\/nl\\\/#website\"},\"primaryImageOfPage\":{\"@id\":\"https:\\\/\\\/camping-kerisole.fr\\\/hebergements\\\/#primaryimage\"},\"image\":{\"@id\":\"https:\\\/\\\/camping-kerisole.fr\\\/hebergements\\\/#primaryimage\"},\"thumbnailUrl\":\"https:\\\/\\\/camping-kerisole.fr\\\/wp-content\\\/uploads\\\/2022\\\/05\\\/283309892_1234435140628307_703320276011682277_n-1-scaled.jpg\",\"datePublished\":\"2018-01-18T19:44:51+00:00\",\"dateModified\":\"2024-04-16T18:00:09+00:00\",\"description\":\"Pour des vacances uniques en Bretagne : Le camping Kerisole*** est un camping convivial et chaleureux. Nous attachons beaucoup d\u2019importance au bien-\u00eatre, ainsi qu\u2019aux besoins de nos clients. Rappelez-vous \u00e9tant jeune, ces vacances, \u00e0 jamais grav\u00e9 dans votre m\u00e9moire, au c\u0153ur d\u2019un camping dans lequel la convivialit\u00e9 primait, voici ce que nous voulons vous offrir. Un cadre id\u00e9al pour que chacun puisse pratiquer diverses activit\u00e9s, qui permettront assur\u00e9ment, et ce qu\u2019importe votre \u00e2ge, de passer du bon temps. Le camping est ouvert d\u2019avril \u00e0 octobre.\",\"breadcrumb\":{\"@id\":\"https:\\\/\\\/camping-kerisole.fr\\\/hebergements\\\/#breadcrumb\"},\"inLanguage\":\"nl-NL\",\"potentialAction\":[{\"@type\":\"ReadAction\",\"target\":[\"https:\\\/\\\/camping-kerisole.fr\\\/hebergements\\\/\"]}]},{\"@type\":\"ImageObject\",\"inLanguage\":\"nl-NL\",\"@id\":\"https:\\\/\\\/camping-kerisole.fr\\\/hebergements\\\/#primaryimage\",\"url\":\"https:\\\/\\\/camping-kerisole.fr\\\/wp-content\\\/uploads\\\/2022\\\/05\\\/283309892_1234435140628307_703320276011682277_n-1-scaled.jpg\",\"contentUrl\":\"https:\\\/\\\/camping-kerisole.fr\\\/wp-content\\\/uploads\\\/2022\\\/05\\\/283309892_1234435140628307_703320276011682277_n-1-scaled.jpg\",\"width\":1500,\"height\":675},{\"@type\":\"BreadcrumbList\",\"@id\":\"https:\\\/\\\/camping-kerisole.fr\\\/hebergements\\\/#breadcrumb\",\"itemListElement\":[{\"@type\":\"ListItem\",\"position\":1,\"name\":\"Accueil\",\"item\":\"https:\\\/\\\/camping-kerisole.fr\\\/nl\\\/camping-kerisole-bretagne-sud\\\/\"},{\"@type\":\"ListItem\",\"position\":2,\"name\":\"Locations\"}]},{\"@type\":\"WebSite\",\"@id\":\"https:\\\/\\\/camping-kerisole.fr\\\/nl\\\/#website\",\"url\":\"https:\\\/\\\/camping-kerisole.fr\\\/nl\\\/\",\"name\":\"Camping Kerisole\",\"description\":\"Un camping unique en Bretagne !\",\"publisher\":{\"@id\":\"https:\\\/\\\/camping-kerisole.fr\\\/nl\\\/#organization\"},\"potentialAction\":[{\"@type\":\"SearchAction\",\"target\":{\"@type\":\"EntryPoint\",\"urlTemplate\":\"https:\\\/\\\/camping-kerisole.fr\\\/nl\\\/?s={search_term_string}\"},\"query-input\":{\"@type\":\"PropertyValueSpecification\",\"valueRequired\":true,\"valueName\":\"search_term_string\"}}],\"inLanguage\":\"nl-NL\"},{\"@type\":\"Organization\",\"@id\":\"https:\\\/\\\/camping-kerisole.fr\\\/nl\\\/#organization\",\"name\":\"Camping Kerisole***\",\"url\":\"https:\\\/\\\/camping-kerisole.fr\\\/nl\\\/\",\"logo\":{\"@type\":\"ImageObject\",\"inLanguage\":\"nl-NL\",\"@id\":\"https:\\\/\\\/camping-kerisole.fr\\\/nl\\\/#\\\/schema\\\/logo\\\/image\\\/\",\"url\":\"https:\\\/\\\/camping-kerisole.fr\\\/wp-content\\\/uploads\\\/2022\\\/05\\\/logo-Camping-Kerisole-rectangulaire.png\",\"contentUrl\":\"https:\\\/\\\/camping-kerisole.fr\\\/wp-content\\\/uploads\\\/2022\\\/05\\\/logo-Camping-Kerisole-rectangulaire.png\",\"width\":1148,\"height\":766,\"caption\":\"Camping Kerisole***\"},\"image\":{\"@id\":\"https:\\\/\\\/camping-kerisole.fr\\\/nl\\\/#\\\/schema\\\/logo\\\/image\\\/\"},\"sameAs\":[\"http:\\\/\\\/www.facebook.com\\\/campingkerisole\"]}]}<\/script>\n<!-- \/ Yoast SEO plugin. -->","yoast_head_json":{"title":"Locations - Camping Kerisole","description":"Pour des vacances uniques en Bretagne : Le camping Kerisole*** est un camping convivial et chaleureux. Nous attachons beaucoup d\u2019importance au bien-\u00eatre, ainsi qu\u2019aux besoins de nos clients. Rappelez-vous \u00e9tant jeune, ces vacances, \u00e0 jamais grav\u00e9 dans votre m\u00e9moire, au c\u0153ur d\u2019un camping dans lequel la convivialit\u00e9 primait, voici ce que nous voulons vous offrir. Un cadre id\u00e9al pour que chacun puisse pratiquer diverses activit\u00e9s, qui permettront assur\u00e9ment, et ce qu\u2019importe votre \u00e2ge, de passer du bon temps. Le camping est ouvert d\u2019avril \u00e0 octobre.","robots":{"index":"index","follow":"follow","max-snippet":"max-snippet:-1","max-image-preview":"max-image-preview:large","max-video-preview":"max-video-preview:-1"},"canonical":"https:\/\/camping-kerisole.fr\/nl\/hebergements\/","og_locale":"nl_NL","og_type":"article","og_title":"Locations - Camping Kerisole","og_description":"Pour des vacances uniques en Bretagne : Le camping Kerisole*** est un camping convivial et chaleureux. Nous attachons beaucoup d\u2019importance au bien-\u00eatre, ainsi qu\u2019aux besoins de nos clients. Rappelez-vous \u00e9tant jeune, ces vacances, \u00e0 jamais grav\u00e9 dans votre m\u00e9moire, au c\u0153ur d\u2019un camping dans lequel la convivialit\u00e9 primait, voici ce que nous voulons vous offrir. Un cadre id\u00e9al pour que chacun puisse pratiquer diverses activit\u00e9s, qui permettront assur\u00e9ment, et ce qu\u2019importe votre \u00e2ge, de passer du bon temps. Le camping est ouvert d\u2019avril \u00e0 octobre.","og_url":"https:\/\/camping-kerisole.fr\/hebergements\/","og_site_name":"Camping Kerisole","article_publisher":"http:\/\/www.facebook.com\/campingkerisole","article_modified_time":"2024-04-16T18:00:09+00:00","og_image":[{"width":1500,"height":675,"url":"https:\/\/camping-kerisole.fr\/wp-content\/uploads\/2022\/05\/283309892_1234435140628307_703320276011682277_n-1-scaled.jpg","type":"image\/jpeg"}],"twitter_card":"summary_large_image","twitter_misc":{"Geschatte leestijd":"10 minuten"},"schema":{"@context":"https:\/\/schema.org","@graph":[{"@type":"WebPage","@id":"https:\/\/camping-kerisole.fr\/hebergements\/","url":"https:\/\/camping-kerisole.fr\/hebergements\/","name":"Locations - Camping Kerisole","isPartOf":{"@id":"https:\/\/camping-kerisole.fr\/nl\/#website"},"primaryImageOfPage":{"@id":"https:\/\/camping-kerisole.fr\/hebergements\/#primaryimage"},"image":{"@id":"https:\/\/camping-kerisole.fr\/hebergements\/#primaryimage"},"thumbnailUrl":"https:\/\/camping-kerisole.fr\/wp-content\/uploads\/2022\/05\/283309892_1234435140628307_703320276011682277_n-1-scaled.jpg","datePublished":"2018-01-18T19:44:51+00:00","dateModified":"2024-04-16T18:00:09+00:00","description":"Pour des vacances uniques en Bretagne : Le camping Kerisole*** est un camping convivial et chaleureux. Nous attachons beaucoup d\u2019importance au bien-\u00eatre, ainsi qu\u2019aux besoins de nos clients. Rappelez-vous \u00e9tant jeune, ces vacances, \u00e0 jamais grav\u00e9 dans votre m\u00e9moire, au c\u0153ur d\u2019un camping dans lequel la convivialit\u00e9 primait, voici ce que nous voulons vous offrir. Un cadre id\u00e9al pour que chacun puisse pratiquer diverses activit\u00e9s, qui permettront assur\u00e9ment, et ce qu\u2019importe votre \u00e2ge, de passer du bon temps. Le camping est ouvert d\u2019avril \u00e0 octobre.","breadcrumb":{"@id":"https:\/\/camping-kerisole.fr\/hebergements\/#breadcrumb"},"inLanguage":"nl-NL","potentialAction":[{"@type":"ReadAction","target":["https:\/\/camping-kerisole.fr\/hebergements\/"]}]},{"@type":"ImageObject","inLanguage":"nl-NL","@id":"https:\/\/camping-kerisole.fr\/hebergements\/#primaryimage","url":"https:\/\/camping-kerisole.fr\/wp-content\/uploads\/2022\/05\/283309892_1234435140628307_703320276011682277_n-1-scaled.jpg","contentUrl":"https:\/\/camping-kerisole.fr\/wp-content\/uploads\/2022\/05\/283309892_1234435140628307_703320276011682277_n-1-scaled.jpg","width":1500,"height":675},{"@type":"BreadcrumbList","@id":"https:\/\/camping-kerisole.fr\/hebergements\/#breadcrumb","itemListElement":[{"@type":"ListItem","position":1,"name":"Accueil","item":"https:\/\/camping-kerisole.fr\/nl\/camping-kerisole-bretagne-sud\/"},{"@type":"ListItem","position":2,"name":"Locations"}]},{"@type":"WebSite","@id":"https:\/\/camping-kerisole.fr\/nl\/#website","url":"https:\/\/camping-kerisole.fr\/nl\/","name":"Camping Kerisole","description":"Un camping unique en Bretagne !","publisher":{"@id":"https:\/\/camping-kerisole.fr\/nl\/#organization"},"potentialAction":[{"@type":"SearchAction","target":{"@type":"EntryPoint","urlTemplate":"https:\/\/camping-kerisole.fr\/nl\/?s={search_term_string}"},"query-input":{"@type":"PropertyValueSpecification","valueRequired":true,"valueName":"search_term_string"}}],"inLanguage":"nl-NL"},{"@type":"Organization","@id":"https:\/\/camping-kerisole.fr\/nl\/#organization","name":"Camping Kerisole***","url":"https:\/\/camping-kerisole.fr\/nl\/","logo":{"@type":"ImageObject","inLanguage":"nl-NL","@id":"https:\/\/camping-kerisole.fr\/nl\/#\/schema\/logo\/image\/","url":"https:\/\/camping-kerisole.fr\/wp-content\/uploads\/2022\/05\/logo-Camping-Kerisole-rectangulaire.png","contentUrl":"https:\/\/camping-kerisole.fr\/wp-content\/uploads\/2022\/05\/logo-Camping-Kerisole-rectangulaire.png","width":1148,"height":766,"caption":"Camping Kerisole***"},"image":{"@id":"https:\/\/camping-kerisole.fr\/nl\/#\/schema\/logo\/image\/"},"sameAs":["http:\/\/www.facebook.com\/campingkerisole"]}]}},"_links":{"self":[{"href":"https:\/\/camping-kerisole.fr\/nl\/wp-json\/wp\/v2\/pages\/2934","targetHints":{"allow":["GET"]}}],"collection":[{"href":"https:\/\/camping-kerisole.fr\/nl\/wp-json\/wp\/v2\/pages"}],"about":[{"href":"https:\/\/camping-kerisole.fr\/nl\/wp-json\/wp\/v2\/types\/page"}],"author":[{"embeddable":true,"href":"https:\/\/camping-kerisole.fr\/nl\/wp-json\/wp\/v2\/users\/6"}],"replies":[{"embeddable":true,"href":"https:\/\/camping-kerisole.fr\/nl\/wp-json\/wp\/v2\/comments?post=2934"}],"version-history":[{"count":2,"href":"https:\/\/camping-kerisole.fr\/nl\/wp-json\/wp\/v2\/pages\/2934\/revisions"}],"predecessor-version":[{"id":11211,"href":"https:\/\/camping-kerisole.fr\/nl\/wp-json\/wp\/v2\/pages\/2934\/revisions\/11211"}],"wp:featuredmedia":[{"embeddable":true,"href":"https:\/\/camping-kerisole.fr\/nl\/wp-json\/wp\/v2\/media\/9083"}],"wp:attachment":[{"href":"https:\/\/camping-kerisole.fr\/nl\/wp-json\/wp\/v2\/media?parent=2934"}],"curies":[{"name":"wp","href":"https:\/\/api.w.org\/{rel}","templated":true}]}}