{"id":11511,"date":"2024-07-06T15:36:56","date_gmt":"2024-07-06T14:36:56","guid":{"rendered":"https:\/\/camping-kerisole.fr\/elektrische-fietsen\/"},"modified":"2024-07-08T18:55:42","modified_gmt":"2024-07-08T17:55:42","slug":"elektrische-fietsen","status":"publish","type":"page","link":"https:\/\/camping-kerisole.fr\/nl\/elektrische-fietsen\/","title":{"rendered":"Elektrische fietsen"},"content":{"rendered":"<div class='avia-image-container  av-styling-    avia-align-center '  itemprop=\"ImageObject\" itemscope=\"itemscope\" itemtype=\"https:\/\/schema.org\/ImageObject\"  ><div class='avia-image-container-inner'><div class='avia-image-overlay-wrap'><a href='https:\/\/camping-kerisole.fr\/nl\/reservering\/' class='avia_image'   target=\"_blank\" ><img class='avia_image ' src='https:\/\/camping-kerisole.fr\/wp-content\/uploads\/2024\/07\/Velo-electrique-300x150.png' alt='' title='V\u00e9lo \u00e9lectrique'  itemprop=\"thumbnailUrl\"  \/><\/a><\/div><\/div><\/div>\n<section class=\"av_textblock_section \"  itemscope=\"itemscope\" itemtype=\"https:\/\/schema.org\/CreativeWork\" ><div class='avia_textblock  '   itemprop=\"text\" ><p style=\"text-align: justify;\"><span style=\"color: #33cccc;\"><em>Om uw verblijf op Camping Kerisole*** nog aangenamer te maken, bieden wij u, afhankelijk van de beschikbaarheid, elektrische fietsen aan die u voor een dag of een week kunt huren. U kunt ze <a href=\"https:\/\/camping-kerisole.fr\/nl\/reservering\/\">reserveren<\/a>, rechtstreeks <a href=\"https:\/\/camping-kerisole.fr\/nl\/reservering\/\">op onze site <\/a>of <a href=\"mailto:info@camping-kerisole.fr\">door ons een e-mail te sturen<\/a>. De fietsen zijn voorzien van een accu met een lange levensduur, lekvrije banden, een mandje en een antidiefstalapparaat. Je kunt ook een fietshelm huren.<\/em><\/span><\/p>\n<p>Verhuur van een elektrische fiets met mand en slot vari\u00ebrend van een dag voor \u20ac35 tot een week voor \u20ac155.<\/p>\n<p>Huur van een fietshelm voor volwassenen vanaf \u20ac 5.<\/p>\n<p>=&gt; Ophalen van de fiets: tussen 8.00 en 10.00 uur<\/p>\n<p>=&gt; Teruggave van de fiets: tussen 15.00 uur<\/p>\n<p>Borg: \u20ac 900\/fiets<\/p>\n<\/div><\/section>\n<div class='avia-data-table-wrap avia_responsive_table'><table class='avia-table avia-data-table avia-table-1  avia_pricing_minimal '  itemscope=\"itemscope\" itemtype=\"https:\/\/schema.org\/Table\" ><tbody><tr class='avia-heading-row'><th class='avia-center-col'>Duur van de huur<\/th><th class='avia-center-col'>Verhuur van een elektrische fiets met mand en slot <\/th><th class='avia-center-col'>Verhuur van een elektrische fiets met mand en slot <\/th><\/tr><tr class=''><td class='avia-center-col'>1 dag<\/td><td class='avia-center-col'>35\u20ac<\/td><td class='avia-center-col'>5\u20ac<\/td><\/tr><tr class=''><td class='avia-center-col'>2 dagen<\/td><td class='avia-center-col'>62\u20ac<\/td><td class='avia-center-col'>6\u20ac<\/td><\/tr><tr class=''><td class='avia-center-col'>3 dagen<\/td><td class='avia-center-col'>84\u20ac<\/td><td class='avia-center-col'>7\u20ac<\/td><\/tr><tr class=''><td class='avia-center-col'>4 dagen<\/td><td class='avia-center-col'>106\u20ac<\/td><td class='avia-center-col'>8\u20ac<\/td><\/tr><tr class=''><td class='avia-center-col'>5 dagen<\/td><td class='avia-center-col'>127\u20ac<\/td><td class='avia-center-col'>9\u20ac<\/td><\/tr><tr class=''><td class='avia-center-col'>6 dagen<\/td><td class='avia-center-col'>143\u20ac<\/td><td class='avia-center-col'>10\u20ac<\/td><\/tr><tr class=''><td class='avia-center-col'>7 dagen<\/td><td class='avia-center-col'>155\u20ac<\/td><td class='avia-center-col'>11\u20ac<\/td><\/tr><\/tbody><\/table><\/div><style type='text\/css'>.avia-table-1 td:nth-of-type(1):before { content: 'Duur van de huur'; } .avia-table-1 td:nth-of-type(2):before { content: 'Verhuur van een elektrische fiets met mand en slot '; } .avia-table-1 td:nth-of-type(3):before { content: 'Verhuur van een elektrische fiets met mand en slot '; } <\/style>\n<section class=\"av_textblock_section \"  itemscope=\"itemscope\" itemtype=\"https:\/\/schema.org\/CreativeWork\" ><div class='avia_textblock  '   itemprop=\"text\" ><h4>Fietsverhuur op Camping Kerisole***<\/h4>\n<p style=\"text-align: justify;\">Wilt u de omgeving van Finist\u00e8re per fiets ontdekken? Profiteer van de fietsverhuurservice op Camping Kerisole***. Huur tijdens uw vakantie een elektrische fiets om aan al uw excursiewensen te voldoen.<\/p>\n<p style=\"text-align: justify;\">Door v\u00f3\u00f3r uw aankomst online te reserveren, vindt u uw fiets klaar voor gebruik en nodigt u uit om de Voie Verte nr. 7 te verkennen die vlak voor Camping Kerisole*** passeert, evenals de V\u00e9lo Promenades, de pittoreske dorpjes zoals Concarneau, Pont-Aven, Quimperl\u00e9, Carhaix en nog veel meer. De hoogwaardige fietsen van V\u00e9loc\u2019Ouest, erkend in het Grote Westen, zorgen voor comfort en kwaliteit tijdens uw uitje.<\/p>\n<p style=\"text-align: justify;\">Bewonder onze prachtige landschappen tijdens een ontspannen wandeling of een sportief avontuur! Bestuur uw fietsvakantie en beleef een onvergetelijke ervaring..<\/p>\n<p style=\"text-align: justify;\">Door <a href=\"https:\/\/camping-kerisole.fr\/nl\/reservering\/\">eenvoudig online te boeken<\/a>, biedt fietsverhuur op Camping Kerisole*** u totale gemoedsrust tijdens uw verblijf in Breton.<\/p>\n<p style=\"text-align: justify;\">Kies voor het plezier van een fietstocht over de Bretonse wegen, verken de schatten van de regio en geniet van uw vakantie op twee wielen. Klaar, klaar? Pedaal!<\/p>\n<p style=\"text-align: justify;\">Vind <a href=\"https:\/\/camping-kerisole.fr\/nl\/wandelen-en-fietsen\/\"><strong><u>hier <\/u><\/strong><\/a>enkele idee\u00ebn voor fietsroutes rond Camping Kerisole*** in samenwerking met Accueil V\u00e9lo en het VVV-kantoor van Quimperl\u00e9 les rias.<\/p>\n<\/div><\/section>\n","protected":false},"excerpt":{"rendered":"","protected":false},"author":6,"featured_media":11491,"parent":0,"menu_order":0,"comment_status":"closed","ping_status":"closed","template":"","meta":{"_exactmetrics_skip_tracking":false,"_exactmetrics_sitenote_active":false,"_exactmetrics_sitenote_note":"","_exactmetrics_sitenote_category":0,"footnotes":""},"class_list":["post-11511","page","type-page","status-publish","has-post-thumbnail","hentry"],"yoast_head":"<!-- This site is optimized with the Yoast SEO plugin v27.4 - https:\/\/yoast.com\/product\/yoast-seo-wordpress\/ -->\n<title>Elektrische fietsen - Camping Kerisole<\/title>\n<meta name=\"description\" content=\"Om uw verblijf op onze camping Kerisole*** nog aangenamer te maken, kunt u altijd elektrische fietsen huren voor een dag of zelfs een week.\" \/>\n<meta name=\"robots\" content=\"index, follow, max-snippet:-1, max-image-preview:large, max-video-preview:-1\" \/>\n<link rel=\"canonical\" href=\"https:\/\/camping-kerisole.fr\/nl\/elektrische-fietsen\/\" \/>\n<meta property=\"og:locale\" content=\"nl_NL\" \/>\n<meta property=\"og:type\" content=\"article\" \/>\n<meta property=\"og:title\" content=\"Elektrische fietsen - Camping Kerisole\" \/>\n<meta property=\"og:description\" content=\"Om uw verblijf op onze camping Kerisole*** nog aangenamer te maken, kunt u altijd elektrische fietsen huren voor een dag of zelfs een week.\" \/>\n<meta property=\"og:url\" content=\"https:\/\/camping-kerisole.fr\/nl\/elektrische-fietsen\/\" \/>\n<meta property=\"og:site_name\" content=\"Camping Kerisole\" \/>\n<meta property=\"article:publisher\" content=\"http:\/\/www.facebook.com\/campingkerisole\" \/>\n<meta property=\"article:modified_time\" content=\"2024-07-08T17:55:42+00:00\" \/>\n<meta property=\"og:image\" content=\"https:\/\/camping-kerisole.fr\/wp-content\/uploads\/2024\/07\/Velo-electrique.png\" \/>\n\t<meta property=\"og:image:width\" content=\"965\" \/>\n\t<meta property=\"og:image:height\" content=\"483\" \/>\n\t<meta property=\"og:image:type\" content=\"image\/png\" \/>\n<meta name=\"twitter:card\" content=\"summary_large_image\" \/>\n<meta name=\"twitter:label1\" content=\"Geschatte leestijd\" \/>\n\t<meta name=\"twitter:data1\" content=\"4 minuten\" \/>\n<script type=\"application\/ld+json\" class=\"yoast-schema-graph\">{\"@context\":\"https:\\\/\\\/schema.org\",\"@graph\":[{\"@type\":\"WebPage\",\"@id\":\"https:\\\/\\\/camping-kerisole.fr\\\/nl\\\/elektrische-fietsen\\\/\",\"url\":\"https:\\\/\\\/camping-kerisole.fr\\\/nl\\\/elektrische-fietsen\\\/\",\"name\":\"Elektrische fietsen - Camping Kerisole\",\"isPartOf\":{\"@id\":\"https:\\\/\\\/camping-kerisole.fr\\\/nl\\\/#website\"},\"primaryImageOfPage\":{\"@id\":\"https:\\\/\\\/camping-kerisole.fr\\\/nl\\\/elektrische-fietsen\\\/#primaryimage\"},\"image\":{\"@id\":\"https:\\\/\\\/camping-kerisole.fr\\\/nl\\\/elektrische-fietsen\\\/#primaryimage\"},\"thumbnailUrl\":\"https:\\\/\\\/camping-kerisole.fr\\\/wp-content\\\/uploads\\\/2024\\\/07\\\/Velo-electrique.png\",\"datePublished\":\"2024-07-06T14:36:56+00:00\",\"dateModified\":\"2024-07-08T17:55:42+00:00\",\"description\":\"Om uw verblijf op onze camping Kerisole*** nog aangenamer te maken, kunt u altijd elektrische fietsen huren voor een dag of zelfs een week.\",\"breadcrumb\":{\"@id\":\"https:\\\/\\\/camping-kerisole.fr\\\/nl\\\/elektrische-fietsen\\\/#breadcrumb\"},\"inLanguage\":\"nl-NL\",\"potentialAction\":[{\"@type\":\"ReadAction\",\"target\":[\"https:\\\/\\\/camping-kerisole.fr\\\/nl\\\/elektrische-fietsen\\\/\"]}]},{\"@type\":\"ImageObject\",\"inLanguage\":\"nl-NL\",\"@id\":\"https:\\\/\\\/camping-kerisole.fr\\\/nl\\\/elektrische-fietsen\\\/#primaryimage\",\"url\":\"https:\\\/\\\/camping-kerisole.fr\\\/wp-content\\\/uploads\\\/2024\\\/07\\\/Velo-electrique.png\",\"contentUrl\":\"https:\\\/\\\/camping-kerisole.fr\\\/wp-content\\\/uploads\\\/2024\\\/07\\\/Velo-electrique.png\",\"width\":965,\"height\":483},{\"@type\":\"BreadcrumbList\",\"@id\":\"https:\\\/\\\/camping-kerisole.fr\\\/nl\\\/elektrische-fietsen\\\/#breadcrumb\",\"itemListElement\":[{\"@type\":\"ListItem\",\"position\":1,\"name\":\"Accueil\",\"item\":\"https:\\\/\\\/camping-kerisole.fr\\\/nl\\\/camping-kerisole-bretagne-sud\\\/\"},{\"@type\":\"ListItem\",\"position\":2,\"name\":\"Elektrische fietsen\"}]},{\"@type\":\"WebSite\",\"@id\":\"https:\\\/\\\/camping-kerisole.fr\\\/nl\\\/#website\",\"url\":\"https:\\\/\\\/camping-kerisole.fr\\\/nl\\\/\",\"name\":\"Camping Kerisole\",\"description\":\"Un camping unique en Bretagne !\",\"publisher\":{\"@id\":\"https:\\\/\\\/camping-kerisole.fr\\\/nl\\\/#organization\"},\"potentialAction\":[{\"@type\":\"SearchAction\",\"target\":{\"@type\":\"EntryPoint\",\"urlTemplate\":\"https:\\\/\\\/camping-kerisole.fr\\\/nl\\\/?s={search_term_string}\"},\"query-input\":{\"@type\":\"PropertyValueSpecification\",\"valueRequired\":true,\"valueName\":\"search_term_string\"}}],\"inLanguage\":\"nl-NL\"},{\"@type\":\"Organization\",\"@id\":\"https:\\\/\\\/camping-kerisole.fr\\\/nl\\\/#organization\",\"name\":\"Camping Kerisole***\",\"url\":\"https:\\\/\\\/camping-kerisole.fr\\\/nl\\\/\",\"logo\":{\"@type\":\"ImageObject\",\"inLanguage\":\"nl-NL\",\"@id\":\"https:\\\/\\\/camping-kerisole.fr\\\/nl\\\/#\\\/schema\\\/logo\\\/image\\\/\",\"url\":\"https:\\\/\\\/camping-kerisole.fr\\\/wp-content\\\/uploads\\\/2022\\\/05\\\/logo-Camping-Kerisole-rectangulaire.png\",\"contentUrl\":\"https:\\\/\\\/camping-kerisole.fr\\\/wp-content\\\/uploads\\\/2022\\\/05\\\/logo-Camping-Kerisole-rectangulaire.png\",\"width\":1148,\"height\":766,\"caption\":\"Camping Kerisole***\"},\"image\":{\"@id\":\"https:\\\/\\\/camping-kerisole.fr\\\/nl\\\/#\\\/schema\\\/logo\\\/image\\\/\"},\"sameAs\":[\"http:\\\/\\\/www.facebook.com\\\/campingkerisole\"]}]}<\/script>\n<!-- \/ Yoast SEO plugin. -->","yoast_head_json":{"title":"Elektrische fietsen - Camping Kerisole","description":"Om uw verblijf op onze camping Kerisole*** nog aangenamer te maken, kunt u altijd elektrische fietsen huren voor een dag of zelfs een week.","robots":{"index":"index","follow":"follow","max-snippet":"max-snippet:-1","max-image-preview":"max-image-preview:large","max-video-preview":"max-video-preview:-1"},"canonical":"https:\/\/camping-kerisole.fr\/nl\/elektrische-fietsen\/","og_locale":"nl_NL","og_type":"article","og_title":"Elektrische fietsen - Camping Kerisole","og_description":"Om uw verblijf op onze camping Kerisole*** nog aangenamer te maken, kunt u altijd elektrische fietsen huren voor een dag of zelfs een week.","og_url":"https:\/\/camping-kerisole.fr\/nl\/elektrische-fietsen\/","og_site_name":"Camping Kerisole","article_publisher":"http:\/\/www.facebook.com\/campingkerisole","article_modified_time":"2024-07-08T17:55:42+00:00","og_image":[{"width":965,"height":483,"url":"https:\/\/camping-kerisole.fr\/wp-content\/uploads\/2024\/07\/Velo-electrique.png","type":"image\/png"}],"twitter_card":"summary_large_image","twitter_misc":{"Geschatte leestijd":"4 minuten"},"schema":{"@context":"https:\/\/schema.org","@graph":[{"@type":"WebPage","@id":"https:\/\/camping-kerisole.fr\/nl\/elektrische-fietsen\/","url":"https:\/\/camping-kerisole.fr\/nl\/elektrische-fietsen\/","name":"Elektrische fietsen - Camping Kerisole","isPartOf":{"@id":"https:\/\/camping-kerisole.fr\/nl\/#website"},"primaryImageOfPage":{"@id":"https:\/\/camping-kerisole.fr\/nl\/elektrische-fietsen\/#primaryimage"},"image":{"@id":"https:\/\/camping-kerisole.fr\/nl\/elektrische-fietsen\/#primaryimage"},"thumbnailUrl":"https:\/\/camping-kerisole.fr\/wp-content\/uploads\/2024\/07\/Velo-electrique.png","datePublished":"2024-07-06T14:36:56+00:00","dateModified":"2024-07-08T17:55:42+00:00","description":"Om uw verblijf op onze camping Kerisole*** nog aangenamer te maken, kunt u altijd elektrische fietsen huren voor een dag of zelfs een week.","breadcrumb":{"@id":"https:\/\/camping-kerisole.fr\/nl\/elektrische-fietsen\/#breadcrumb"},"inLanguage":"nl-NL","potentialAction":[{"@type":"ReadAction","target":["https:\/\/camping-kerisole.fr\/nl\/elektrische-fietsen\/"]}]},{"@type":"ImageObject","inLanguage":"nl-NL","@id":"https:\/\/camping-kerisole.fr\/nl\/elektrische-fietsen\/#primaryimage","url":"https:\/\/camping-kerisole.fr\/wp-content\/uploads\/2024\/07\/Velo-electrique.png","contentUrl":"https:\/\/camping-kerisole.fr\/wp-content\/uploads\/2024\/07\/Velo-electrique.png","width":965,"height":483},{"@type":"BreadcrumbList","@id":"https:\/\/camping-kerisole.fr\/nl\/elektrische-fietsen\/#breadcrumb","itemListElement":[{"@type":"ListItem","position":1,"name":"Accueil","item":"https:\/\/camping-kerisole.fr\/nl\/camping-kerisole-bretagne-sud\/"},{"@type":"ListItem","position":2,"name":"Elektrische fietsen"}]},{"@type":"WebSite","@id":"https:\/\/camping-kerisole.fr\/nl\/#website","url":"https:\/\/camping-kerisole.fr\/nl\/","name":"Camping Kerisole","description":"Un camping unique en Bretagne !","publisher":{"@id":"https:\/\/camping-kerisole.fr\/nl\/#organization"},"potentialAction":[{"@type":"SearchAction","target":{"@type":"EntryPoint","urlTemplate":"https:\/\/camping-kerisole.fr\/nl\/?s={search_term_string}"},"query-input":{"@type":"PropertyValueSpecification","valueRequired":true,"valueName":"search_term_string"}}],"inLanguage":"nl-NL"},{"@type":"Organization","@id":"https:\/\/camping-kerisole.fr\/nl\/#organization","name":"Camping Kerisole***","url":"https:\/\/camping-kerisole.fr\/nl\/","logo":{"@type":"ImageObject","inLanguage":"nl-NL","@id":"https:\/\/camping-kerisole.fr\/nl\/#\/schema\/logo\/image\/","url":"https:\/\/camping-kerisole.fr\/wp-content\/uploads\/2022\/05\/logo-Camping-Kerisole-rectangulaire.png","contentUrl":"https:\/\/camping-kerisole.fr\/wp-content\/uploads\/2022\/05\/logo-Camping-Kerisole-rectangulaire.png","width":1148,"height":766,"caption":"Camping Kerisole***"},"image":{"@id":"https:\/\/camping-kerisole.fr\/nl\/#\/schema\/logo\/image\/"},"sameAs":["http:\/\/www.facebook.com\/campingkerisole"]}]}},"_links":{"self":[{"href":"https:\/\/camping-kerisole.fr\/nl\/wp-json\/wp\/v2\/pages\/11511","targetHints":{"allow":["GET"]}}],"collection":[{"href":"https:\/\/camping-kerisole.fr\/nl\/wp-json\/wp\/v2\/pages"}],"about":[{"href":"https:\/\/camping-kerisole.fr\/nl\/wp-json\/wp\/v2\/types\/page"}],"author":[{"embeddable":true,"href":"https:\/\/camping-kerisole.fr\/nl\/wp-json\/wp\/v2\/users\/6"}],"replies":[{"embeddable":true,"href":"https:\/\/camping-kerisole.fr\/nl\/wp-json\/wp\/v2\/comments?post=11511"}],"version-history":[{"count":6,"href":"https:\/\/camping-kerisole.fr\/nl\/wp-json\/wp\/v2\/pages\/11511\/revisions"}],"predecessor-version":[{"id":11559,"href":"https:\/\/camping-kerisole.fr\/nl\/wp-json\/wp\/v2\/pages\/11511\/revisions\/11559"}],"wp:featuredmedia":[{"embeddable":true,"href":"https:\/\/camping-kerisole.fr\/nl\/wp-json\/wp\/v2\/media\/11491"}],"wp:attachment":[{"href":"https:\/\/camping-kerisole.fr\/nl\/wp-json\/wp\/v2\/media?parent=11511"}],"curies":[{"name":"wp","href":"https:\/\/api.w.org\/{rel}","templated":true}]}}