{"id":10540,"date":"2023-07-02T10:53:06","date_gmt":"2023-07-02T09:53:06","guid":{"rendered":"https:\/\/camping-kerisole.fr\/annuleringsverzekering\/"},"modified":"2023-07-03T13:41:29","modified_gmt":"2023-07-03T12:41:29","slug":"annuleringsverzekering","status":"publish","type":"page","link":"https:\/\/camping-kerisole.fr\/nl\/annuleringsverzekering\/","title":{"rendered":"Annuleringsverzekering"},"content":{"rendered":"<div class=\"flex_column av_one_full  flex_column_div av-zero-column-padding first  \" style='border-radius:0px; '><div class='avia-image-container  av-styling-    avia-align-center '  itemprop=\"ImageObject\" itemscope=\"itemscope\" itemtype=\"https:\/\/schema.org\/ImageObject\"  ><div class='avia-image-container-inner'><div class='avia-image-overlay-wrap'><img class='avia_image ' src='https:\/\/camping-kerisole.fr\/wp-content\/uploads\/2022\/05\/283309892_1234435140628307_703320276011682277_n-1-300x135.jpg' alt='' title='283309892_1234435140628307_703320276011682277_n' height=\"135\"width=\"300\"  itemprop=\"thumbnailUrl\"  \/><\/div><\/div><\/div><\/div>\n<section class=\"av_textblock_section \"  itemscope=\"itemscope\" itemtype=\"https:\/\/schema.org\/CreativeWork\" ><div class='avia_textblock  '   itemprop=\"text\" ><h3>Kies voor rust:<\/h3>\n<h2>Geen stress met Meetch reisannuleringsverzekering<\/h2>\n<p>U kunt uw verblijf op onze camping Kerisole *** boeken met een echte annuleringsverzekering: menselijk, bereikbaar en beschikbaar, twee &#8220;klikken&#8221; en het is geabonneerd om geen extra formulieren in te vullen! En als het nodig is, staan wij aan uw zijde, dit is normaal.<\/p>\n<p>=&gt; U kunt\u00a0 de <a href=\"https:\/\/legal.meetch.io\/travel\/prod_nAqVwM207rla\/Notice_d'information.pdf\">informatiebrief<\/a> en het <a href=\"https:\/\/legal.meetch.io\/travel\/prod_nAqVwM207rla\/IPID_fr.pdf\">informatiedocument<\/a> hier bekijken.<\/p>\n<\/div><\/section>\n<div class='avia-button-wrap avia-button-center '><a href='https:\/\/camping-kerisole.fr\/nl\/reservering\/'  class='avia-button av-icon-on-hover  avia-icon_select-yes-right-icon avia-color-red avia-size-large avia-position-center '  target=\"_blank\"   ><span class='avia_iconbox_title' >Reserveer nu<\/span><span class='avia_button_icon avia_button_icon_right' aria-hidden='true' data-av_icon='\ue881' data-av_iconfont='entypo-fontello'><\/span><\/a><\/div>\n<section class=\"av_textblock_section \"  itemscope=\"itemscope\" itemtype=\"https:\/\/schema.org\/CreativeWork\" ><div class='avia_textblock  '   itemprop=\"text\" ><h3>Garanties:<\/h3>\n<p>ANNULERINGSKOSTEN<\/p>\n<p>Wiens:<\/p>\n<ul>\n<li>Annulering voor kritieke ziekte (inclusief kritieke ziekte als gevolg van epidemie of pandemie)<\/li>\n<li>Annulering wegens instapweigering op de luchthaven, het treinstation, het bus- of havenstation van vertrek of na temperatuurmeting<\/li>\n<li>Annulering in geval van afwezigheid van vaccinatie tegen Covid 19<\/li>\n<\/ul>\n<p>WIJZIGINGSKOSTEN<\/p>\n<p>LATE AANKOMST<\/p>\n<p>ONDERBREKING VAN DE VERBLIJFSKOSTEN<\/p>\n<ul>\n<li>VERVANGEND VOERTUIGuitstaan bij pech, een materieel ongeval of diefstal, tijdens het verblijf.<\/li>\n<li>EEN PERSOONLIJK ITEM VERGETEN IN DE HUURBebetaling van de kosten van het verzenden van een persoonlijk item dat in de huur is vergeten<\/li>\n<\/ul>\n<p>HULP<\/p>\n<ul>\n<li>Teleadvies voor en tijdens het verblijf (A)<\/li>\n<li>Medische repatri\u00ebring (met inbegrip van epidemie\u00ebn of pandemie\u00ebn) (B)<\/li>\n<li>Kan niet retourneren (C)<\/li>\n<li>Hotelkosten na quarantaine (D)<\/li>\n<li>Hotelkosten na annulering van de vlucht als gevolg van epidemie of pandemie (E)<\/li>\n<li>Medische kosten buiten het land van verblijf als gevolg van COVID-ziekte, inclusief in geval van epidemie of pandemie (F)Aftrekbaar (F1)<\/li>\n<li>Ondersteuning voor lokale telefoonabonnementen (G)<\/li>\n<li>Psychologische ondersteuning na quarantaine (H)<\/li>\n<li>Noodkoffer (I)<\/li>\n<li>Huishoudelijke hulp<\/li>\n<li>Levering van huishoudelijke boodschappen (b)<\/li>\n<li>Psychologische ondersteuning na thuiskomst (c)<\/li>\n<\/ul>\n<p>KOSTEN VOOR VETERINAIRE ZORG EN HULP BIJ KATTENHONDEN<\/p>\n<ul>\n<li>Inclusief:<\/li>\n<li>Advies en waarschuwing van bevoegde instanties in geval van wegloop\/verdwijning<\/li>\n<li>Invorderingskosten<\/li>\n<li>Rabi\u00ebs testkosten (ontbreekt in het buitenland)<\/li>\n<\/ul>\n<\/div><\/section>\n","protected":false},"excerpt":{"rendered":"","protected":false},"author":6,"featured_media":8878,"parent":0,"menu_order":0,"comment_status":"closed","ping_status":"closed","template":"","meta":{"_exactmetrics_skip_tracking":false,"_exactmetrics_sitenote_active":false,"_exactmetrics_sitenote_note":"","_exactmetrics_sitenote_category":0,"footnotes":""},"class_list":["post-10540","page","type-page","status-publish","has-post-thumbnail","hentry"],"yoast_head":"<!-- This site is optimized with the Yoast SEO plugin v27.3 - https:\/\/yoast.com\/product\/yoast-seo-wordpress\/ -->\n<title>Annuleringsverzekering - Camping Kerisole<\/title>\n<meta name=\"description\" content=\"Kies voor rust, geen stress en Camp Covered met Meetch Annuleringsverzekering - Boek uw verblijf op onze Camping Kerisole***\" \/>\n<meta name=\"robots\" content=\"index, follow, max-snippet:-1, max-image-preview:large, max-video-preview:-1\" \/>\n<link rel=\"canonical\" href=\"https:\/\/camping-kerisole.fr\/nl\/annuleringsverzekering\/\" \/>\n<meta property=\"og:locale\" content=\"nl_NL\" \/>\n<meta property=\"og:type\" content=\"article\" \/>\n<meta property=\"og:title\" content=\"Annuleringsverzekering - Camping Kerisole\" \/>\n<meta property=\"og:description\" content=\"Kies voor rust, geen stress en Camp Covered met Meetch Annuleringsverzekering - Boek uw verblijf op onze Camping Kerisole***\" \/>\n<meta property=\"og:url\" content=\"https:\/\/camping-kerisole.fr\/nl\/annuleringsverzekering\/\" \/>\n<meta property=\"og:site_name\" content=\"Camping Kerisole\" \/>\n<meta property=\"article:publisher\" content=\"http:\/\/www.facebook.com\/campingkerisole\" \/>\n<meta property=\"article:modified_time\" content=\"2023-07-03T12:41:29+00:00\" \/>\n<meta property=\"og:image\" content=\"https:\/\/camping-kerisole.fr\/wp-content\/uploads\/2022\/05\/logo-Camping-Kerisole-carre.png\" \/>\n\t<meta property=\"og:image:width\" content=\"1148\" \/>\n\t<meta property=\"og:image:height\" content=\"1148\" \/>\n\t<meta property=\"og:image:type\" content=\"image\/png\" \/>\n<meta name=\"twitter:card\" content=\"summary_large_image\" \/>\n<meta name=\"twitter:label1\" content=\"Geschatte leestijd\" \/>\n\t<meta name=\"twitter:data1\" content=\"3 minuten\" \/>\n<script type=\"application\/ld+json\" class=\"yoast-schema-graph\">{\"@context\":\"https:\\\/\\\/schema.org\",\"@graph\":[{\"@type\":\"WebPage\",\"@id\":\"https:\\\/\\\/camping-kerisole.fr\\\/nl\\\/annuleringsverzekering\\\/\",\"url\":\"https:\\\/\\\/camping-kerisole.fr\\\/nl\\\/annuleringsverzekering\\\/\",\"name\":\"Annuleringsverzekering - Camping Kerisole\",\"isPartOf\":{\"@id\":\"https:\\\/\\\/camping-kerisole.fr\\\/nl\\\/#website\"},\"primaryImageOfPage\":{\"@id\":\"https:\\\/\\\/camping-kerisole.fr\\\/nl\\\/annuleringsverzekering\\\/#primaryimage\"},\"image\":{\"@id\":\"https:\\\/\\\/camping-kerisole.fr\\\/nl\\\/annuleringsverzekering\\\/#primaryimage\"},\"thumbnailUrl\":\"https:\\\/\\\/camping-kerisole.fr\\\/wp-content\\\/uploads\\\/2022\\\/05\\\/logo-Camping-Kerisole-carre.png\",\"datePublished\":\"2023-07-02T09:53:06+00:00\",\"dateModified\":\"2023-07-03T12:41:29+00:00\",\"description\":\"Kies voor rust, geen stress en Camp Covered met Meetch Annuleringsverzekering - Boek uw verblijf op onze Camping Kerisole***\",\"breadcrumb\":{\"@id\":\"https:\\\/\\\/camping-kerisole.fr\\\/nl\\\/annuleringsverzekering\\\/#breadcrumb\"},\"inLanguage\":\"nl-NL\",\"potentialAction\":[{\"@type\":\"ReadAction\",\"target\":[\"https:\\\/\\\/camping-kerisole.fr\\\/nl\\\/annuleringsverzekering\\\/\"]}]},{\"@type\":\"ImageObject\",\"inLanguage\":\"nl-NL\",\"@id\":\"https:\\\/\\\/camping-kerisole.fr\\\/nl\\\/annuleringsverzekering\\\/#primaryimage\",\"url\":\"https:\\\/\\\/camping-kerisole.fr\\\/wp-content\\\/uploads\\\/2022\\\/05\\\/logo-Camping-Kerisole-carre.png\",\"contentUrl\":\"https:\\\/\\\/camping-kerisole.fr\\\/wp-content\\\/uploads\\\/2022\\\/05\\\/logo-Camping-Kerisole-carre.png\",\"width\":1148,\"height\":1148},{\"@type\":\"BreadcrumbList\",\"@id\":\"https:\\\/\\\/camping-kerisole.fr\\\/nl\\\/annuleringsverzekering\\\/#breadcrumb\",\"itemListElement\":[{\"@type\":\"ListItem\",\"position\":1,\"name\":\"Accueil\",\"item\":\"https:\\\/\\\/camping-kerisole.fr\\\/nl\\\/camping-kerisole-bretagne-sud\\\/\"},{\"@type\":\"ListItem\",\"position\":2,\"name\":\"Annuleringsverzekering\"}]},{\"@type\":\"WebSite\",\"@id\":\"https:\\\/\\\/camping-kerisole.fr\\\/nl\\\/#website\",\"url\":\"https:\\\/\\\/camping-kerisole.fr\\\/nl\\\/\",\"name\":\"Camping Kerisole\",\"description\":\"Un camping unique en Bretagne !\",\"publisher\":{\"@id\":\"https:\\\/\\\/camping-kerisole.fr\\\/nl\\\/#organization\"},\"potentialAction\":[{\"@type\":\"SearchAction\",\"target\":{\"@type\":\"EntryPoint\",\"urlTemplate\":\"https:\\\/\\\/camping-kerisole.fr\\\/nl\\\/?s={search_term_string}\"},\"query-input\":{\"@type\":\"PropertyValueSpecification\",\"valueRequired\":true,\"valueName\":\"search_term_string\"}}],\"inLanguage\":\"nl-NL\"},{\"@type\":\"Organization\",\"@id\":\"https:\\\/\\\/camping-kerisole.fr\\\/nl\\\/#organization\",\"name\":\"Camping Kerisole***\",\"url\":\"https:\\\/\\\/camping-kerisole.fr\\\/nl\\\/\",\"logo\":{\"@type\":\"ImageObject\",\"inLanguage\":\"nl-NL\",\"@id\":\"https:\\\/\\\/camping-kerisole.fr\\\/nl\\\/#\\\/schema\\\/logo\\\/image\\\/\",\"url\":\"https:\\\/\\\/camping-kerisole.fr\\\/wp-content\\\/uploads\\\/2022\\\/05\\\/logo-Camping-Kerisole-rectangulaire.png\",\"contentUrl\":\"https:\\\/\\\/camping-kerisole.fr\\\/wp-content\\\/uploads\\\/2022\\\/05\\\/logo-Camping-Kerisole-rectangulaire.png\",\"width\":1148,\"height\":766,\"caption\":\"Camping Kerisole***\"},\"image\":{\"@id\":\"https:\\\/\\\/camping-kerisole.fr\\\/nl\\\/#\\\/schema\\\/logo\\\/image\\\/\"},\"sameAs\":[\"http:\\\/\\\/www.facebook.com\\\/campingkerisole\"]}]}<\/script>\n<!-- \/ Yoast SEO plugin. -->","yoast_head_json":{"title":"Annuleringsverzekering - Camping Kerisole","description":"Kies voor rust, geen stress en Camp Covered met Meetch Annuleringsverzekering - Boek uw verblijf op onze Camping Kerisole***","robots":{"index":"index","follow":"follow","max-snippet":"max-snippet:-1","max-image-preview":"max-image-preview:large","max-video-preview":"max-video-preview:-1"},"canonical":"https:\/\/camping-kerisole.fr\/nl\/annuleringsverzekering\/","og_locale":"nl_NL","og_type":"article","og_title":"Annuleringsverzekering - Camping Kerisole","og_description":"Kies voor rust, geen stress en Camp Covered met Meetch Annuleringsverzekering - Boek uw verblijf op onze Camping Kerisole***","og_url":"https:\/\/camping-kerisole.fr\/nl\/annuleringsverzekering\/","og_site_name":"Camping Kerisole","article_publisher":"http:\/\/www.facebook.com\/campingkerisole","article_modified_time":"2023-07-03T12:41:29+00:00","og_image":[{"width":1148,"height":1148,"url":"https:\/\/camping-kerisole.fr\/wp-content\/uploads\/2022\/05\/logo-Camping-Kerisole-carre.png","type":"image\/png"}],"twitter_card":"summary_large_image","twitter_misc":{"Geschatte leestijd":"3 minuten"},"schema":{"@context":"https:\/\/schema.org","@graph":[{"@type":"WebPage","@id":"https:\/\/camping-kerisole.fr\/nl\/annuleringsverzekering\/","url":"https:\/\/camping-kerisole.fr\/nl\/annuleringsverzekering\/","name":"Annuleringsverzekering - Camping Kerisole","isPartOf":{"@id":"https:\/\/camping-kerisole.fr\/nl\/#website"},"primaryImageOfPage":{"@id":"https:\/\/camping-kerisole.fr\/nl\/annuleringsverzekering\/#primaryimage"},"image":{"@id":"https:\/\/camping-kerisole.fr\/nl\/annuleringsverzekering\/#primaryimage"},"thumbnailUrl":"https:\/\/camping-kerisole.fr\/wp-content\/uploads\/2022\/05\/logo-Camping-Kerisole-carre.png","datePublished":"2023-07-02T09:53:06+00:00","dateModified":"2023-07-03T12:41:29+00:00","description":"Kies voor rust, geen stress en Camp Covered met Meetch Annuleringsverzekering - Boek uw verblijf op onze Camping Kerisole***","breadcrumb":{"@id":"https:\/\/camping-kerisole.fr\/nl\/annuleringsverzekering\/#breadcrumb"},"inLanguage":"nl-NL","potentialAction":[{"@type":"ReadAction","target":["https:\/\/camping-kerisole.fr\/nl\/annuleringsverzekering\/"]}]},{"@type":"ImageObject","inLanguage":"nl-NL","@id":"https:\/\/camping-kerisole.fr\/nl\/annuleringsverzekering\/#primaryimage","url":"https:\/\/camping-kerisole.fr\/wp-content\/uploads\/2022\/05\/logo-Camping-Kerisole-carre.png","contentUrl":"https:\/\/camping-kerisole.fr\/wp-content\/uploads\/2022\/05\/logo-Camping-Kerisole-carre.png","width":1148,"height":1148},{"@type":"BreadcrumbList","@id":"https:\/\/camping-kerisole.fr\/nl\/annuleringsverzekering\/#breadcrumb","itemListElement":[{"@type":"ListItem","position":1,"name":"Accueil","item":"https:\/\/camping-kerisole.fr\/nl\/camping-kerisole-bretagne-sud\/"},{"@type":"ListItem","position":2,"name":"Annuleringsverzekering"}]},{"@type":"WebSite","@id":"https:\/\/camping-kerisole.fr\/nl\/#website","url":"https:\/\/camping-kerisole.fr\/nl\/","name":"Camping Kerisole","description":"Un camping unique en Bretagne !","publisher":{"@id":"https:\/\/camping-kerisole.fr\/nl\/#organization"},"potentialAction":[{"@type":"SearchAction","target":{"@type":"EntryPoint","urlTemplate":"https:\/\/camping-kerisole.fr\/nl\/?s={search_term_string}"},"query-input":{"@type":"PropertyValueSpecification","valueRequired":true,"valueName":"search_term_string"}}],"inLanguage":"nl-NL"},{"@type":"Organization","@id":"https:\/\/camping-kerisole.fr\/nl\/#organization","name":"Camping Kerisole***","url":"https:\/\/camping-kerisole.fr\/nl\/","logo":{"@type":"ImageObject","inLanguage":"nl-NL","@id":"https:\/\/camping-kerisole.fr\/nl\/#\/schema\/logo\/image\/","url":"https:\/\/camping-kerisole.fr\/wp-content\/uploads\/2022\/05\/logo-Camping-Kerisole-rectangulaire.png","contentUrl":"https:\/\/camping-kerisole.fr\/wp-content\/uploads\/2022\/05\/logo-Camping-Kerisole-rectangulaire.png","width":1148,"height":766,"caption":"Camping Kerisole***"},"image":{"@id":"https:\/\/camping-kerisole.fr\/nl\/#\/schema\/logo\/image\/"},"sameAs":["http:\/\/www.facebook.com\/campingkerisole"]}]}},"_links":{"self":[{"href":"https:\/\/camping-kerisole.fr\/nl\/wp-json\/wp\/v2\/pages\/10540","targetHints":{"allow":["GET"]}}],"collection":[{"href":"https:\/\/camping-kerisole.fr\/nl\/wp-json\/wp\/v2\/pages"}],"about":[{"href":"https:\/\/camping-kerisole.fr\/nl\/wp-json\/wp\/v2\/types\/page"}],"author":[{"embeddable":true,"href":"https:\/\/camping-kerisole.fr\/nl\/wp-json\/wp\/v2\/users\/6"}],"replies":[{"embeddable":true,"href":"https:\/\/camping-kerisole.fr\/nl\/wp-json\/wp\/v2\/comments?post=10540"}],"version-history":[{"count":6,"href":"https:\/\/camping-kerisole.fr\/nl\/wp-json\/wp\/v2\/pages\/10540\/revisions"}],"predecessor-version":[{"id":10605,"href":"https:\/\/camping-kerisole.fr\/nl\/wp-json\/wp\/v2\/pages\/10540\/revisions\/10605"}],"wp:featuredmedia":[{"embeddable":true,"href":"https:\/\/camping-kerisole.fr\/nl\/wp-json\/wp\/v2\/media\/8878"}],"wp:attachment":[{"href":"https:\/\/camping-kerisole.fr\/nl\/wp-json\/wp\/v2\/media?parent=10540"}],"curies":[{"name":"wp","href":"https:\/\/api.w.org\/{rel}","templated":true}]}}