{"id":3286,"date":"2018-01-19T13:29:50","date_gmt":"2018-01-19T12:29:50","guid":{"rendered":"http:\/\/camping-kerisole.fr\/camping\/with-a-group\/"},"modified":"2021-12-22T18:16:46","modified_gmt":"2021-12-22T17:16:46","slug":"with-a-group","status":"publish","type":"page","link":"https:\/\/camping-kerisole.fr\/en\/with-a-group\/","title":{"rendered":"&#8211; With a group"},"content":{"rendered":"<\/div><\/div><\/div><!-- close content main div --><\/div><\/div><div id='av-layout-grid-1' class='av-layout-grid-container entry-content-wrapper main_color av-flex-cells    container_wrap fullsize'   >\n<div class=\"flex_cell no_margin av_one_half   avia-full-stretch av-zero-padding \" style='height:500px; min-height:500px;background:url(https:\/\/camping-kerisole.fr\/wp-content\/uploads\/2018\/01\/67-1500x1000.jpg) center center no-repeat scroll; vertical-align:middle; padding:0px; background-color:#22689e; '><div class='flex_cell_inner' ><\/div><\/div><div class=\"flex_cell no_margin av_one_half   \" style='height:500px; min-height:500px;vertical-align:top; padding:100px 80px 80px 80px ; background-color:#22689e; '><div class='flex_cell_inner' ><p><div style='padding-bottom:25px; color:#ffffff;font-size:34px;' class='av-special-heading av-special-heading-h3 custom-color-heading blockquote modern-quote   av-inherit-size '><div class ='av-subheading av-subheading_above av_custom_color ' style='font-size:15px;'><p>For educational or cultural events<\/p>\n<\/div><h3 class='av-special-heading-tag '  itemprop=\"headline\"  >Camping with a group<\/h3><div class='special-heading-border'><div class='special-heading-inner-border' style='border-color:#ffffff'><\/div><\/div><\/div><br \/>\n<section class=\"av_textblock_section \"  itemscope=\"itemscope\" itemtype=\"https:\/\/schema.org\/CreativeWork\" ><div class='avia_textblock  av_inherit_color '  style='color:#ffffff; '  itemprop=\"text\" ><p>Primary schools and colleges, a club of car enthusiasts and a punk festival. Just a few examples of the groups that have visited Kerisole recently. A lot is possible at camping Kerisole.<\/p>\n<\/div><\/section><\/p>\n<\/div><\/div>\n<\/div>\n<\/div><\/div><\/div><!-- close content main div --><\/div><\/div><div id='av_section_1' class='avia-section main_color avia-section-large avia-no-border-styling avia-bg-style-scroll   container_wrap fullsize' style = 'background-image: '  ><div class='container' ><div class='template-page content  av-content-full alpha units'><div class='post-entry post-entry-type-page post-entry-3286'><div class='entry-content-wrapper clearfix'>\n<div class='flex_column_table av-equal-height-column-flextable -flextable' style='margin-top:-180px; '><div class=\"flex_column av_one_fourth  no_margin flex_column_table_cell av-equal-height-column av-align-top av-zero-column-padding first  \" style='border-radius:0px; '><\/div><\/div><!--close column table wrapper. Autoclose: 1 --><div class='flex_column_table av-equal-height-column-flextable -flextable' style='margin-top:-180px; '><div class=\"flex_column av_one_half  av-animated-generic pop-up  no_margin flex_column_table_cell av-equal-height-column av-align-top   \" style='padding:40px; background-color:#379cd6; border-radius:10px; '><p><span class=\"av_font_icon avia_animate_when_visible  av-icon-style-  avia-icon-pos-center \" style=\"color:#ffffff; border-color:#ffffff;\"><span class='av-icon-char' style='font-size:40px;line-height:40px;' aria-hidden='true' data-av_icon='\ue80b' data-av_iconfont='entypo-fontello' ><\/span><\/span><br \/>\n<div style='height:20px' class='hr hr-invisible  '><span class='hr-inner ' ><span class='hr-inner-style'><\/span><\/span><\/div><br \/>\n<section class=\"av_textblock_section \"  itemscope=\"itemscope\" itemtype=\"https:\/\/schema.org\/CreativeWork\" ><div class='avia_textblock  av_inherit_color '  style='font-size:16px; color:#ffffff; '  itemprop=\"text\" ><h2 style=\"text-align: center;\">Customization for groups!<\/h2>\n<p style=\"text-align: center;\">Whether you organize everything yourself or leave it to us, a lot is possible at camping Kerisole<\/p>\n<\/div><\/section><br \/>\n<div style='height:20px' class='hr hr-invisible  '><span class='hr-inner ' ><span class='hr-inner-style'><\/span><\/span><\/div><br \/>\n<div class='avia-button-wrap avia-button-center '><a href='https:\/\/camping-kerisole.fr\/en\/reservation\/'  class='avia-button av-icon-on-hover  avia-icon_select-yes-right-icon avia-color-custom avia-size-large avia-position-center '  target=\"_blank\"  style='background-color:#ffffff; border-color:#ffffff; color:#000000; ' ><span class='avia_iconbox_title' >Book now<\/span><span class='avia_button_icon avia_button_icon_right' aria-hidden='true' data-av_icon='\ue889' data-av_iconfont='entypo-fontello'><\/span><\/a><\/div><\/p><\/div><\/div><!--close column table wrapper. Autoclose: 1 --><div class='flex_column_table av-equal-height-column-flextable -flextable' style='margin-top:-180px; '><div class=\"flex_column av_one_fourth  no_margin flex_column_table_cell av-equal-height-column av-align-top av-zero-column-padding   \" style='border-radius:0px; '><\/div><\/div><!--close column table wrapper. Autoclose: 1 --><div class=\"flex_column av_one_half  flex_column_div av-zero-column-padding first  \" style='border-radius:0px; '><p><div style='padding-bottom:30px; font-size:34px;' class='av-special-heading av-special-heading-h3  blockquote modern-quote   av-inherit-size '><h3 class='av-special-heading-tag '  itemprop=\"headline\"  >Options<\/h3><div class='special-heading-border'><div class='special-heading-inner-border' ><\/div><\/div><\/div><br \/>\n<section class=\"av_textblock_section \"  itemscope=\"itemscope\" itemtype=\"https:\/\/schema.org\/CreativeWork\" ><div class='avia_textblock  '   itemprop=\"text\" ><p>For most wishes regarding group activities or holidays for larger groups, we do have a solution. We are flexible, but we also enjoy well-organized activities. We would also like to actively contribute to this.<\/p>\n<\/div><\/section><\/p><\/div><div class=\"flex_column av_one_half  flex_column_div av-zero-column-padding   \" style='border-radius:0px; '><p><div style='padding-bottom:30px; font-size:34px;' class='av-special-heading av-special-heading-h3  blockquote modern-quote   av-inherit-size '><h3 class='av-special-heading-tag '  itemprop=\"headline\"  >Prices<\/h3><div class='special-heading-border'><div class='special-heading-inner-border' ><\/div><\/div><\/div><br \/>\n<section class=\"av_textblock_section \"  itemscope=\"itemscope\" itemtype=\"https:\/\/schema.org\/CreativeWork\" ><div class='avia_textblock  '   itemprop=\"text\" ><p>The costs for a group stay or group activity depend on various factors, whereby the number of participants, the number of camping pitches and the wishes of the group are decisive. Feel free to contact us, then we can make a tailor-made offer.<\/p>\n<\/div><\/section><\/p><\/div><\/div><\/div><\/div><!-- close content main div --><\/div><\/div><div id='av-layout-grid-2' class='av-layout-grid-container entry-content-wrapper main_color av-flex-cells    container_wrap fullsize'   >\n<div class=\"flex_cell no_margin av_one_half   avia-full-stretch av-zero-padding \" style='height:100px; min-height:100px;vertical-align:middle; padding:0px; '><div class='flex_cell_inner' ><div  data-size='large'  data-lightbox_size='large'  data-animation='fade'  data-conditional_play=''  data-ids='2272,2271,2274,2273'  data-video_counter='0'  data-autoplay='true'  data-bg_slider='false'  data-slide_height=''  data-handle='av_slideshow'  data-interval='5'  data-class=' '  data-css_id=''  data-scroll_down=''  data-control_layout='av-control-minimal'  data-custom_markup=''  data-perma_caption=''  data-autoplay_stopper=''  data-image_attachment=''  data-min_height='0px'  class='avia-slideshow avia-slideshow-1  av-control-minimal av-default-height-applied avia-slideshow-large av_slideshow   avia-fade-slider '  itemprop=\"ImageObject\" itemscope=\"itemscope\" itemtype=\"https:\/\/schema.org\/ImageObject\" ><ul class='avia-slideshow-inner ' style='padding-bottom: 66.699029126214%;' ><li  class=' slide-1 ' ><div data-rel='slideshow-1' class='avia-slide-wrap '   ><img src='https:\/\/camping-kerisole.fr\/wp-content\/uploads\/2018\/01\/IMG_1941-1030x687.jpg' width='1030' height='687' title='IMG_1941' alt=''  itemprop=\"thumbnailUrl\"   \/><\/div><\/li><li  class=' slide-2 ' ><div data-rel='slideshow-1' class='avia-slide-wrap '   ><img src='https:\/\/camping-kerisole.fr\/wp-content\/uploads\/2018\/01\/IMG_1407-1-1030x687.jpg' width='1030' height='687' title='IMG_1407' alt=''  itemprop=\"thumbnailUrl\"   \/><\/div><\/li><li  class=' slide-3 ' ><div data-rel='slideshow-1' class='avia-slide-wrap '   ><img src='https:\/\/camping-kerisole.fr\/wp-content\/uploads\/2018\/01\/IMG_6294-1030x687.jpg' width='1030' height='687' title='IMG_6294' alt=''  itemprop=\"thumbnailUrl\"   \/><\/div><\/li><li  class=' slide-4 ' ><div data-rel='slideshow-1' class='avia-slide-wrap '   ><img src='https:\/\/camping-kerisole.fr\/wp-content\/uploads\/2018\/01\/IMG_5764-1030x687.jpg' width='1030' height='687' title='IMG_5764' alt=''  itemprop=\"thumbnailUrl\"   \/><\/div><\/li><\/ul><div class='avia-slideshow-arrows avia-slideshow-controls'><a href='#prev' class='prev-slide' aria-hidden='true' data-av_icon='\ue87c' data-av_iconfont='entypo-fontello'>Previous<\/a><a href='#next' class='next-slide' aria-hidden='true' data-av_icon='\ue87d' data-av_iconfont='entypo-fontello'>Next<\/a><\/div><div class='avia-slideshow-dots avia-slideshow-controls'><a href='#1' class='goto-slide active' >1<\/a><a href='#2' class='goto-slide ' >2<\/a><a href='#3' class='goto-slide ' >3<\/a><a href='#4' class='goto-slide ' >4<\/a><\/div><\/div>\n<\/div><\/div><div class=\"flex_cell no_margin av_one_half   \" style='height:100px; min-height:100px;vertical-align:middle; padding:15px 80px 15px 80px ; background-color:#22689e; '><div class='flex_cell_inner' ><div style='padding-bottom:0px; color:#ffffff;font-size:34px;' class='av-special-heading av-special-heading-h3 custom-color-heading blockquote modern-quote  av-inherit-size '><h3 class='av-special-heading-tag '  itemprop=\"headline\"  >A group of school children<\/h3><div class ='av-subheading av-subheading_below av_custom_color ' style='font-size:16px;'><p>It&#8217;s exciting to go camping<\/p>\n<\/div><div class='special-heading-border'><div class='special-heading-inner-border' style='border-color:#ffffff'><\/div><\/div><\/div>\n<\/div><\/div>\n<\/div><\/p>\n<\/div><\/div><\/div><!-- close content main div --><\/div><\/div><div id='av-layout-grid-3' class='av-layout-grid-container entry-content-wrapper main_color av-flex-cells    container_wrap fullsize'   >\n<div class=\"flex_cell no_margin av_one_half   \" style='height:100px; min-height:100px;vertical-align:middle; padding:15px 80px 15px 80px ; '><div class='flex_cell_inner' ><div style='padding-bottom:0px; font-size:34px;' class='av-special-heading av-special-heading-h3  blockquote modern-quote  av-inherit-size '><h3 class='av-special-heading-tag '  itemprop=\"headline\"  >A special group<\/h3><div class ='av-subheading av-subheading_below  ' style='font-size:16px;'><p>In October the local annual punk festival is held at the campsite. This event marks the end of the camping season.<\/p>\n<\/div><div class='special-heading-border'><div class='special-heading-inner-border' ><\/div><\/div><\/div>\n<\/div><\/div><div class=\"flex_cell no_margin av_one_half   avia-full-stretch av-zero-padding \" style='height:100px; min-height:100px;vertical-align:middle; padding:0px; '><div class='flex_cell_inner' ><div  data-size='large'  data-lightbox_size='large'  data-animation='fade'  data-conditional_play=''  data-ids='2269,2270'  data-video_counter='0'  data-autoplay='true'  data-bg_slider='false'  data-slide_height=''  data-handle='av_slideshow'  data-interval='6'  data-class=' '  data-css_id=''  data-scroll_down=''  data-control_layout='av-control-minimal'  data-custom_markup=''  data-perma_caption=''  data-autoplay_stopper=''  data-image_attachment=''  data-min_height='0px'  class='avia-slideshow avia-slideshow-2  av-control-minimal av-default-height-applied avia-slideshow-large av_slideshow   avia-fade-slider '  itemprop=\"ImageObject\" itemscope=\"itemscope\" itemtype=\"https:\/\/schema.org\/ImageObject\" ><ul class='avia-slideshow-inner ' style='padding-bottom: 66.699029126214%;' ><li  class=' slide-1 ' ><div data-rel='slideshow-2' class='avia-slide-wrap '   ><img src='https:\/\/camping-kerisole.fr\/wp-content\/uploads\/2018\/01\/89-1030x687.jpg' width='1030' height='687' title='89' alt=''  itemprop=\"thumbnailUrl\"   \/><\/div><\/li><li  class=' slide-2 ' ><div data-rel='slideshow-2' class='avia-slide-wrap '   ><img src='https:\/\/camping-kerisole.fr\/wp-content\/uploads\/2018\/01\/102-1030x687.jpg' width='1030' height='687' title='102' alt=''  itemprop=\"thumbnailUrl\"   \/><\/div><\/li><\/ul><div class='avia-slideshow-arrows avia-slideshow-controls'><a href='#prev' class='prev-slide' aria-hidden='true' data-av_icon='\ue87c' data-av_iconfont='entypo-fontello'>Previous<\/a><a href='#next' class='next-slide' aria-hidden='true' data-av_icon='\ue87d' data-av_iconfont='entypo-fontello'>Next<\/a><\/div><div class='avia-slideshow-dots avia-slideshow-controls'><a href='#1' class='goto-slide active' >1<\/a><a href='#2' class='goto-slide ' >2<\/a><\/div><\/div>\n<\/div><\/div>\n<\/div>\n<\/div><\/div><\/div><!-- close content main div --><\/div><\/div><div id='av_section_2' class='avia-section main_color avia-section-large avia-no-shadow avia-bg-style-scroll   av-minimum-height av-minimum-height-custom container_wrap fullsize' style = 'background-image: '  ><div class='container' style='height:300px'><div class='template-page content  av-content-full alpha units'><div class='post-entry post-entry-type-page post-entry-3286'><div class='entry-content-wrapper clearfix'>\n<div class=\"flex_column av_one_full  flex_column_div av-zero-column-padding first  \" style='border-radius:0px; '><p><div style='padding-bottom:25px; font-size:34px;' class='av-special-heading av-special-heading-h3  blockquote modern-quote modern-centered  av-inherit-size '><h3 class='av-special-heading-tag '  itemprop=\"headline\"  >More information?<\/h3><div class='special-heading-border'><div class='special-heading-inner-border' ><\/div><\/div><\/div><br \/>\n<section class=\"av_textblock_section \"  itemscope=\"itemscope\" itemtype=\"https:\/\/schema.org\/CreativeWork\" ><div class='avia_textblock  '   itemprop=\"text\" ><p style=\"text-align: center;\">Contact us if you want more information, to make a reservation, or if you have special requests.<\/p>\n<\/div><\/section><br \/>\n<div style='height:20px' class='hr hr-invisible  '><span class='hr-inner ' ><span class='hr-inner-style'><\/span><\/span><\/div><br \/>\n<div class='avia-button-wrap avia-button-center '><a href='https:\/\/camping-kerisole.fr\/en\/contact\/'  class='avia-button av-icon-on-hover  avia-icon_select-yes-right-icon avia-color-theme-color avia-size-large avia-position-center '   ><span class='avia_iconbox_title' >More information<\/span><span class='avia_button_icon avia_button_icon_right' aria-hidden='true' data-av_icon='\ue889' data-av_iconfont='entypo-fontello'><\/span><\/a><\/div><\/p><\/div>\n\n","protected":false},"excerpt":{"rendered":"","protected":false},"author":6,"featured_media":0,"parent":0,"menu_order":0,"comment_status":"closed","ping_status":"closed","template":"","meta":{"_exactmetrics_skip_tracking":false,"_exactmetrics_sitenote_active":false,"_exactmetrics_sitenote_note":"","_exactmetrics_sitenote_category":0,"footnotes":""},"class_list":["post-3286","page","type-page","status-publish","hentry"],"yoast_head":"<!-- This site is optimized with the Yoast SEO plugin v27.3 - https:\/\/yoast.com\/product\/yoast-seo-wordpress\/ -->\n<title>- With a group - Camping Kerisole<\/title>\n<meta name=\"description\" content=\"Pour des vacances uniques en Bretagne : Le camping Kerisole*** est un camping convivial et chaleureux. Nous attachons beaucoup d\u2019importance au bien-\u00eatre, ainsi qu\u2019aux besoins de nos clients. Rappelez-vous \u00e9tant jeune, ces vacances, \u00e0 jamais grav\u00e9 dans votre m\u00e9moire, au c\u0153ur d\u2019un camping dans lequel la convivialit\u00e9 primait, voici ce que nous voulons vous offrir. Un cadre id\u00e9al pour que chacun puisse pratiquer diverses activit\u00e9s, qui permettront assur\u00e9ment, et ce qu\u2019importe votre \u00e2ge, de passer du bon temps. Le camping est ouvert d\u2019avril \u00e0 octobre.\" \/>\n<meta name=\"robots\" content=\"index, follow, max-snippet:-1, max-image-preview:large, max-video-preview:-1\" \/>\n<link rel=\"canonical\" href=\"https:\/\/camping-kerisole.fr\/en\/with-a-group\/\" \/>\n<meta property=\"og:locale\" content=\"en_US\" \/>\n<meta property=\"og:type\" content=\"article\" \/>\n<meta property=\"og:title\" content=\"- With a group - Camping Kerisole\" \/>\n<meta property=\"og:description\" content=\"Pour des vacances uniques en Bretagne : Le camping Kerisole*** est un camping convivial et chaleureux. Nous attachons beaucoup d\u2019importance au bien-\u00eatre, ainsi qu\u2019aux besoins de nos clients. Rappelez-vous \u00e9tant jeune, ces vacances, \u00e0 jamais grav\u00e9 dans votre m\u00e9moire, au c\u0153ur d\u2019un camping dans lequel la convivialit\u00e9 primait, voici ce que nous voulons vous offrir. Un cadre id\u00e9al pour que chacun puisse pratiquer diverses activit\u00e9s, qui permettront assur\u00e9ment, et ce qu\u2019importe votre \u00e2ge, de passer du bon temps. Le camping est ouvert d\u2019avril \u00e0 octobre.\" \/>\n<meta property=\"og:url\" content=\"https:\/\/camping-kerisole.fr\/en\/with-a-group\/\" \/>\n<meta property=\"og:site_name\" content=\"Camping Kerisole\" \/>\n<meta property=\"article:publisher\" content=\"http:\/\/www.facebook.com\/campingkerisole\" \/>\n<meta property=\"article:modified_time\" content=\"2021-12-22T17:16:46+00:00\" \/>\n<meta name=\"twitter:card\" content=\"summary_large_image\" \/>\n<meta name=\"twitter:label1\" content=\"Est. reading time\" \/>\n\t<meta name=\"twitter:data1\" content=\"10 minutes\" \/>\n<script type=\"application\/ld+json\" class=\"yoast-schema-graph\">{\"@context\":\"https:\\\/\\\/schema.org\",\"@graph\":[{\"@type\":\"WebPage\",\"@id\":\"https:\\\/\\\/camping-kerisole.fr\\\/en\\\/with-a-group\\\/\",\"url\":\"https:\\\/\\\/camping-kerisole.fr\\\/en\\\/with-a-group\\\/\",\"name\":\"- With a group - Camping Kerisole\",\"isPartOf\":{\"@id\":\"https:\\\/\\\/camping-kerisole.fr\\\/en\\\/#website\"},\"datePublished\":\"2018-01-19T12:29:50+00:00\",\"dateModified\":\"2021-12-22T17:16:46+00:00\",\"description\":\"Pour des vacances uniques en Bretagne : Le camping Kerisole*** est un camping convivial et chaleureux. Nous attachons beaucoup d\u2019importance au bien-\u00eatre, ainsi qu\u2019aux besoins de nos clients. Rappelez-vous \u00e9tant jeune, ces vacances, \u00e0 jamais grav\u00e9 dans votre m\u00e9moire, au c\u0153ur d\u2019un camping dans lequel la convivialit\u00e9 primait, voici ce que nous voulons vous offrir. Un cadre id\u00e9al pour que chacun puisse pratiquer diverses activit\u00e9s, qui permettront assur\u00e9ment, et ce qu\u2019importe votre \u00e2ge, de passer du bon temps. Le camping est ouvert d\u2019avril \u00e0 octobre.\",\"breadcrumb\":{\"@id\":\"https:\\\/\\\/camping-kerisole.fr\\\/en\\\/with-a-group\\\/#breadcrumb\"},\"inLanguage\":\"en-US\",\"potentialAction\":[{\"@type\":\"ReadAction\",\"target\":[\"https:\\\/\\\/camping-kerisole.fr\\\/en\\\/with-a-group\\\/\"]}]},{\"@type\":\"BreadcrumbList\",\"@id\":\"https:\\\/\\\/camping-kerisole.fr\\\/en\\\/with-a-group\\\/#breadcrumb\",\"itemListElement\":[{\"@type\":\"ListItem\",\"position\":1,\"name\":\"Accueil\",\"item\":\"https:\\\/\\\/camping-kerisole.fr\\\/en\\\/home\\\/\"},{\"@type\":\"ListItem\",\"position\":2,\"name\":\"&#8211; With a group\"}]},{\"@type\":\"WebSite\",\"@id\":\"https:\\\/\\\/camping-kerisole.fr\\\/en\\\/#website\",\"url\":\"https:\\\/\\\/camping-kerisole.fr\\\/en\\\/\",\"name\":\"Camping Kerisole\",\"description\":\"Un camping unique en Bretagne !\",\"publisher\":{\"@id\":\"https:\\\/\\\/camping-kerisole.fr\\\/en\\\/#organization\"},\"potentialAction\":[{\"@type\":\"SearchAction\",\"target\":{\"@type\":\"EntryPoint\",\"urlTemplate\":\"https:\\\/\\\/camping-kerisole.fr\\\/en\\\/?s={search_term_string}\"},\"query-input\":{\"@type\":\"PropertyValueSpecification\",\"valueRequired\":true,\"valueName\":\"search_term_string\"}}],\"inLanguage\":\"en-US\"},{\"@type\":\"Organization\",\"@id\":\"https:\\\/\\\/camping-kerisole.fr\\\/en\\\/#organization\",\"name\":\"Camping Kerisole***\",\"url\":\"https:\\\/\\\/camping-kerisole.fr\\\/en\\\/\",\"logo\":{\"@type\":\"ImageObject\",\"inLanguage\":\"en-US\",\"@id\":\"https:\\\/\\\/camping-kerisole.fr\\\/en\\\/#\\\/schema\\\/logo\\\/image\\\/\",\"url\":\"https:\\\/\\\/camping-kerisole.fr\\\/wp-content\\\/uploads\\\/2022\\\/05\\\/logo-Camping-Kerisole-rectangulaire.png\",\"contentUrl\":\"https:\\\/\\\/camping-kerisole.fr\\\/wp-content\\\/uploads\\\/2022\\\/05\\\/logo-Camping-Kerisole-rectangulaire.png\",\"width\":1148,\"height\":766,\"caption\":\"Camping Kerisole***\"},\"image\":{\"@id\":\"https:\\\/\\\/camping-kerisole.fr\\\/en\\\/#\\\/schema\\\/logo\\\/image\\\/\"},\"sameAs\":[\"http:\\\/\\\/www.facebook.com\\\/campingkerisole\"]}]}<\/script>\n<!-- \/ Yoast SEO plugin. -->","yoast_head_json":{"title":"- With a group - Camping Kerisole","description":"Pour des vacances uniques en Bretagne : Le camping Kerisole*** est un camping convivial et chaleureux. Nous attachons beaucoup d\u2019importance au bien-\u00eatre, ainsi qu\u2019aux besoins de nos clients. Rappelez-vous \u00e9tant jeune, ces vacances, \u00e0 jamais grav\u00e9 dans votre m\u00e9moire, au c\u0153ur d\u2019un camping dans lequel la convivialit\u00e9 primait, voici ce que nous voulons vous offrir. Un cadre id\u00e9al pour que chacun puisse pratiquer diverses activit\u00e9s, qui permettront assur\u00e9ment, et ce qu\u2019importe votre \u00e2ge, de passer du bon temps. Le camping est ouvert d\u2019avril \u00e0 octobre.","robots":{"index":"index","follow":"follow","max-snippet":"max-snippet:-1","max-image-preview":"max-image-preview:large","max-video-preview":"max-video-preview:-1"},"canonical":"https:\/\/camping-kerisole.fr\/en\/with-a-group\/","og_locale":"en_US","og_type":"article","og_title":"- With a group - Camping Kerisole","og_description":"Pour des vacances uniques en Bretagne : Le camping Kerisole*** est un camping convivial et chaleureux. Nous attachons beaucoup d\u2019importance au bien-\u00eatre, ainsi qu\u2019aux besoins de nos clients. Rappelez-vous \u00e9tant jeune, ces vacances, \u00e0 jamais grav\u00e9 dans votre m\u00e9moire, au c\u0153ur d\u2019un camping dans lequel la convivialit\u00e9 primait, voici ce que nous voulons vous offrir. Un cadre id\u00e9al pour que chacun puisse pratiquer diverses activit\u00e9s, qui permettront assur\u00e9ment, et ce qu\u2019importe votre \u00e2ge, de passer du bon temps. Le camping est ouvert d\u2019avril \u00e0 octobre.","og_url":"https:\/\/camping-kerisole.fr\/en\/with-a-group\/","og_site_name":"Camping Kerisole","article_publisher":"http:\/\/www.facebook.com\/campingkerisole","article_modified_time":"2021-12-22T17:16:46+00:00","twitter_card":"summary_large_image","twitter_misc":{"Est. reading time":"10 minutes"},"schema":{"@context":"https:\/\/schema.org","@graph":[{"@type":"WebPage","@id":"https:\/\/camping-kerisole.fr\/en\/with-a-group\/","url":"https:\/\/camping-kerisole.fr\/en\/with-a-group\/","name":"- With a group - Camping Kerisole","isPartOf":{"@id":"https:\/\/camping-kerisole.fr\/en\/#website"},"datePublished":"2018-01-19T12:29:50+00:00","dateModified":"2021-12-22T17:16:46+00:00","description":"Pour des vacances uniques en Bretagne : Le camping Kerisole*** est un camping convivial et chaleureux. Nous attachons beaucoup d\u2019importance au bien-\u00eatre, ainsi qu\u2019aux besoins de nos clients. Rappelez-vous \u00e9tant jeune, ces vacances, \u00e0 jamais grav\u00e9 dans votre m\u00e9moire, au c\u0153ur d\u2019un camping dans lequel la convivialit\u00e9 primait, voici ce que nous voulons vous offrir. Un cadre id\u00e9al pour que chacun puisse pratiquer diverses activit\u00e9s, qui permettront assur\u00e9ment, et ce qu\u2019importe votre \u00e2ge, de passer du bon temps. Le camping est ouvert d\u2019avril \u00e0 octobre.","breadcrumb":{"@id":"https:\/\/camping-kerisole.fr\/en\/with-a-group\/#breadcrumb"},"inLanguage":"en-US","potentialAction":[{"@type":"ReadAction","target":["https:\/\/camping-kerisole.fr\/en\/with-a-group\/"]}]},{"@type":"BreadcrumbList","@id":"https:\/\/camping-kerisole.fr\/en\/with-a-group\/#breadcrumb","itemListElement":[{"@type":"ListItem","position":1,"name":"Accueil","item":"https:\/\/camping-kerisole.fr\/en\/home\/"},{"@type":"ListItem","position":2,"name":"&#8211; With a group"}]},{"@type":"WebSite","@id":"https:\/\/camping-kerisole.fr\/en\/#website","url":"https:\/\/camping-kerisole.fr\/en\/","name":"Camping Kerisole","description":"Un camping unique en Bretagne !","publisher":{"@id":"https:\/\/camping-kerisole.fr\/en\/#organization"},"potentialAction":[{"@type":"SearchAction","target":{"@type":"EntryPoint","urlTemplate":"https:\/\/camping-kerisole.fr\/en\/?s={search_term_string}"},"query-input":{"@type":"PropertyValueSpecification","valueRequired":true,"valueName":"search_term_string"}}],"inLanguage":"en-US"},{"@type":"Organization","@id":"https:\/\/camping-kerisole.fr\/en\/#organization","name":"Camping Kerisole***","url":"https:\/\/camping-kerisole.fr\/en\/","logo":{"@type":"ImageObject","inLanguage":"en-US","@id":"https:\/\/camping-kerisole.fr\/en\/#\/schema\/logo\/image\/","url":"https:\/\/camping-kerisole.fr\/wp-content\/uploads\/2022\/05\/logo-Camping-Kerisole-rectangulaire.png","contentUrl":"https:\/\/camping-kerisole.fr\/wp-content\/uploads\/2022\/05\/logo-Camping-Kerisole-rectangulaire.png","width":1148,"height":766,"caption":"Camping Kerisole***"},"image":{"@id":"https:\/\/camping-kerisole.fr\/en\/#\/schema\/logo\/image\/"},"sameAs":["http:\/\/www.facebook.com\/campingkerisole"]}]}},"_links":{"self":[{"href":"https:\/\/camping-kerisole.fr\/en\/wp-json\/wp\/v2\/pages\/3286","targetHints":{"allow":["GET"]}}],"collection":[{"href":"https:\/\/camping-kerisole.fr\/en\/wp-json\/wp\/v2\/pages"}],"about":[{"href":"https:\/\/camping-kerisole.fr\/en\/wp-json\/wp\/v2\/types\/page"}],"author":[{"embeddable":true,"href":"https:\/\/camping-kerisole.fr\/en\/wp-json\/wp\/v2\/users\/6"}],"replies":[{"embeddable":true,"href":"https:\/\/camping-kerisole.fr\/en\/wp-json\/wp\/v2\/comments?post=3286"}],"version-history":[{"count":0,"href":"https:\/\/camping-kerisole.fr\/en\/wp-json\/wp\/v2\/pages\/3286\/revisions"}],"wp:attachment":[{"href":"https:\/\/camping-kerisole.fr\/en\/wp-json\/wp\/v2\/media?parent=3286"}],"curies":[{"name":"wp","href":"https:\/\/api.w.org\/{rel}","templated":true}]}}