{"id":11514,"date":"2024-07-06T15:37:27","date_gmt":"2024-07-06T14:37:27","guid":{"rendered":"https:\/\/camping-kerisole.fr\/electric-bikes\/"},"modified":"2024-07-08T18:54:13","modified_gmt":"2024-07-08T17:54:13","slug":"electric-bikes","status":"publish","type":"page","link":"https:\/\/camping-kerisole.fr\/en\/electric-bikes\/","title":{"rendered":"Electric bikes"},"content":{"rendered":"<div class='avia-image-container  av-styling-    avia-align-center '  itemprop=\"ImageObject\" itemscope=\"itemscope\" itemtype=\"https:\/\/schema.org\/ImageObject\"  ><div class='avia-image-container-inner'><div class='avia-image-overlay-wrap'><a href='https:\/\/camping-kerisole.fr\/en\/reservation\/' class='avia_image'   target=\"_blank\" ><img class='avia_image ' src='https:\/\/camping-kerisole.fr\/wp-content\/uploads\/2024\/07\/Velo-electrique-300x150.png' alt='' title='V\u00e9lo \u00e9lectrique'  itemprop=\"thumbnailUrl\"  \/><\/a><\/div><\/div><\/div>\n<section class=\"av_textblock_section \"  itemscope=\"itemscope\" itemtype=\"https:\/\/schema.org\/CreativeWork\" ><div class='avia_textblock  '   itemprop=\"text\" ><p style=\"text-align: justify;\"><span style=\"color: #33cccc;\"><em>To make your stay at Camping Kerisole*** even more pleasant, depending on availability, we provide you with electric bikes to rent for the day or the week. You can <a href=\"https:\/\/camping-kerisole.fr\/en\/reservation\/\">reserve<\/a> them, either <a href=\"https:\/\/camping-kerisole.fr\/en\/reservation\/\">directly on our site <\/a>or <a href=\"mailto:info@camping-kerisole.fr\">by sending us an email<\/a>. The bikes are equipped with a long-lasting battery, puncture-proof tires, a basket and an anti-theft device. You can also rent a bicycle helmet.<\/em><\/span><\/p>\n<p>Rental of an electric bike with basket and lock ranging from a day for \u20ac35 to a week for \u20ac155.<\/p>\n<p>Rental of an adult bicycle helmet from \u20ac5.<\/p>\n<p>=&gt; Bike pick-up: between 8 a.m. and 10 a.m.<\/p>\n<p>=&gt; Return of the bike: between 3 p.m. and 6 p.m.<\/p>\n<p>Deposit: \u20ac900\/bike<\/p>\n<\/div><\/section>\n<div class='avia-data-table-wrap avia_responsive_table'><table class='avia-table avia-data-table avia-table-1  avia_pricing_minimal '  itemscope=\"itemscope\" itemtype=\"https:\/\/schema.org\/Table\" ><tbody><tr class='avia-heading-row'><th class='avia-center-col'>Duration of rental<\/th><th class='avia-center-col'>Rental of an electric bike with basket and lock <\/th><th class='avia-center-col'>Rental of an electric bike with basket and lock <\/th><\/tr><tr class=''><td class='avia-center-col'>1 day<\/td><td class='avia-center-col'>35\u20ac<\/td><td class='avia-center-col'>5\u20ac<\/td><\/tr><tr class=''><td class='avia-center-col'>2 days<\/td><td class='avia-center-col'>62\u20ac<\/td><td class='avia-center-col'>6\u20ac<\/td><\/tr><tr class=''><td class='avia-center-col'>3 days<\/td><td class='avia-center-col'>84\u20ac<\/td><td class='avia-center-col'>7\u20ac<\/td><\/tr><tr class=''><td class='avia-center-col'>4 days<\/td><td class='avia-center-col'>106\u20ac<\/td><td class='avia-center-col'>8\u20ac<\/td><\/tr><tr class=''><td class='avia-center-col'>5 days<\/td><td class='avia-center-col'>127\u20ac<\/td><td class='avia-center-col'>9\u20ac<\/td><\/tr><tr class=''><td class='avia-center-col'>6 days<\/td><td class='avia-center-col'>143\u20ac<\/td><td class='avia-center-col'>10\u20ac<\/td><\/tr><tr class=''><td class='avia-center-col'>7 days<\/td><td class='avia-center-col'>155\u20ac<\/td><td class='avia-center-col'>11\u20ac<\/td><\/tr><\/tbody><\/table><\/div><style type='text\/css'>.avia-table-1 td:nth-of-type(1):before { content: 'Duration of rental'; } .avia-table-1 td:nth-of-type(2):before { content: 'Rental of an electric bike with basket and lock '; } .avia-table-1 td:nth-of-type(3):before { content: 'Rental of an electric bike with basket and lock '; } <\/style>\n<section class=\"av_textblock_section \"  itemscope=\"itemscope\" itemtype=\"https:\/\/schema.org\/CreativeWork\" ><div class='avia_textblock  '   itemprop=\"text\" ><h4>Bike rental at Camping Kerisole***<\/h4>\n<p style=\"text-align: justify;\">Want to discover the surrounding areas of Finist\u00e8re by bike? Take advantage of the bike rental service at Camping Kerisole***. Rent an electric bike during your vacation to satisfy all your excursion desires.<\/p>\n<p style=\"text-align: justify;\">By reserving online before your arrival, you will find your bike ready to go, inviting you to explore the Voie Verte n\u00b07 passing right in front of Camping Kerisole***, as well as the V\u00e9lo Promenades, the picturesque villages like Concarneau, Pont -Aven, Quimperl\u00e9, Carhaix and much more. V\u00e9loc\u2019Ouest\u2019s high-end bikes, recognized throughout the Great West, ensure comfort and quality throughout your getaway.<\/p>\n<p style=\"text-align: justify;\">Admire our wonderful landscapes during a leisurely stroll or a sporting adventure! Pilot your cycling vacation and live an unforgettable experience.<\/p>\n<p style=\"text-align: justify;\">By <a href=\"https:\/\/camping-kerisole.fr\/en\/reservation\/\">simply booking online<\/a>, bike rental at Camping Kerisole*** offers you total peace of mind during your Breton stay.<\/p>\n<p style=\"text-align: justify;\">Opt for the pleasure of a bike ride on the Breton roads, explore the treasures of the region and enjoy your vacation on two wheels. Ready, Set ? Pedal!<\/p>\n<p style=\"text-align: justify;\">Find some ideas for cycle routes around Camping Kerisole*** <a href=\"https:\/\/camping-kerisole.fr\/en\/walking-and-cycling\/\"><strong><u>here <\/u><\/strong><\/a>in partnership with Accueil V\u00e9lo and the Quimperl\u00e9 les rias Tourist Office.<\/p>\n<\/div><\/section>\n","protected":false},"excerpt":{"rendered":"","protected":false},"author":6,"featured_media":11492,"parent":0,"menu_order":0,"comment_status":"closed","ping_status":"closed","template":"","meta":{"_exactmetrics_skip_tracking":false,"_exactmetrics_sitenote_active":false,"_exactmetrics_sitenote_note":"","_exactmetrics_sitenote_category":0,"footnotes":""},"class_list":["post-11514","page","type-page","status-publish","has-post-thumbnail","hentry"],"yoast_head":"<!-- This site is optimized with the Yoast SEO plugin v27.4 - https:\/\/yoast.com\/product\/yoast-seo-wordpress\/ -->\n<title>Electric bikes - Camping Kerisole<\/title>\n<meta name=\"description\" content=\"For an even more pleasant stay at our Camping Kerisole***, you can always rent electric bikes for a day or even a week.\" \/>\n<meta name=\"robots\" content=\"index, follow, max-snippet:-1, max-image-preview:large, max-video-preview:-1\" \/>\n<link rel=\"canonical\" href=\"https:\/\/camping-kerisole.fr\/en\/electric-bikes\/\" \/>\n<meta property=\"og:locale\" content=\"en_US\" \/>\n<meta property=\"og:type\" content=\"article\" \/>\n<meta property=\"og:title\" content=\"Electric bikes - Camping Kerisole\" \/>\n<meta property=\"og:description\" content=\"For an even more pleasant stay at our Camping Kerisole***, you can always rent electric bikes for a day or even a week.\" \/>\n<meta property=\"og:url\" content=\"https:\/\/camping-kerisole.fr\/en\/electric-bikes\/\" \/>\n<meta property=\"og:site_name\" content=\"Camping Kerisole\" \/>\n<meta property=\"article:publisher\" content=\"http:\/\/www.facebook.com\/campingkerisole\" \/>\n<meta property=\"article:modified_time\" content=\"2024-07-08T17:54:13+00:00\" \/>\n<meta property=\"og:image\" content=\"https:\/\/camping-kerisole.fr\/wp-content\/uploads\/2024\/07\/Velo-electrique.png\" \/>\n\t<meta property=\"og:image:width\" content=\"965\" \/>\n\t<meta property=\"og:image:height\" content=\"483\" \/>\n\t<meta property=\"og:image:type\" content=\"image\/png\" \/>\n<meta name=\"twitter:card\" content=\"summary_large_image\" \/>\n<meta name=\"twitter:label1\" content=\"Est. reading time\" \/>\n\t<meta name=\"twitter:data1\" content=\"4 minutes\" \/>\n<script type=\"application\/ld+json\" class=\"yoast-schema-graph\">{\"@context\":\"https:\\\/\\\/schema.org\",\"@graph\":[{\"@type\":\"WebPage\",\"@id\":\"https:\\\/\\\/camping-kerisole.fr\\\/en\\\/electric-bikes\\\/\",\"url\":\"https:\\\/\\\/camping-kerisole.fr\\\/en\\\/electric-bikes\\\/\",\"name\":\"Electric bikes - Camping Kerisole\",\"isPartOf\":{\"@id\":\"https:\\\/\\\/camping-kerisole.fr\\\/en\\\/#website\"},\"primaryImageOfPage\":{\"@id\":\"https:\\\/\\\/camping-kerisole.fr\\\/en\\\/electric-bikes\\\/#primaryimage\"},\"image\":{\"@id\":\"https:\\\/\\\/camping-kerisole.fr\\\/en\\\/electric-bikes\\\/#primaryimage\"},\"thumbnailUrl\":\"https:\\\/\\\/camping-kerisole.fr\\\/wp-content\\\/uploads\\\/2024\\\/07\\\/Velo-electrique.png\",\"datePublished\":\"2024-07-06T14:37:27+00:00\",\"dateModified\":\"2024-07-08T17:54:13+00:00\",\"description\":\"For an even more pleasant stay at our Camping Kerisole***, you can always rent electric bikes for a day or even a week.\",\"breadcrumb\":{\"@id\":\"https:\\\/\\\/camping-kerisole.fr\\\/en\\\/electric-bikes\\\/#breadcrumb\"},\"inLanguage\":\"en-US\",\"potentialAction\":[{\"@type\":\"ReadAction\",\"target\":[\"https:\\\/\\\/camping-kerisole.fr\\\/en\\\/electric-bikes\\\/\"]}]},{\"@type\":\"ImageObject\",\"inLanguage\":\"en-US\",\"@id\":\"https:\\\/\\\/camping-kerisole.fr\\\/en\\\/electric-bikes\\\/#primaryimage\",\"url\":\"https:\\\/\\\/camping-kerisole.fr\\\/wp-content\\\/uploads\\\/2024\\\/07\\\/Velo-electrique.png\",\"contentUrl\":\"https:\\\/\\\/camping-kerisole.fr\\\/wp-content\\\/uploads\\\/2024\\\/07\\\/Velo-electrique.png\",\"width\":965,\"height\":483},{\"@type\":\"BreadcrumbList\",\"@id\":\"https:\\\/\\\/camping-kerisole.fr\\\/en\\\/electric-bikes\\\/#breadcrumb\",\"itemListElement\":[{\"@type\":\"ListItem\",\"position\":1,\"name\":\"Accueil\",\"item\":\"https:\\\/\\\/camping-kerisole.fr\\\/en\\\/home\\\/\"},{\"@type\":\"ListItem\",\"position\":2,\"name\":\"Electric bikes\"}]},{\"@type\":\"WebSite\",\"@id\":\"https:\\\/\\\/camping-kerisole.fr\\\/en\\\/#website\",\"url\":\"https:\\\/\\\/camping-kerisole.fr\\\/en\\\/\",\"name\":\"Camping Kerisole\",\"description\":\"Un camping unique en Bretagne !\",\"publisher\":{\"@id\":\"https:\\\/\\\/camping-kerisole.fr\\\/en\\\/#organization\"},\"potentialAction\":[{\"@type\":\"SearchAction\",\"target\":{\"@type\":\"EntryPoint\",\"urlTemplate\":\"https:\\\/\\\/camping-kerisole.fr\\\/en\\\/?s={search_term_string}\"},\"query-input\":{\"@type\":\"PropertyValueSpecification\",\"valueRequired\":true,\"valueName\":\"search_term_string\"}}],\"inLanguage\":\"en-US\"},{\"@type\":\"Organization\",\"@id\":\"https:\\\/\\\/camping-kerisole.fr\\\/en\\\/#organization\",\"name\":\"Camping Kerisole***\",\"url\":\"https:\\\/\\\/camping-kerisole.fr\\\/en\\\/\",\"logo\":{\"@type\":\"ImageObject\",\"inLanguage\":\"en-US\",\"@id\":\"https:\\\/\\\/camping-kerisole.fr\\\/en\\\/#\\\/schema\\\/logo\\\/image\\\/\",\"url\":\"https:\\\/\\\/camping-kerisole.fr\\\/wp-content\\\/uploads\\\/2022\\\/05\\\/logo-Camping-Kerisole-rectangulaire.png\",\"contentUrl\":\"https:\\\/\\\/camping-kerisole.fr\\\/wp-content\\\/uploads\\\/2022\\\/05\\\/logo-Camping-Kerisole-rectangulaire.png\",\"width\":1148,\"height\":766,\"caption\":\"Camping Kerisole***\"},\"image\":{\"@id\":\"https:\\\/\\\/camping-kerisole.fr\\\/en\\\/#\\\/schema\\\/logo\\\/image\\\/\"},\"sameAs\":[\"http:\\\/\\\/www.facebook.com\\\/campingkerisole\"]}]}<\/script>\n<!-- \/ Yoast SEO plugin. -->","yoast_head_json":{"title":"Electric bikes - Camping Kerisole","description":"For an even more pleasant stay at our Camping Kerisole***, you can always rent electric bikes for a day or even a week.","robots":{"index":"index","follow":"follow","max-snippet":"max-snippet:-1","max-image-preview":"max-image-preview:large","max-video-preview":"max-video-preview:-1"},"canonical":"https:\/\/camping-kerisole.fr\/en\/electric-bikes\/","og_locale":"en_US","og_type":"article","og_title":"Electric bikes - Camping Kerisole","og_description":"For an even more pleasant stay at our Camping Kerisole***, you can always rent electric bikes for a day or even a week.","og_url":"https:\/\/camping-kerisole.fr\/en\/electric-bikes\/","og_site_name":"Camping Kerisole","article_publisher":"http:\/\/www.facebook.com\/campingkerisole","article_modified_time":"2024-07-08T17:54:13+00:00","og_image":[{"width":965,"height":483,"url":"https:\/\/camping-kerisole.fr\/wp-content\/uploads\/2024\/07\/Velo-electrique.png","type":"image\/png"}],"twitter_card":"summary_large_image","twitter_misc":{"Est. reading time":"4 minutes"},"schema":{"@context":"https:\/\/schema.org","@graph":[{"@type":"WebPage","@id":"https:\/\/camping-kerisole.fr\/en\/electric-bikes\/","url":"https:\/\/camping-kerisole.fr\/en\/electric-bikes\/","name":"Electric bikes - Camping Kerisole","isPartOf":{"@id":"https:\/\/camping-kerisole.fr\/en\/#website"},"primaryImageOfPage":{"@id":"https:\/\/camping-kerisole.fr\/en\/electric-bikes\/#primaryimage"},"image":{"@id":"https:\/\/camping-kerisole.fr\/en\/electric-bikes\/#primaryimage"},"thumbnailUrl":"https:\/\/camping-kerisole.fr\/wp-content\/uploads\/2024\/07\/Velo-electrique.png","datePublished":"2024-07-06T14:37:27+00:00","dateModified":"2024-07-08T17:54:13+00:00","description":"For an even more pleasant stay at our Camping Kerisole***, you can always rent electric bikes for a day or even a week.","breadcrumb":{"@id":"https:\/\/camping-kerisole.fr\/en\/electric-bikes\/#breadcrumb"},"inLanguage":"en-US","potentialAction":[{"@type":"ReadAction","target":["https:\/\/camping-kerisole.fr\/en\/electric-bikes\/"]}]},{"@type":"ImageObject","inLanguage":"en-US","@id":"https:\/\/camping-kerisole.fr\/en\/electric-bikes\/#primaryimage","url":"https:\/\/camping-kerisole.fr\/wp-content\/uploads\/2024\/07\/Velo-electrique.png","contentUrl":"https:\/\/camping-kerisole.fr\/wp-content\/uploads\/2024\/07\/Velo-electrique.png","width":965,"height":483},{"@type":"BreadcrumbList","@id":"https:\/\/camping-kerisole.fr\/en\/electric-bikes\/#breadcrumb","itemListElement":[{"@type":"ListItem","position":1,"name":"Accueil","item":"https:\/\/camping-kerisole.fr\/en\/home\/"},{"@type":"ListItem","position":2,"name":"Electric bikes"}]},{"@type":"WebSite","@id":"https:\/\/camping-kerisole.fr\/en\/#website","url":"https:\/\/camping-kerisole.fr\/en\/","name":"Camping Kerisole","description":"Un camping unique en Bretagne !","publisher":{"@id":"https:\/\/camping-kerisole.fr\/en\/#organization"},"potentialAction":[{"@type":"SearchAction","target":{"@type":"EntryPoint","urlTemplate":"https:\/\/camping-kerisole.fr\/en\/?s={search_term_string}"},"query-input":{"@type":"PropertyValueSpecification","valueRequired":true,"valueName":"search_term_string"}}],"inLanguage":"en-US"},{"@type":"Organization","@id":"https:\/\/camping-kerisole.fr\/en\/#organization","name":"Camping Kerisole***","url":"https:\/\/camping-kerisole.fr\/en\/","logo":{"@type":"ImageObject","inLanguage":"en-US","@id":"https:\/\/camping-kerisole.fr\/en\/#\/schema\/logo\/image\/","url":"https:\/\/camping-kerisole.fr\/wp-content\/uploads\/2022\/05\/logo-Camping-Kerisole-rectangulaire.png","contentUrl":"https:\/\/camping-kerisole.fr\/wp-content\/uploads\/2022\/05\/logo-Camping-Kerisole-rectangulaire.png","width":1148,"height":766,"caption":"Camping Kerisole***"},"image":{"@id":"https:\/\/camping-kerisole.fr\/en\/#\/schema\/logo\/image\/"},"sameAs":["http:\/\/www.facebook.com\/campingkerisole"]}]}},"_links":{"self":[{"href":"https:\/\/camping-kerisole.fr\/en\/wp-json\/wp\/v2\/pages\/11514","targetHints":{"allow":["GET"]}}],"collection":[{"href":"https:\/\/camping-kerisole.fr\/en\/wp-json\/wp\/v2\/pages"}],"about":[{"href":"https:\/\/camping-kerisole.fr\/en\/wp-json\/wp\/v2\/types\/page"}],"author":[{"embeddable":true,"href":"https:\/\/camping-kerisole.fr\/en\/wp-json\/wp\/v2\/users\/6"}],"replies":[{"embeddable":true,"href":"https:\/\/camping-kerisole.fr\/en\/wp-json\/wp\/v2\/comments?post=11514"}],"version-history":[{"count":6,"href":"https:\/\/camping-kerisole.fr\/en\/wp-json\/wp\/v2\/pages\/11514\/revisions"}],"predecessor-version":[{"id":11557,"href":"https:\/\/camping-kerisole.fr\/en\/wp-json\/wp\/v2\/pages\/11514\/revisions\/11557"}],"wp:featuredmedia":[{"embeddable":true,"href":"https:\/\/camping-kerisole.fr\/en\/wp-json\/wp\/v2\/media\/11492"}],"wp:attachment":[{"href":"https:\/\/camping-kerisole.fr\/en\/wp-json\/wp\/v2\/media?parent=11514"}],"curies":[{"name":"wp","href":"https:\/\/api.w.org\/{rel}","templated":true}]}}