{"id":9994,"date":"2023-01-19T10:58:57","date_gmt":"2023-01-19T09:58:57","guid":{"rendered":"https:\/\/camping-kerisole.fr\/itineraire\/"},"modified":"2023-07-11T19:45:36","modified_gmt":"2023-07-11T18:45:36","slug":"itineraire","status":"publish","type":"page","link":"https:\/\/camping-kerisole.fr\/de\/itineraire\/","title":{"rendered":"Reiseroute"},"content":{"rendered":"<section class=\"av_textblock_section \"  itemscope=\"itemscope\" itemtype=\"https:\/\/schema.org\/CreativeWork\" ><div class='avia_textblock  '   itemprop=\"text\" ><h4 style=\"text-align: center;\">Willkommen in der Bretagne!<\/h4>\n<\/div><\/section>\n<section class=\"av_textblock_section \"  itemscope=\"itemscope\" itemtype=\"https:\/\/schema.org\/CreativeWork\" ><div class='avia_textblock  '   itemprop=\"text\" ><p>Entspannen Sie sich in der Ruhe von 15 Hektar Gr\u00fcn! Es gibt viele M\u00f6glichkeiten, Monate, Wochen, ein paar Tage oder nur eine Nacht in unserem Camping Kerisole*** zu verbringen:<\/p>\n<p><strong><a href=\"https:\/\/www.google.fr\/maps\/place\/48%C2%B001'41.3%22N+3%C2%B041%20'39.9%22W\/@48.0099669,-4.0099495,9.75z\/data=!4m5!3m4!1s0x0:0xa7fe4f86a8a82ac4!8m2!3d48.0281369!4d-3.6944265?hl=de\" target=\"_blank\" rel=\"noopener\">Karte \u2013 wo liegt Camping Kerisole?<\/a><\/strong><\/p>\n<p>zu Fu\u00df: Ja, Sie k\u00f6nnen bei einem kurzen Spaziergang von einigen zehn Kilometern durchkommen, aber auch als echter Weltenbummler. Da wir uns auf dem Greenway Nr. 7 befinden, m\u00fcssen Sie nur den Parkplatz am Eingang des Campingplatzes Kerisole*** \u00fcberqueren, Sie k\u00f6nnen zu Fu\u00df kommen und dies ohne von motorisierten Fahrzeugen auf der ganzen Strecke gest\u00f6rt zu werden.<\/p>\n<p><strong>mit dem Fahrrad:\u00a0<\/strong>ah, Sie finden alle Arten von Einrichtungen, um Ihren Aufenthalt zu genie\u00dfen, Sie finden geteerte Stra\u00dfen und befestigte Wege f\u00fcr das Radfahren mit Klassikern, Rennr\u00e4dern, VTC und Tandem sowie mehr oder weniger zug\u00e4ngliche Strecken f\u00fcr Mountainbikes, die f\u00fcr ein gro\u00dfes Ausdauerabenteuer geeignet sind, alle mit oder ohne elektrische Unterst\u00fctzung, denn Sie k\u00f6nnen Ihre Batterien und die Ihrer Fahrr\u00e4der w\u00e4hrend Ihres Aufenthalts auf unserem Camping Kerisole kostenlos aufladen*** .<\/p>\n<p><strong>mit dem Bus:<\/strong>\u00a0Auf 650 m haben Sie die Haltestelle Croix Sinquin der Linie 01 (Guiscriff \u2013 Sca\u00ebr \u2013 St-Thurien \u2013 Mellac \u2013 Quimperl\u00e9) und auf 700 m Sie finden Sie die Haltestelle Centre Poste Linie 01 und 02 (Sca\u00ebr \u2013 Bannalec \u2013 Mellac \u2013 Quimperl\u00e9)<\/p>\n<p><strong>mit dem Zug:<\/strong>\u00a0Die drei SNCF-Bahnh\u00f6fe in der N\u00e4he der Stadt befinden sich in Rosporden und Bannalec in 15 km Entfernung und in Quimperl\u00e9 in 25 km Entfernung<\/p>\n<p><strong>mit dem Flugzeug<\/strong>: die Flugh\u00e4fen von Quimper (Pluguffan, 02 98 94 30 30), Lorient (Lann Bihou\u00e9, 02 97 87 21 50) und Brest (<a href=\"mailto:info@brest.aeroport.bzh\">info@brest.aeroport.bzh<\/a>) bieten regelm\u00e4\u00dfige Verbindungen mit Paris, Bordeaux, Marseille, Nizza und den wichtigsten europ\u00e4ischen Hauptst\u00e4dten (manchmal \u00fcber Paris).<\/p>\n<p><strong>mit dem Motorrad, Auto oder Wohnmobil:<\/strong>\u00a0Sie k\u00f6nnen die Schnellstra\u00dfe N165-E60 nehmen, Ausfahrt Sca\u00ebr-Bannalec, Richtung Bannalec, dann Sca\u00ebr. Im Abstieg, 50 m von der Kirche Sainte Candide entfernt, gegen\u00fcber der neuen Mediathek, befindet sich der Zugang zum Camping Kerisole***, 100 m geradeaus und Sie sind angekommen!<\/p>\n<p>Sie k\u00f6nnen auch alle Zugangsm\u00f6glichkeiten auf\u00a0<a href=\"https:\/\/www.scaer.bzh\/ma-ville\/decouvrir-la-commune%20\/map-and%20sehen%20-Zugriff\/\">auf die Website der Gemeinde Sca\u00ebr.<\/a><\/p>\n<p><strong><a href=\"https:\/\/camping-kerisole.fr\/de\/reservation\/\" target=\"_blank\" rel=\"noopener\">=&gt; Sie k\u00f6nnen den personalisierten Preis berechnen und jederzeit buchen, indem Sie hier klicken<\/a><\/strong><\/p>\n<\/div><\/section>\n<div  data-size='featured'  data-lightbox_size='large'  data-animation='fade'  data-conditional_play=''  data-ids='9980,9976,9984'  data-video_counter='0'  data-autoplay='true'  data-bg_slider='false'  data-slide_height=''  data-handle='av_slideshow'  data-interval='2'  data-class=' '  data-css_id=''  data-scroll_down=''  data-control_layout='av-control-default'  data-custom_markup=''  data-perma_caption=''  data-autoplay_stopper=''  data-image_attachment=''  data-min_height='0px'  data-default-height='28.666666666667'  class='avia-slideshow avia-slideshow-1  av-control-default av-default-height-applied avia-slideshow-featured av_slideshow   avia-fade-slider '  itemprop=\"ImageObject\" itemscope=\"itemscope\" itemtype=\"https:\/\/schema.org\/ImageObject\" ><ul class='avia-slideshow-inner ' style='padding-bottom: 28.666666666667%;' ><li  class=' slide-1 ' ><div data-rel='slideshow-1' class='avia-slide-wrap '   ><img src='https:\/\/camping-kerisole.fr\/wp-content\/uploads\/2023\/01\/plan-acces-Camping-Kerisole-1-1500x430.jpg' width='1500' height='430' title='plan acc\u00e8s Camping Kerisole' alt=''  itemprop=\"thumbnailUrl\"   \/><\/div><\/li><li  class=' slide-2 ' ><div data-rel='slideshow-1' class='avia-slide-wrap '   ><img src='https:\/\/camping-kerisole.fr\/wp-content\/uploads\/2023\/01\/plan-bourg-de-Scaer-avec-Camping-Kerisole-1500x430.jpg' width='1500' height='430' title='plan bourg de Sca\u00ebr avec Camping Kerisole' alt=''  itemprop=\"thumbnailUrl\"   \/><\/div><\/li><li  class=' slide-3 ' ><div data-rel='slideshow-1' class='avia-slide-wrap '   ><img src='https:\/\/camping-kerisole.fr\/wp-content\/uploads\/2023\/01\/plan-Bretagne-acces-Camping-Kerisole-1500x430.jpg' width='1500' height='430' title='plan Bretagne acc\u00e8s Camping Kerisole' alt=''  itemprop=\"thumbnailUrl\"   \/><\/div><\/li><\/ul><div class='avia-slideshow-arrows avia-slideshow-controls'><a href='#prev' class='prev-slide' aria-hidden='true' data-av_icon='\ue87c' data-av_iconfont='entypo-fontello'>Zur\u00fcck<\/a><a href='#next' class='next-slide' aria-hidden='true' data-av_icon='\ue87d' data-av_iconfont='entypo-fontello'>Weiter<\/a><\/div><div class='avia-slideshow-dots avia-slideshow-controls'><a href='#1' class='goto-slide active' >1<\/a><a href='#2' class='goto-slide ' >2<\/a><a href='#3' class='goto-slide ' >3<\/a><\/div><\/div>\n","protected":false},"excerpt":{"rendered":"","protected":false},"author":6,"featured_media":9987,"parent":0,"menu_order":0,"comment_status":"closed","ping_status":"closed","template":"","meta":{"_exactmetrics_skip_tracking":false,"_exactmetrics_sitenote_active":false,"_exactmetrics_sitenote_note":"","_exactmetrics_sitenote_category":0,"footnotes":""},"class_list":["post-9994","page","type-page","status-publish","has-post-thumbnail","hentry"],"yoast_head":"<!-- This site is optimized with the Yoast SEO plugin v27.3 - https:\/\/yoast.com\/product\/yoast-seo-wordpress\/ -->\n<title>Reiseroute - Camping Kerisole<\/title>\n<meta name=\"description\" content=\"Entspannen Sie sich in der Ruhe von 15 Hektar Gr\u00fcn! Es gibt mehrere M\u00f6glichkeiten, Wochen, ein paar Tage oder eine Nacht zu verbringen\" \/>\n<meta name=\"robots\" content=\"index, follow, max-snippet:-1, max-image-preview:large, max-video-preview:-1\" \/>\n<link rel=\"canonical\" href=\"https:\/\/camping-kerisole.fr\/de\/itineraire\/\" \/>\n<meta property=\"og:locale\" content=\"de_DE\" \/>\n<meta property=\"og:type\" content=\"article\" \/>\n<meta property=\"og:title\" content=\"Reiseroute - Camping Kerisole\" \/>\n<meta property=\"og:description\" content=\"Entspannen Sie sich in der Ruhe von 15 Hektar Gr\u00fcn! Es gibt mehrere M\u00f6glichkeiten, Wochen, ein paar Tage oder eine Nacht zu verbringen\" \/>\n<meta property=\"og:url\" content=\"https:\/\/camping-kerisole.fr\/de\/itineraire\/\" \/>\n<meta property=\"og:site_name\" content=\"Camping Kerisole\" \/>\n<meta property=\"article:publisher\" content=\"http:\/\/www.facebook.com\/campingkerisole\" \/>\n<meta property=\"article:modified_time\" content=\"2023-07-11T18:45:36+00:00\" \/>\n<meta property=\"og:image\" content=\"https:\/\/camping-kerisole.fr\/wp-content\/uploads\/2023\/01\/plan-Bretagne-acces-Camping-Kerisole-scaled.jpg\" \/>\n\t<meta property=\"og:image:width\" content=\"1500\" \/>\n\t<meta property=\"og:image:height\" content=\"991\" \/>\n\t<meta property=\"og:image:type\" content=\"image\/jpeg\" \/>\n<meta name=\"twitter:card\" content=\"summary_large_image\" \/>\n<meta name=\"twitter:label1\" content=\"Gesch\u00e4tzte Lesezeit\" \/>\n\t<meta name=\"twitter:data1\" content=\"3\u00a0Minuten\" \/>\n<script type=\"application\/ld+json\" class=\"yoast-schema-graph\">{\"@context\":\"https:\\\/\\\/schema.org\",\"@graph\":[{\"@type\":\"WebPage\",\"@id\":\"https:\\\/\\\/camping-kerisole.fr\\\/de\\\/itineraire\\\/\",\"url\":\"https:\\\/\\\/camping-kerisole.fr\\\/de\\\/itineraire\\\/\",\"name\":\"Reiseroute - Camping Kerisole\",\"isPartOf\":{\"@id\":\"https:\\\/\\\/camping-kerisole.fr\\\/de\\\/#website\"},\"primaryImageOfPage\":{\"@id\":\"https:\\\/\\\/camping-kerisole.fr\\\/de\\\/itineraire\\\/#primaryimage\"},\"image\":{\"@id\":\"https:\\\/\\\/camping-kerisole.fr\\\/de\\\/itineraire\\\/#primaryimage\"},\"thumbnailUrl\":\"https:\\\/\\\/camping-kerisole.fr\\\/wp-content\\\/uploads\\\/2023\\\/01\\\/plan-Bretagne-acces-Camping-Kerisole-scaled.jpg\",\"datePublished\":\"2023-01-19T09:58:57+00:00\",\"dateModified\":\"2023-07-11T18:45:36+00:00\",\"description\":\"Entspannen Sie sich in der Ruhe von 15 Hektar Gr\u00fcn! Es gibt mehrere M\u00f6glichkeiten, Wochen, ein paar Tage oder eine Nacht zu verbringen\",\"breadcrumb\":{\"@id\":\"https:\\\/\\\/camping-kerisole.fr\\\/de\\\/itineraire\\\/#breadcrumb\"},\"inLanguage\":\"de\",\"potentialAction\":[{\"@type\":\"ReadAction\",\"target\":[\"https:\\\/\\\/camping-kerisole.fr\\\/de\\\/itineraire\\\/\"]}]},{\"@type\":\"ImageObject\",\"inLanguage\":\"de\",\"@id\":\"https:\\\/\\\/camping-kerisole.fr\\\/de\\\/itineraire\\\/#primaryimage\",\"url\":\"https:\\\/\\\/camping-kerisole.fr\\\/wp-content\\\/uploads\\\/2023\\\/01\\\/plan-Bretagne-acces-Camping-Kerisole-scaled.jpg\",\"contentUrl\":\"https:\\\/\\\/camping-kerisole.fr\\\/wp-content\\\/uploads\\\/2023\\\/01\\\/plan-Bretagne-acces-Camping-Kerisole-scaled.jpg\",\"width\":1500,\"height\":991},{\"@type\":\"BreadcrumbList\",\"@id\":\"https:\\\/\\\/camping-kerisole.fr\\\/de\\\/itineraire\\\/#breadcrumb\",\"itemListElement\":[{\"@type\":\"ListItem\",\"position\":1,\"name\":\"Accueil\",\"item\":\"https:\\\/\\\/camping-kerisole.fr\\\/de\\\/startseite\\\/\"},{\"@type\":\"ListItem\",\"position\":2,\"name\":\"Reiseroute\"}]},{\"@type\":\"WebSite\",\"@id\":\"https:\\\/\\\/camping-kerisole.fr\\\/de\\\/#website\",\"url\":\"https:\\\/\\\/camping-kerisole.fr\\\/de\\\/\",\"name\":\"Camping Kerisole\",\"description\":\"Un camping unique en Bretagne !\",\"publisher\":{\"@id\":\"https:\\\/\\\/camping-kerisole.fr\\\/de\\\/#organization\"},\"potentialAction\":[{\"@type\":\"SearchAction\",\"target\":{\"@type\":\"EntryPoint\",\"urlTemplate\":\"https:\\\/\\\/camping-kerisole.fr\\\/de\\\/?s={search_term_string}\"},\"query-input\":{\"@type\":\"PropertyValueSpecification\",\"valueRequired\":true,\"valueName\":\"search_term_string\"}}],\"inLanguage\":\"de\"},{\"@type\":\"Organization\",\"@id\":\"https:\\\/\\\/camping-kerisole.fr\\\/de\\\/#organization\",\"name\":\"Camping Kerisole***\",\"url\":\"https:\\\/\\\/camping-kerisole.fr\\\/de\\\/\",\"logo\":{\"@type\":\"ImageObject\",\"inLanguage\":\"de\",\"@id\":\"https:\\\/\\\/camping-kerisole.fr\\\/de\\\/#\\\/schema\\\/logo\\\/image\\\/\",\"url\":\"https:\\\/\\\/camping-kerisole.fr\\\/wp-content\\\/uploads\\\/2022\\\/05\\\/logo-Camping-Kerisole-rectangulaire.png\",\"contentUrl\":\"https:\\\/\\\/camping-kerisole.fr\\\/wp-content\\\/uploads\\\/2022\\\/05\\\/logo-Camping-Kerisole-rectangulaire.png\",\"width\":1148,\"height\":766,\"caption\":\"Camping Kerisole***\"},\"image\":{\"@id\":\"https:\\\/\\\/camping-kerisole.fr\\\/de\\\/#\\\/schema\\\/logo\\\/image\\\/\"},\"sameAs\":[\"http:\\\/\\\/www.facebook.com\\\/campingkerisole\"]}]}<\/script>\n<!-- \/ Yoast SEO plugin. -->","yoast_head_json":{"title":"Reiseroute - Camping Kerisole","description":"Entspannen Sie sich in der Ruhe von 15 Hektar Gr\u00fcn! Es gibt mehrere M\u00f6glichkeiten, Wochen, ein paar Tage oder eine Nacht zu verbringen","robots":{"index":"index","follow":"follow","max-snippet":"max-snippet:-1","max-image-preview":"max-image-preview:large","max-video-preview":"max-video-preview:-1"},"canonical":"https:\/\/camping-kerisole.fr\/de\/itineraire\/","og_locale":"de_DE","og_type":"article","og_title":"Reiseroute - Camping Kerisole","og_description":"Entspannen Sie sich in der Ruhe von 15 Hektar Gr\u00fcn! Es gibt mehrere M\u00f6glichkeiten, Wochen, ein paar Tage oder eine Nacht zu verbringen","og_url":"https:\/\/camping-kerisole.fr\/de\/itineraire\/","og_site_name":"Camping Kerisole","article_publisher":"http:\/\/www.facebook.com\/campingkerisole","article_modified_time":"2023-07-11T18:45:36+00:00","og_image":[{"width":1500,"height":991,"url":"https:\/\/camping-kerisole.fr\/wp-content\/uploads\/2023\/01\/plan-Bretagne-acces-Camping-Kerisole-scaled.jpg","type":"image\/jpeg"}],"twitter_card":"summary_large_image","twitter_misc":{"Gesch\u00e4tzte Lesezeit":"3\u00a0Minuten"},"schema":{"@context":"https:\/\/schema.org","@graph":[{"@type":"WebPage","@id":"https:\/\/camping-kerisole.fr\/de\/itineraire\/","url":"https:\/\/camping-kerisole.fr\/de\/itineraire\/","name":"Reiseroute - Camping Kerisole","isPartOf":{"@id":"https:\/\/camping-kerisole.fr\/de\/#website"},"primaryImageOfPage":{"@id":"https:\/\/camping-kerisole.fr\/de\/itineraire\/#primaryimage"},"image":{"@id":"https:\/\/camping-kerisole.fr\/de\/itineraire\/#primaryimage"},"thumbnailUrl":"https:\/\/camping-kerisole.fr\/wp-content\/uploads\/2023\/01\/plan-Bretagne-acces-Camping-Kerisole-scaled.jpg","datePublished":"2023-01-19T09:58:57+00:00","dateModified":"2023-07-11T18:45:36+00:00","description":"Entspannen Sie sich in der Ruhe von 15 Hektar Gr\u00fcn! Es gibt mehrere M\u00f6glichkeiten, Wochen, ein paar Tage oder eine Nacht zu verbringen","breadcrumb":{"@id":"https:\/\/camping-kerisole.fr\/de\/itineraire\/#breadcrumb"},"inLanguage":"de","potentialAction":[{"@type":"ReadAction","target":["https:\/\/camping-kerisole.fr\/de\/itineraire\/"]}]},{"@type":"ImageObject","inLanguage":"de","@id":"https:\/\/camping-kerisole.fr\/de\/itineraire\/#primaryimage","url":"https:\/\/camping-kerisole.fr\/wp-content\/uploads\/2023\/01\/plan-Bretagne-acces-Camping-Kerisole-scaled.jpg","contentUrl":"https:\/\/camping-kerisole.fr\/wp-content\/uploads\/2023\/01\/plan-Bretagne-acces-Camping-Kerisole-scaled.jpg","width":1500,"height":991},{"@type":"BreadcrumbList","@id":"https:\/\/camping-kerisole.fr\/de\/itineraire\/#breadcrumb","itemListElement":[{"@type":"ListItem","position":1,"name":"Accueil","item":"https:\/\/camping-kerisole.fr\/de\/startseite\/"},{"@type":"ListItem","position":2,"name":"Reiseroute"}]},{"@type":"WebSite","@id":"https:\/\/camping-kerisole.fr\/de\/#website","url":"https:\/\/camping-kerisole.fr\/de\/","name":"Camping Kerisole","description":"Un camping unique en Bretagne !","publisher":{"@id":"https:\/\/camping-kerisole.fr\/de\/#organization"},"potentialAction":[{"@type":"SearchAction","target":{"@type":"EntryPoint","urlTemplate":"https:\/\/camping-kerisole.fr\/de\/?s={search_term_string}"},"query-input":{"@type":"PropertyValueSpecification","valueRequired":true,"valueName":"search_term_string"}}],"inLanguage":"de"},{"@type":"Organization","@id":"https:\/\/camping-kerisole.fr\/de\/#organization","name":"Camping Kerisole***","url":"https:\/\/camping-kerisole.fr\/de\/","logo":{"@type":"ImageObject","inLanguage":"de","@id":"https:\/\/camping-kerisole.fr\/de\/#\/schema\/logo\/image\/","url":"https:\/\/camping-kerisole.fr\/wp-content\/uploads\/2022\/05\/logo-Camping-Kerisole-rectangulaire.png","contentUrl":"https:\/\/camping-kerisole.fr\/wp-content\/uploads\/2022\/05\/logo-Camping-Kerisole-rectangulaire.png","width":1148,"height":766,"caption":"Camping Kerisole***"},"image":{"@id":"https:\/\/camping-kerisole.fr\/de\/#\/schema\/logo\/image\/"},"sameAs":["http:\/\/www.facebook.com\/campingkerisole"]}]}},"_links":{"self":[{"href":"https:\/\/camping-kerisole.fr\/de\/wp-json\/wp\/v2\/pages\/9994","targetHints":{"allow":["GET"]}}],"collection":[{"href":"https:\/\/camping-kerisole.fr\/de\/wp-json\/wp\/v2\/pages"}],"about":[{"href":"https:\/\/camping-kerisole.fr\/de\/wp-json\/wp\/v2\/types\/page"}],"author":[{"embeddable":true,"href":"https:\/\/camping-kerisole.fr\/de\/wp-json\/wp\/v2\/users\/6"}],"replies":[{"embeddable":true,"href":"https:\/\/camping-kerisole.fr\/de\/wp-json\/wp\/v2\/comments?post=9994"}],"version-history":[{"count":3,"href":"https:\/\/camping-kerisole.fr\/de\/wp-json\/wp\/v2\/pages\/9994\/revisions"}],"predecessor-version":[{"id":10864,"href":"https:\/\/camping-kerisole.fr\/de\/wp-json\/wp\/v2\/pages\/9994\/revisions\/10864"}],"wp:featuredmedia":[{"embeddable":true,"href":"https:\/\/camping-kerisole.fr\/de\/wp-json\/wp\/v2\/media\/9987"}],"wp:attachment":[{"href":"https:\/\/camping-kerisole.fr\/de\/wp-json\/wp\/v2\/media?parent=9994"}],"curies":[{"name":"wp","href":"https:\/\/api.w.org\/{rel}","templated":true}]}}