{"id":9471,"date":"2022-06-06T20:34:08","date_gmt":"2022-06-06T19:34:08","guid":{"rendered":"https:\/\/camping-kerisole.fr\/beheiztes-und-ueberdachtes-schwimmbad\/"},"modified":"2023-12-02T17:22:06","modified_gmt":"2023-12-02T16:22:06","slug":"beheiztes-und-ueberdachtes-schwimmbad","status":"publish","type":"page","link":"https:\/\/camping-kerisole.fr\/de\/beheiztes-und-ueberdachtes-schwimmbad\/","title":{"rendered":"Beheiztes und \u00fcberdachtes Schwimmbad"},"content":{"rendered":"<div class=\"flex_column av_one_full  flex_column_div av-zero-column-padding first  \" style='border-radius:0px; '><section class=\"av_textblock_section \"  itemscope=\"itemscope\" itemtype=\"https:\/\/schema.org\/CreativeWork\" ><div class='avia_textblock  '   itemprop=\"text\" ><h4>Beheiztes und \u00fcberdachtes Schwimmbad in einer ruhigen Gegend<\/h4>\n<p>W\u00e4hrend der Saison, k\u00f6nnen Sie in einem 10 x 5 m gro\u00dfen, \u00fcberdachten und beheizten Pool schwimmen, die teilweise schattige Terrasse, sowie ein privates Chalet mit Whirlpool und Sauna bei bis zu 65\u00b0C genie\u00dfen.<\/p>\n<p>Sie k\u00f6nnen nat\u00fcrlich auch im kleinen Fluss Isole waten, an die K\u00fcste gehen, um die Sandstr\u00e4nde zu genie\u00dfen und im Meer zu schwimmen, oder 5 Minuten zu Fu\u00df gehen, um im beheizten und \u00fcberdachten Pool von Sca\u00ebr mit seinen Rutschen, SPA usw. zu schwimmen.<\/p>\n<p><u>Preise:<\/u><\/p>\n<p><strong><u>Jacuzzi:<\/u><\/strong> 10\u20ac\/Stunde, max. 4 Personen oder\u00a0<strong><u>Sauna:<\/u><\/strong>\u00a010\u20ac\/Stunde, max. 2 Personen.<\/p>\n<\/div><\/section><\/div><div  data-size='no scaling'  data-lightbox_size='large'  data-animation='slide'  data-conditional_play=''  data-ids='10353,10349,10345,10341,10337,10333'  data-video_counter='0'  data-autoplay='true'  data-bg_slider='false'  data-slide_height=''  data-handle='av_slideshow'  data-interval='3'  data-class=' '  data-css_id=''  data-scroll_down=''  data-control_layout='av-control-default'  data-custom_markup=''  data-perma_caption=''  data-autoplay_stopper=''  data-image_attachment=''  data-min_height='0px'  class='avia-slideshow avia-slideshow-1  av-control-default av-default-height-applied avia-slideshow-no scaling av_slideshow   avia-slide-slider '  itemprop=\"ImageObject\" itemscope=\"itemscope\" itemtype=\"https:\/\/schema.org\/ImageObject\" ><ul class='avia-slideshow-inner ' style='padding-bottom: 132.86093888397%;' ><li  class=' slide-1 ' ><div data-rel='slideshow-1' class='avia-slide-wrap '   ><img src='https:\/\/camping-kerisole.fr\/wp-content\/uploads\/2023\/06\/PXL_20230622_152107792-scaled.jpg' width='1129' height='1500' title='PXL_20230622_152107792' alt=''  itemprop=\"thumbnailUrl\"   \/><\/div><\/li><li  class=' slide-2 ' ><div data-rel='slideshow-1' class='avia-slide-wrap '   ><img src='https:\/\/camping-kerisole.fr\/wp-content\/uploads\/2023\/06\/PXL_20230622_150048789-scaled.jpg' width='1500' height='1129' title='PXL_20230622_150048789' alt=''  itemprop=\"thumbnailUrl\"   \/><\/div><\/li><li  class=' slide-3 ' ><div data-rel='slideshow-1' class='avia-slide-wrap '   ><img src='https:\/\/camping-kerisole.fr\/wp-content\/uploads\/2023\/06\/PXL_20230622_150040137-scaled.jpg' width='1500' height='1130' title='PXL_20230622_150040137' alt=''  itemprop=\"thumbnailUrl\"   \/><\/div><\/li><li  class=' slide-4 ' ><div data-rel='slideshow-1' class='avia-slide-wrap '   ><img src='https:\/\/camping-kerisole.fr\/wp-content\/uploads\/2023\/06\/PXL_20230622_150031000-scaled.jpg' width='1500' height='1129' title='PXL_20230622_150031000' alt=''  itemprop=\"thumbnailUrl\"   \/><\/div><\/li><li  class=' slide-5 ' ><div data-rel='slideshow-1' class='avia-slide-wrap '   ><img src='https:\/\/camping-kerisole.fr\/wp-content\/uploads\/2023\/06\/PXL_20230622_150013436.jpg' width='1435' height='1080' title='PXL_20230622_150013436' alt=''  itemprop=\"thumbnailUrl\"   \/><\/div><\/li><li  class=' slide-6 ' ><div data-rel='slideshow-1' class='avia-slide-wrap '   ><img src='https:\/\/camping-kerisole.fr\/wp-content\/uploads\/2023\/06\/PXL_20230622_145937730-scaled.jpg' width='1500' height='1129' title='PXL_20230622_145937730' alt=''  itemprop=\"thumbnailUrl\"   \/><\/div><\/li><\/ul><div class='avia-slideshow-arrows avia-slideshow-controls'><a href='#prev' class='prev-slide' aria-hidden='true' data-av_icon='\ue87c' data-av_iconfont='entypo-fontello'>Zur\u00fcck<\/a><a href='#next' class='next-slide' aria-hidden='true' data-av_icon='\ue87d' data-av_iconfont='entypo-fontello'>Weiter<\/a><\/div><div class='avia-slideshow-dots avia-slideshow-controls'><a href='#1' class='goto-slide active' >1<\/a><a href='#2' class='goto-slide ' >2<\/a><a href='#3' class='goto-slide ' >3<\/a><a href='#4' class='goto-slide ' >4<\/a><a href='#5' class='goto-slide ' >5<\/a><a href='#6' class='goto-slide ' >6<\/a><\/div><\/div><\/p>\n<div class=\"flex_column av_one_third  flex_column_div av-zero-column-padding first  \" style='border-radius:0px; '><div class='avia-image-container  av-styling-    avia-align-center '  itemprop=\"ImageObject\" itemscope=\"itemscope\" itemtype=\"https:\/\/schema.org\/ImageObject\"  ><div class='avia-image-container-inner'><div class='avia-image-overlay-wrap'><img class='avia_image ' src='https:\/\/camping-kerisole.fr\/wp-content\/uploads\/2022\/05\/bien-etre-avec-Morgane-4-300x287.png' alt='' title='bien \u00eatre avec Morgane 4' height=\"287\"width=\"300\"  itemprop=\"thumbnailUrl\"  \/><\/div><\/div><\/div><\/div>\n<div class=\"flex_column av_one_third  flex_column_div av-zero-column-padding   \" style='border-radius:0px; '><div class='avia-image-container  av-styling-    avia-align-center '  itemprop=\"ImageObject\" itemscope=\"itemscope\" itemtype=\"https:\/\/schema.org\/ImageObject\"  ><div class='avia-image-container-inner'><div class='avia-image-overlay-wrap'><img class='avia_image ' src='https:\/\/camping-kerisole.fr\/wp-content\/uploads\/2022\/06\/Piscine-Scaer.jpg' alt='' title='Schwimmbad Sca\u00ebr' height=\"515\"width=\"843\"  itemprop=\"thumbnailUrl\"  \/><\/div><\/div><\/div><\/div>\n<div class=\"flex_column av_one_third  flex_column_div av-zero-column-padding   \" style='border-radius:0px; '><div class='avia-image-container  av-styling- av-hover-grow   avia-align-center '  itemprop=\"ImageObject\" itemscope=\"itemscope\" itemtype=\"https:\/\/schema.org\/ImageObject\"  ><div class='avia-image-container-inner'><div class='avia-image-overlay-wrap'><img class='avia_image ' src='https:\/\/camping-kerisole.fr\/wp-content\/uploads\/2015\/11\/Duinpad-min-300x191.jpg' alt='' title='Duinpad-min' height=\"191\"width=\"300\"  itemprop=\"thumbnailUrl\"  \/><\/div><\/div><\/div><\/div>\n<div id='fullscreen_slider_1' class='avia-fullscreen-slider main_color   container_wrap fullsize'   ><\/div>\n\n","protected":false},"excerpt":{"rendered":"","protected":false},"author":6,"featured_media":10356,"parent":0,"menu_order":0,"comment_status":"closed","ping_status":"closed","template":"","meta":{"_exactmetrics_skip_tracking":false,"_exactmetrics_sitenote_active":false,"_exactmetrics_sitenote_note":"","_exactmetrics_sitenote_category":0,"footnotes":""},"class_list":["post-9471","page","type-page","status-publish","has-post-thumbnail","hentry"],"yoast_head":"<!-- This site is optimized with the Yoast SEO plugin v27.4 - https:\/\/yoast.com\/product\/yoast-seo-wordpress\/ -->\n<title>Beheiztes und \u00fcberdachtes Schwimmbad - Camping Kerisole<\/title>\n<meta name=\"description\" content=\"Sie k\u00f6nnen in einem 10 x 5 m gro\u00dfen Pool schwimmen, der \u00fcberdacht und beheizt ist und \u00fcber eine teilweise schattige Terrasse und ein privates SPA-Chalet verf\u00fcgt\" \/>\n<meta name=\"robots\" content=\"index, follow, max-snippet:-1, max-image-preview:large, max-video-preview:-1\" \/>\n<link rel=\"canonical\" href=\"https:\/\/camping-kerisole.fr\/de\/beheiztes-und-ueberdachtes-schwimmbad\/\" \/>\n<meta property=\"og:locale\" content=\"de_DE\" \/>\n<meta property=\"og:type\" content=\"article\" \/>\n<meta property=\"og:title\" content=\"Beheiztes und \u00fcberdachtes Schwimmbad - Camping Kerisole\" \/>\n<meta property=\"og:description\" content=\"Sie k\u00f6nnen in einem 10 x 5 m gro\u00dfen Pool schwimmen, der \u00fcberdacht und beheizt ist und \u00fcber eine teilweise schattige Terrasse und ein privates SPA-Chalet verf\u00fcgt\" \/>\n<meta property=\"og:url\" content=\"https:\/\/camping-kerisole.fr\/de\/beheiztes-und-ueberdachtes-schwimmbad\/\" \/>\n<meta property=\"og:site_name\" content=\"Camping Kerisole\" \/>\n<meta property=\"article:publisher\" content=\"http:\/\/www.facebook.com\/campingkerisole\" \/>\n<meta property=\"article:modified_time\" content=\"2023-12-02T16:22:06+00:00\" \/>\n<meta property=\"og:image\" content=\"https:\/\/camping-kerisole.fr\/wp-content\/uploads\/2023\/06\/PXL_20230622_152107792-scaled.jpg\" \/>\n\t<meta property=\"og:image:width\" content=\"1129\" \/>\n\t<meta property=\"og:image:height\" content=\"1500\" \/>\n\t<meta property=\"og:image:type\" content=\"image\/jpeg\" \/>\n<meta name=\"twitter:card\" content=\"summary_large_image\" \/>\n<meta name=\"twitter:label1\" content=\"Gesch\u00e4tzte Lesezeit\" \/>\n\t<meta name=\"twitter:data1\" content=\"6\u00a0Minuten\" \/>\n<script type=\"application\/ld+json\" class=\"yoast-schema-graph\">{\"@context\":\"https:\\\/\\\/schema.org\",\"@graph\":[{\"@type\":\"WebPage\",\"@id\":\"https:\\\/\\\/camping-kerisole.fr\\\/de\\\/beheiztes-und-ueberdachtes-schwimmbad\\\/\",\"url\":\"https:\\\/\\\/camping-kerisole.fr\\\/de\\\/beheiztes-und-ueberdachtes-schwimmbad\\\/\",\"name\":\"Beheiztes und \u00fcberdachtes Schwimmbad - Camping Kerisole\",\"isPartOf\":{\"@id\":\"https:\\\/\\\/camping-kerisole.fr\\\/de\\\/#website\"},\"primaryImageOfPage\":{\"@id\":\"https:\\\/\\\/camping-kerisole.fr\\\/de\\\/beheiztes-und-ueberdachtes-schwimmbad\\\/#primaryimage\"},\"image\":{\"@id\":\"https:\\\/\\\/camping-kerisole.fr\\\/de\\\/beheiztes-und-ueberdachtes-schwimmbad\\\/#primaryimage\"},\"thumbnailUrl\":\"https:\\\/\\\/camping-kerisole.fr\\\/wp-content\\\/uploads\\\/2023\\\/06\\\/PXL_20230622_152107792-scaled.jpg\",\"datePublished\":\"2022-06-06T19:34:08+00:00\",\"dateModified\":\"2023-12-02T16:22:06+00:00\",\"description\":\"Sie k\u00f6nnen in einem 10 x 5 m gro\u00dfen Pool schwimmen, der \u00fcberdacht und beheizt ist und \u00fcber eine teilweise schattige Terrasse und ein privates SPA-Chalet verf\u00fcgt\",\"breadcrumb\":{\"@id\":\"https:\\\/\\\/camping-kerisole.fr\\\/de\\\/beheiztes-und-ueberdachtes-schwimmbad\\\/#breadcrumb\"},\"inLanguage\":\"de\",\"potentialAction\":[{\"@type\":\"ReadAction\",\"target\":[\"https:\\\/\\\/camping-kerisole.fr\\\/de\\\/beheiztes-und-ueberdachtes-schwimmbad\\\/\"]}]},{\"@type\":\"ImageObject\",\"inLanguage\":\"de\",\"@id\":\"https:\\\/\\\/camping-kerisole.fr\\\/de\\\/beheiztes-und-ueberdachtes-schwimmbad\\\/#primaryimage\",\"url\":\"https:\\\/\\\/camping-kerisole.fr\\\/wp-content\\\/uploads\\\/2023\\\/06\\\/PXL_20230622_152107792-scaled.jpg\",\"contentUrl\":\"https:\\\/\\\/camping-kerisole.fr\\\/wp-content\\\/uploads\\\/2023\\\/06\\\/PXL_20230622_152107792-scaled.jpg\",\"width\":1129,\"height\":1500},{\"@type\":\"BreadcrumbList\",\"@id\":\"https:\\\/\\\/camping-kerisole.fr\\\/de\\\/beheiztes-und-ueberdachtes-schwimmbad\\\/#breadcrumb\",\"itemListElement\":[{\"@type\":\"ListItem\",\"position\":1,\"name\":\"Accueil\",\"item\":\"https:\\\/\\\/camping-kerisole.fr\\\/de\\\/startseite\\\/\"},{\"@type\":\"ListItem\",\"position\":2,\"name\":\"Beheiztes und \u00fcberdachtes Schwimmbad\"}]},{\"@type\":\"WebSite\",\"@id\":\"https:\\\/\\\/camping-kerisole.fr\\\/de\\\/#website\",\"url\":\"https:\\\/\\\/camping-kerisole.fr\\\/de\\\/\",\"name\":\"Camping Kerisole\",\"description\":\"Un camping unique en Bretagne !\",\"publisher\":{\"@id\":\"https:\\\/\\\/camping-kerisole.fr\\\/de\\\/#organization\"},\"potentialAction\":[{\"@type\":\"SearchAction\",\"target\":{\"@type\":\"EntryPoint\",\"urlTemplate\":\"https:\\\/\\\/camping-kerisole.fr\\\/de\\\/?s={search_term_string}\"},\"query-input\":{\"@type\":\"PropertyValueSpecification\",\"valueRequired\":true,\"valueName\":\"search_term_string\"}}],\"inLanguage\":\"de\"},{\"@type\":\"Organization\",\"@id\":\"https:\\\/\\\/camping-kerisole.fr\\\/de\\\/#organization\",\"name\":\"Camping Kerisole***\",\"url\":\"https:\\\/\\\/camping-kerisole.fr\\\/de\\\/\",\"logo\":{\"@type\":\"ImageObject\",\"inLanguage\":\"de\",\"@id\":\"https:\\\/\\\/camping-kerisole.fr\\\/de\\\/#\\\/schema\\\/logo\\\/image\\\/\",\"url\":\"https:\\\/\\\/camping-kerisole.fr\\\/wp-content\\\/uploads\\\/2022\\\/05\\\/logo-Camping-Kerisole-rectangulaire.png\",\"contentUrl\":\"https:\\\/\\\/camping-kerisole.fr\\\/wp-content\\\/uploads\\\/2022\\\/05\\\/logo-Camping-Kerisole-rectangulaire.png\",\"width\":1148,\"height\":766,\"caption\":\"Camping Kerisole***\"},\"image\":{\"@id\":\"https:\\\/\\\/camping-kerisole.fr\\\/de\\\/#\\\/schema\\\/logo\\\/image\\\/\"},\"sameAs\":[\"http:\\\/\\\/www.facebook.com\\\/campingkerisole\"]}]}<\/script>\n<!-- \/ Yoast SEO plugin. -->","yoast_head_json":{"title":"Beheiztes und \u00fcberdachtes Schwimmbad - Camping Kerisole","description":"Sie k\u00f6nnen in einem 10 x 5 m gro\u00dfen Pool schwimmen, der \u00fcberdacht und beheizt ist und \u00fcber eine teilweise schattige Terrasse und ein privates SPA-Chalet verf\u00fcgt","robots":{"index":"index","follow":"follow","max-snippet":"max-snippet:-1","max-image-preview":"max-image-preview:large","max-video-preview":"max-video-preview:-1"},"canonical":"https:\/\/camping-kerisole.fr\/de\/beheiztes-und-ueberdachtes-schwimmbad\/","og_locale":"de_DE","og_type":"article","og_title":"Beheiztes und \u00fcberdachtes Schwimmbad - Camping Kerisole","og_description":"Sie k\u00f6nnen in einem 10 x 5 m gro\u00dfen Pool schwimmen, der \u00fcberdacht und beheizt ist und \u00fcber eine teilweise schattige Terrasse und ein privates SPA-Chalet verf\u00fcgt","og_url":"https:\/\/camping-kerisole.fr\/de\/beheiztes-und-ueberdachtes-schwimmbad\/","og_site_name":"Camping Kerisole","article_publisher":"http:\/\/www.facebook.com\/campingkerisole","article_modified_time":"2023-12-02T16:22:06+00:00","og_image":[{"width":1129,"height":1500,"url":"https:\/\/camping-kerisole.fr\/wp-content\/uploads\/2023\/06\/PXL_20230622_152107792-scaled.jpg","type":"image\/jpeg"}],"twitter_card":"summary_large_image","twitter_misc":{"Gesch\u00e4tzte Lesezeit":"6\u00a0Minuten"},"schema":{"@context":"https:\/\/schema.org","@graph":[{"@type":"WebPage","@id":"https:\/\/camping-kerisole.fr\/de\/beheiztes-und-ueberdachtes-schwimmbad\/","url":"https:\/\/camping-kerisole.fr\/de\/beheiztes-und-ueberdachtes-schwimmbad\/","name":"Beheiztes und \u00fcberdachtes Schwimmbad - Camping Kerisole","isPartOf":{"@id":"https:\/\/camping-kerisole.fr\/de\/#website"},"primaryImageOfPage":{"@id":"https:\/\/camping-kerisole.fr\/de\/beheiztes-und-ueberdachtes-schwimmbad\/#primaryimage"},"image":{"@id":"https:\/\/camping-kerisole.fr\/de\/beheiztes-und-ueberdachtes-schwimmbad\/#primaryimage"},"thumbnailUrl":"https:\/\/camping-kerisole.fr\/wp-content\/uploads\/2023\/06\/PXL_20230622_152107792-scaled.jpg","datePublished":"2022-06-06T19:34:08+00:00","dateModified":"2023-12-02T16:22:06+00:00","description":"Sie k\u00f6nnen in einem 10 x 5 m gro\u00dfen Pool schwimmen, der \u00fcberdacht und beheizt ist und \u00fcber eine teilweise schattige Terrasse und ein privates SPA-Chalet verf\u00fcgt","breadcrumb":{"@id":"https:\/\/camping-kerisole.fr\/de\/beheiztes-und-ueberdachtes-schwimmbad\/#breadcrumb"},"inLanguage":"de","potentialAction":[{"@type":"ReadAction","target":["https:\/\/camping-kerisole.fr\/de\/beheiztes-und-ueberdachtes-schwimmbad\/"]}]},{"@type":"ImageObject","inLanguage":"de","@id":"https:\/\/camping-kerisole.fr\/de\/beheiztes-und-ueberdachtes-schwimmbad\/#primaryimage","url":"https:\/\/camping-kerisole.fr\/wp-content\/uploads\/2023\/06\/PXL_20230622_152107792-scaled.jpg","contentUrl":"https:\/\/camping-kerisole.fr\/wp-content\/uploads\/2023\/06\/PXL_20230622_152107792-scaled.jpg","width":1129,"height":1500},{"@type":"BreadcrumbList","@id":"https:\/\/camping-kerisole.fr\/de\/beheiztes-und-ueberdachtes-schwimmbad\/#breadcrumb","itemListElement":[{"@type":"ListItem","position":1,"name":"Accueil","item":"https:\/\/camping-kerisole.fr\/de\/startseite\/"},{"@type":"ListItem","position":2,"name":"Beheiztes und \u00fcberdachtes Schwimmbad"}]},{"@type":"WebSite","@id":"https:\/\/camping-kerisole.fr\/de\/#website","url":"https:\/\/camping-kerisole.fr\/de\/","name":"Camping Kerisole","description":"Un camping unique en Bretagne !","publisher":{"@id":"https:\/\/camping-kerisole.fr\/de\/#organization"},"potentialAction":[{"@type":"SearchAction","target":{"@type":"EntryPoint","urlTemplate":"https:\/\/camping-kerisole.fr\/de\/?s={search_term_string}"},"query-input":{"@type":"PropertyValueSpecification","valueRequired":true,"valueName":"search_term_string"}}],"inLanguage":"de"},{"@type":"Organization","@id":"https:\/\/camping-kerisole.fr\/de\/#organization","name":"Camping Kerisole***","url":"https:\/\/camping-kerisole.fr\/de\/","logo":{"@type":"ImageObject","inLanguage":"de","@id":"https:\/\/camping-kerisole.fr\/de\/#\/schema\/logo\/image\/","url":"https:\/\/camping-kerisole.fr\/wp-content\/uploads\/2022\/05\/logo-Camping-Kerisole-rectangulaire.png","contentUrl":"https:\/\/camping-kerisole.fr\/wp-content\/uploads\/2022\/05\/logo-Camping-Kerisole-rectangulaire.png","width":1148,"height":766,"caption":"Camping Kerisole***"},"image":{"@id":"https:\/\/camping-kerisole.fr\/de\/#\/schema\/logo\/image\/"},"sameAs":["http:\/\/www.facebook.com\/campingkerisole"]}]}},"_links":{"self":[{"href":"https:\/\/camping-kerisole.fr\/de\/wp-json\/wp\/v2\/pages\/9471","targetHints":{"allow":["GET"]}}],"collection":[{"href":"https:\/\/camping-kerisole.fr\/de\/wp-json\/wp\/v2\/pages"}],"about":[{"href":"https:\/\/camping-kerisole.fr\/de\/wp-json\/wp\/v2\/types\/page"}],"author":[{"embeddable":true,"href":"https:\/\/camping-kerisole.fr\/de\/wp-json\/wp\/v2\/users\/6"}],"replies":[{"embeddable":true,"href":"https:\/\/camping-kerisole.fr\/de\/wp-json\/wp\/v2\/comments?post=9471"}],"version-history":[{"count":11,"href":"https:\/\/camping-kerisole.fr\/de\/wp-json\/wp\/v2\/pages\/9471\/revisions"}],"predecessor-version":[{"id":11113,"href":"https:\/\/camping-kerisole.fr\/de\/wp-json\/wp\/v2\/pages\/9471\/revisions\/11113"}],"wp:featuredmedia":[{"embeddable":true,"href":"https:\/\/camping-kerisole.fr\/de\/wp-json\/wp\/v2\/media\/10356"}],"wp:attachment":[{"href":"https:\/\/camping-kerisole.fr\/de\/wp-json\/wp\/v2\/media?parent=9471"}],"curies":[{"name":"wp","href":"https:\/\/api.w.org\/{rel}","templated":true}]}}