{"id":8627,"date":"2022-04-28T06:00:42","date_gmt":"2022-04-28T05:00:42","guid":{"rendered":"https:\/\/camping-kerisole.fr\/snack\/"},"modified":"2024-06-21T16:31:08","modified_gmt":"2024-06-21T15:31:08","slug":"snack","status":"publish","type":"page","link":"https:\/\/camping-kerisole.fr\/de\/snack\/","title":{"rendered":"Snack"},"content":{"rendered":"<div class=\"flex_column av_one_full  flex_column_div av-zero-column-padding first  \" style='border-radius:0px; '><div  data-autoplay='true'  data-interval='3'  data-animation='slide'  data-show_slide_delay='30'  class='avia-content-slider-element-container avia-content-slider-element-slider avia-content-slider avia-smallarrow-slider avia-content-slider-active avia-content-slider1 avia-content-slider-even  ' ><div class='avia-smallarrow-slider-heading  no-content-slider-heading '><div class='new-special-heading'>&nbsp;<\/div><div class='avia-slideshow-arrows avia-slideshow-controls'><a href='#prev' class='prev-slide' aria-hidden='true' data-av_icon='\ue87c' data-av_iconfont='entypo-fontello'>Zur\u00fcck<\/a><a href='#next' class='next-slide' aria-hidden='true' data-av_icon='\ue87d' data-av_iconfont='entypo-fontello'>Weiter<\/a><\/div><\/div><div class='avia-content-slider-inner'><div class='slide-entry-wrap'><section class='slide-entry flex_column post-entry slide-entry-overview slide-loop-1 slide-parity-odd  av_one_fourth first'  itemscope=\"itemscope\" itemtype=\"https:\/\/schema.org\/CreativeWork\" ><div class='slide-entry-excerpt entry-content'  itemprop=\"text\" ><p><a href=\"https:\/\/camping-kerisole.fr\/wp-content\/uploads\/2022\/07\/Le-Snack-072022-DE_Page_1-212x300.png\"><img loading=\"lazy\" decoding=\"async\" class=\"alignnone wp-image-9584 size-medium\" src=\"https:\/\/camping-kerisole.fr\/wp-content\/uploads\/2022\/07\/Le-Snack-072022-DE_Page_1-212x300.png\" alt=\"\" width=\"212\" height=\"300\" srcset=\"https:\/\/camping-kerisole.fr\/wp-content\/uploads\/2022\/07\/Le-Snack-072022-DE_Page_1-212x300.png 212w, https:\/\/camping-kerisole.fr\/wp-content\/uploads\/2022\/07\/Le-Snack-072022-DE_Page_1-728x1030.png 728w, https:\/\/camping-kerisole.fr\/wp-content\/uploads\/2022\/07\/Le-Snack-072022-DE_Page_1-768x1086.png 768w, https:\/\/camping-kerisole.fr\/wp-content\/uploads\/2022\/07\/Le-Snack-072022-DE_Page_1-1086x1536.png 1086w, https:\/\/camping-kerisole.fr\/wp-content\/uploads\/2022\/07\/Le-Snack-072022-DE_Page_1-scaled.png 1061w, https:\/\/camping-kerisole.fr\/wp-content\/uploads\/2022\/07\/Le-Snack-072022-DE_Page_1-499x705.png 499w, https:\/\/camping-kerisole.fr\/wp-content\/uploads\/2022\/07\/Le-Snack-072022-DE_Page_1-450x636.png 450w\" sizes=\"auto, (max-width: 212px) 100vw, 212px\" \/><\/a><\/p>\n<\/div><\/section><section class='slide-entry flex_column post-entry slide-entry-overview slide-loop-2 slide-parity-even  av_one_fourth '  itemscope=\"itemscope\" itemtype=\"https:\/\/schema.org\/CreativeWork\" ><div class='slide-entry-excerpt entry-content'  itemprop=\"text\" ><p><a href=\"https:\/\/camping-kerisole.fr\/wp-content\/uploads\/2022\/05\/279793653_557024732811114_103803780659520708_n.jpg\"><img loading=\"lazy\" decoding=\"async\" class=\"alignnone size-full wp-image-8648 aligncenter\" src=\"https:\/\/camping-kerisole.fr\/wp-content\/uploads\/2022\/05\/279793653_557024732811114_103803780659520708_n.jpg\" alt=\"\" width=\"275\" height=\"206\" \/><\/a><\/p>\n<\/div><\/section><section class='slide-entry flex_column post-entry slide-entry-overview slide-loop-3 slide-parity-odd  av_one_fourth '  itemscope=\"itemscope\" itemtype=\"https:\/\/schema.org\/CreativeWork\" ><div class='slide-entry-excerpt entry-content'  itemprop=\"text\" ><p><a href=\"https:\/\/camping-kerisole.fr\/wp-content\/uploads\/2022\/07\/Le-Snack-072022-DE_Page_2-212x300.png\"><img loading=\"lazy\" decoding=\"async\" class=\"alignnone wp-image-9588 size-medium\" src=\"https:\/\/camping-kerisole.fr\/wp-content\/uploads\/2022\/07\/Le-Snack-072022-DE_Page_2-212x300.png\" alt=\"\" width=\"212\" height=\"300\" srcset=\"https:\/\/camping-kerisole.fr\/wp-content\/uploads\/2022\/07\/Le-Snack-072022-DE_Page_2-212x300.png 212w, https:\/\/camping-kerisole.fr\/wp-content\/uploads\/2022\/07\/Le-Snack-072022-DE_Page_2-728x1030.png 728w, https:\/\/camping-kerisole.fr\/wp-content\/uploads\/2022\/07\/Le-Snack-072022-DE_Page_2-768x1086.png 768w, https:\/\/camping-kerisole.fr\/wp-content\/uploads\/2022\/07\/Le-Snack-072022-DE_Page_2-1086x1536.png 1086w, https:\/\/camping-kerisole.fr\/wp-content\/uploads\/2022\/07\/Le-Snack-072022-DE_Page_2-scaled.png 1061w, https:\/\/camping-kerisole.fr\/wp-content\/uploads\/2022\/07\/Le-Snack-072022-DE_Page_2-499x705.png 499w, https:\/\/camping-kerisole.fr\/wp-content\/uploads\/2022\/07\/Le-Snack-072022-DE_Page_2-450x636.png 450w\" sizes=\"auto, (max-width: 212px) 100vw, 212px\" \/><\/a><\/p>\n<\/div><\/section><section class='slide-entry flex_column post-entry slide-entry-overview slide-loop-4 slide-parity-even  av_one_fourth '  itemscope=\"itemscope\" itemtype=\"https:\/\/schema.org\/CreativeWork\" ><div class='slide-entry-excerpt entry-content'  itemprop=\"text\" ><p><a href=\"https:\/\/camping-kerisole.fr\/wp-content\/uploads\/2022\/05\/279649540_751561836210962_1172336179557047886_n.jpg\"><img loading=\"lazy\" decoding=\"async\" class=\"size-full wp-image-8640 aligncenter\" src=\"https:\/\/camping-kerisole.fr\/wp-content\/uploads\/2022\/05\/279649540_751561836210962_1172336179557047886_n.jpg\" alt=\"\" width=\"275\" height=\"206\" \/><\/a><\/p>\n<\/div><\/section><\/div><div class='slide-entry-wrap'><section class='slide-entry flex_column post-entry slide-entry-overview slide-loop-5 slide-parity-odd  av_one_fourth first'  itemscope=\"itemscope\" itemtype=\"https:\/\/schema.org\/CreativeWork\" ><div class='slide-entry-excerpt entry-content'  itemprop=\"text\" ><p><a href=\"https:\/\/camping-kerisole.fr\/wp-content\/uploads\/2022\/07\/Le-Snack-072022-DE_Page_3-212x300.png\"><img loading=\"lazy\" decoding=\"async\" class=\"alignnone wp-image-9592 size-medium\" src=\"https:\/\/camping-kerisole.fr\/wp-content\/uploads\/2022\/07\/Le-Snack-072022-DE_Page_3-212x300.png\" alt=\"\" width=\"212\" height=\"300\" srcset=\"https:\/\/camping-kerisole.fr\/wp-content\/uploads\/2022\/07\/Le-Snack-072022-DE_Page_3-212x300.png 212w, https:\/\/camping-kerisole.fr\/wp-content\/uploads\/2022\/07\/Le-Snack-072022-DE_Page_3-728x1030.png 728w, https:\/\/camping-kerisole.fr\/wp-content\/uploads\/2022\/07\/Le-Snack-072022-DE_Page_3-768x1086.png 768w, https:\/\/camping-kerisole.fr\/wp-content\/uploads\/2022\/07\/Le-Snack-072022-DE_Page_3-1086x1536.png 1086w, https:\/\/camping-kerisole.fr\/wp-content\/uploads\/2022\/07\/Le-Snack-072022-DE_Page_3-scaled.png 1061w, https:\/\/camping-kerisole.fr\/wp-content\/uploads\/2022\/07\/Le-Snack-072022-DE_Page_3-499x705.png 499w, https:\/\/camping-kerisole.fr\/wp-content\/uploads\/2022\/07\/Le-Snack-072022-DE_Page_3-450x636.png 450w\" sizes=\"auto, (max-width: 212px) 100vw, 212px\" \/><\/a><\/p>\n<\/div><\/section><section class='slide-entry flex_column post-entry slide-entry-overview slide-loop-6 slide-parity-even  av_one_fourth '  itemscope=\"itemscope\" itemtype=\"https:\/\/schema.org\/CreativeWork\" ><div class='slide-entry-excerpt entry-content'  itemprop=\"text\" ><p><a href=\"https:\/\/camping-kerisole.fr\/wp-content\/uploads\/2022\/05\/279908163_1380063095752633_1272124064444951080_n.jpg\"><img loading=\"lazy\" decoding=\"async\" class=\"alignnone size-full wp-image-8652 aligncenter\" src=\"https:\/\/camping-kerisole.fr\/wp-content\/uploads\/2022\/05\/279908163_1380063095752633_1272124064444951080_n.jpg\" alt=\"\" width=\"275\" height=\"206\" \/><\/a><\/p>\n<\/div><\/section><section class='slide-entry flex_column post-entry slide-entry-overview slide-loop-7 slide-parity-odd  av_one_fourth '  itemscope=\"itemscope\" itemtype=\"https:\/\/schema.org\/CreativeWork\" ><div class='slide-entry-excerpt entry-content'  itemprop=\"text\" ><p><a href=\"https:\/\/camping-kerisole.fr\/wp-content\/uploads\/2022\/07\/Le-Snack-072022-DE_Page_4-212x300.png\"><img loading=\"lazy\" decoding=\"async\" class=\"alignnone wp-image-9596 size-medium\" src=\"https:\/\/camping-kerisole.fr\/wp-content\/uploads\/2022\/07\/Le-Snack-072022-DE_Page_4-212x300.png\" alt=\"\" width=\"212\" height=\"300\" srcset=\"https:\/\/camping-kerisole.fr\/wp-content\/uploads\/2022\/07\/Le-Snack-072022-DE_Page_4-212x300.png 212w, https:\/\/camping-kerisole.fr\/wp-content\/uploads\/2022\/07\/Le-Snack-072022-DE_Page_4-729x1030.png 729w, https:\/\/camping-kerisole.fr\/wp-content\/uploads\/2022\/07\/Le-Snack-072022-DE_Page_4-768x1085.png 768w, https:\/\/camping-kerisole.fr\/wp-content\/uploads\/2022\/07\/Le-Snack-072022-DE_Page_4-1087x1536.png 1087w, https:\/\/camping-kerisole.fr\/wp-content\/uploads\/2022\/07\/Le-Snack-072022-DE_Page_4.png 1061w, https:\/\/camping-kerisole.fr\/wp-content\/uploads\/2022\/07\/Le-Snack-072022-DE_Page_4-499x705.png 499w, https:\/\/camping-kerisole.fr\/wp-content\/uploads\/2022\/07\/Le-Snack-072022-DE_Page_4-450x636.png 450w\" sizes=\"auto, (max-width: 212px) 100vw, 212px\" \/><\/a><\/p>\n<\/div><\/section><section class='slide-entry flex_column post-entry slide-entry-overview slide-loop-8 slide-parity-even  post-entry-last  av_one_fourth '  itemscope=\"itemscope\" itemtype=\"https:\/\/schema.org\/CreativeWork\" ><div class='slide-entry-excerpt entry-content'  itemprop=\"text\" ><p><a href=\"https:\/\/camping-kerisole.fr\/wp-content\/uploads\/2022\/05\/279731822_2470751636388753_885468428272117629_n.jpg\"><img loading=\"lazy\" decoding=\"async\" class=\"size-full wp-image-8644 aligncenter\" src=\"https:\/\/camping-kerisole.fr\/wp-content\/uploads\/2022\/05\/279731822_2470751636388753_885468428272117629_n.jpg\" alt=\"\" width=\"275\" height=\"206\" \/><\/a><\/p>\n<\/div><\/section><\/div><\/div><\/div><\/div>\n<section class=\"av_textblock_section \"  itemscope=\"itemscope\" itemtype=\"https:\/\/schema.org\/CreativeWork\" ><div class='avia_textblock  '   itemprop=\"text\" ><p>Buchen Sie Ihr Fr\u00fchst\u00fcck oder Abendessen in der Snackbar des Campingplatzes Kerisole***.<\/p>\n<p>Wir bieten Ihnen das franz\u00f6sische Fr\u00fchst\u00fcck mit einem sch\u00f6nen Croissant, einem halb traditionellen Baguette, Butter und Marmelade, einem gekochten Ei, einem Glas Orangensaft, einem Obst und einem Hei\u00dfgetr\u00e4nk Ihrer Wahl: Bio-Kaffeebohnen oder Aufguss \/ Tee oder Schokolade.<\/p>\n<p>Sie k\u00f6nnen auch eine Mahlzeit zum Essen vor Ort oder zum Mitnehmen bestellen: gegrilltes Fleisch, Pommes und hausgemachte Pizzen, Desserts, Eis und Getr\u00e4nke.<\/p>\n<p>Wir haben auch eine kleine &#8222;Lebensmittel-Probleml\u00f6sung&#8220;-Ecke eingerichtet!<\/p>\n<p>Auf Wiedersehen !<\/p>\n<\/div><\/section>\n","protected":false},"excerpt":{"rendered":"","protected":false},"author":6,"featured_media":10184,"parent":0,"menu_order":0,"comment_status":"closed","ping_status":"closed","template":"","meta":{"_exactmetrics_skip_tracking":false,"_exactmetrics_sitenote_active":false,"_exactmetrics_sitenote_note":"","_exactmetrics_sitenote_category":0,"footnotes":""},"class_list":["post-8627","page","type-page","status-publish","has-post-thumbnail","hentry"],"yoast_head":"<!-- This site is optimized with the Yoast SEO plugin v27.3 - https:\/\/yoast.com\/product\/yoast-seo-wordpress\/ -->\n<title>Snack - Camping Kerisole<\/title>\n<meta name=\"description\" content=\"Sie k\u00f6nnen auch eine Mahlzeit zum Essen vor Ort oder zum Mitnehmen bestellen: hausgemachte Pizzen, Grillfleisch, Pommes und Desserts, Eis und Getr\u00e4nke. Genie\u00dfen Sie auch das herzhafte Fr\u00fchst\u00fcck!\" \/>\n<meta name=\"robots\" content=\"index, follow, max-snippet:-1, max-image-preview:large, max-video-preview:-1\" \/>\n<link rel=\"canonical\" href=\"https:\/\/camping-kerisole.fr\/de\/snack\/\" \/>\n<meta property=\"og:locale\" content=\"de_DE\" \/>\n<meta property=\"og:type\" content=\"article\" \/>\n<meta property=\"og:title\" content=\"Snack - Camping Kerisole\" \/>\n<meta property=\"og:description\" content=\"Sie k\u00f6nnen auch eine Mahlzeit zum Essen vor Ort oder zum Mitnehmen bestellen: hausgemachte Pizzen, Grillfleisch, Pommes und Desserts, Eis und Getr\u00e4nke. Genie\u00dfen Sie auch das herzhafte Fr\u00fchst\u00fcck!\" \/>\n<meta property=\"og:url\" content=\"https:\/\/camping-kerisole.fr\/de\/snack\/\" \/>\n<meta property=\"og:site_name\" content=\"Camping Kerisole\" \/>\n<meta property=\"article:publisher\" content=\"http:\/\/www.facebook.com\/campingkerisole\" \/>\n<meta property=\"article:modified_time\" content=\"2024-06-21T15:31:08+00:00\" \/>\n<meta property=\"og:image\" content=\"https:\/\/camping-kerisole.fr\/wp-content\/uploads\/2023\/03\/IMG_20220614_202353-scaled.jpg\" \/>\n\t<meta property=\"og:image:width\" content=\"1500\" \/>\n\t<meta property=\"og:image:height\" content=\"675\" \/>\n\t<meta property=\"og:image:type\" content=\"image\/jpeg\" \/>\n<meta name=\"twitter:card\" content=\"summary_large_image\" \/>\n<meta name=\"twitter:label1\" content=\"Gesch\u00e4tzte Lesezeit\" \/>\n\t<meta name=\"twitter:data1\" content=\"2\u00a0Minuten\" \/>\n<script type=\"application\/ld+json\" class=\"yoast-schema-graph\">{\"@context\":\"https:\\\/\\\/schema.org\",\"@graph\":[{\"@type\":\"WebPage\",\"@id\":\"https:\\\/\\\/camping-kerisole.fr\\\/de\\\/snack\\\/\",\"url\":\"https:\\\/\\\/camping-kerisole.fr\\\/de\\\/snack\\\/\",\"name\":\"Snack - Camping Kerisole\",\"isPartOf\":{\"@id\":\"https:\\\/\\\/camping-kerisole.fr\\\/de\\\/#website\"},\"primaryImageOfPage\":{\"@id\":\"https:\\\/\\\/camping-kerisole.fr\\\/de\\\/snack\\\/#primaryimage\"},\"image\":{\"@id\":\"https:\\\/\\\/camping-kerisole.fr\\\/de\\\/snack\\\/#primaryimage\"},\"thumbnailUrl\":\"https:\\\/\\\/camping-kerisole.fr\\\/wp-content\\\/uploads\\\/2023\\\/03\\\/IMG_20220614_202353-scaled.jpg\",\"datePublished\":\"2022-04-28T05:00:42+00:00\",\"dateModified\":\"2024-06-21T15:31:08+00:00\",\"description\":\"Sie k\u00f6nnen auch eine Mahlzeit zum Essen vor Ort oder zum Mitnehmen bestellen: hausgemachte Pizzen, Grillfleisch, Pommes und Desserts, Eis und Getr\u00e4nke. Genie\u00dfen Sie auch das herzhafte Fr\u00fchst\u00fcck!\",\"breadcrumb\":{\"@id\":\"https:\\\/\\\/camping-kerisole.fr\\\/de\\\/snack\\\/#breadcrumb\"},\"inLanguage\":\"de\",\"potentialAction\":[{\"@type\":\"ReadAction\",\"target\":[\"https:\\\/\\\/camping-kerisole.fr\\\/de\\\/snack\\\/\"]}]},{\"@type\":\"ImageObject\",\"inLanguage\":\"de\",\"@id\":\"https:\\\/\\\/camping-kerisole.fr\\\/de\\\/snack\\\/#primaryimage\",\"url\":\"https:\\\/\\\/camping-kerisole.fr\\\/wp-content\\\/uploads\\\/2023\\\/03\\\/IMG_20220614_202353-scaled.jpg\",\"contentUrl\":\"https:\\\/\\\/camping-kerisole.fr\\\/wp-content\\\/uploads\\\/2023\\\/03\\\/IMG_20220614_202353-scaled.jpg\",\"width\":1500,\"height\":675},{\"@type\":\"BreadcrumbList\",\"@id\":\"https:\\\/\\\/camping-kerisole.fr\\\/de\\\/snack\\\/#breadcrumb\",\"itemListElement\":[{\"@type\":\"ListItem\",\"position\":1,\"name\":\"Accueil\",\"item\":\"https:\\\/\\\/camping-kerisole.fr\\\/de\\\/startseite\\\/\"},{\"@type\":\"ListItem\",\"position\":2,\"name\":\"Snack\"}]},{\"@type\":\"WebSite\",\"@id\":\"https:\\\/\\\/camping-kerisole.fr\\\/de\\\/#website\",\"url\":\"https:\\\/\\\/camping-kerisole.fr\\\/de\\\/\",\"name\":\"Camping Kerisole\",\"description\":\"Un camping unique en Bretagne !\",\"publisher\":{\"@id\":\"https:\\\/\\\/camping-kerisole.fr\\\/de\\\/#organization\"},\"potentialAction\":[{\"@type\":\"SearchAction\",\"target\":{\"@type\":\"EntryPoint\",\"urlTemplate\":\"https:\\\/\\\/camping-kerisole.fr\\\/de\\\/?s={search_term_string}\"},\"query-input\":{\"@type\":\"PropertyValueSpecification\",\"valueRequired\":true,\"valueName\":\"search_term_string\"}}],\"inLanguage\":\"de\"},{\"@type\":\"Organization\",\"@id\":\"https:\\\/\\\/camping-kerisole.fr\\\/de\\\/#organization\",\"name\":\"Camping Kerisole***\",\"url\":\"https:\\\/\\\/camping-kerisole.fr\\\/de\\\/\",\"logo\":{\"@type\":\"ImageObject\",\"inLanguage\":\"de\",\"@id\":\"https:\\\/\\\/camping-kerisole.fr\\\/de\\\/#\\\/schema\\\/logo\\\/image\\\/\",\"url\":\"https:\\\/\\\/camping-kerisole.fr\\\/wp-content\\\/uploads\\\/2022\\\/05\\\/logo-Camping-Kerisole-rectangulaire.png\",\"contentUrl\":\"https:\\\/\\\/camping-kerisole.fr\\\/wp-content\\\/uploads\\\/2022\\\/05\\\/logo-Camping-Kerisole-rectangulaire.png\",\"width\":1148,\"height\":766,\"caption\":\"Camping Kerisole***\"},\"image\":{\"@id\":\"https:\\\/\\\/camping-kerisole.fr\\\/de\\\/#\\\/schema\\\/logo\\\/image\\\/\"},\"sameAs\":[\"http:\\\/\\\/www.facebook.com\\\/campingkerisole\"]}]}<\/script>\n<!-- \/ Yoast SEO plugin. -->","yoast_head_json":{"title":"Snack - Camping Kerisole","description":"Sie k\u00f6nnen auch eine Mahlzeit zum Essen vor Ort oder zum Mitnehmen bestellen: hausgemachte Pizzen, Grillfleisch, Pommes und Desserts, Eis und Getr\u00e4nke. Genie\u00dfen Sie auch das herzhafte Fr\u00fchst\u00fcck!","robots":{"index":"index","follow":"follow","max-snippet":"max-snippet:-1","max-image-preview":"max-image-preview:large","max-video-preview":"max-video-preview:-1"},"canonical":"https:\/\/camping-kerisole.fr\/de\/snack\/","og_locale":"de_DE","og_type":"article","og_title":"Snack - Camping Kerisole","og_description":"Sie k\u00f6nnen auch eine Mahlzeit zum Essen vor Ort oder zum Mitnehmen bestellen: hausgemachte Pizzen, Grillfleisch, Pommes und Desserts, Eis und Getr\u00e4nke. Genie\u00dfen Sie auch das herzhafte Fr\u00fchst\u00fcck!","og_url":"https:\/\/camping-kerisole.fr\/de\/snack\/","og_site_name":"Camping Kerisole","article_publisher":"http:\/\/www.facebook.com\/campingkerisole","article_modified_time":"2024-06-21T15:31:08+00:00","og_image":[{"width":1500,"height":675,"url":"https:\/\/camping-kerisole.fr\/wp-content\/uploads\/2023\/03\/IMG_20220614_202353-scaled.jpg","type":"image\/jpeg"}],"twitter_card":"summary_large_image","twitter_misc":{"Gesch\u00e4tzte Lesezeit":"2\u00a0Minuten"},"schema":{"@context":"https:\/\/schema.org","@graph":[{"@type":"WebPage","@id":"https:\/\/camping-kerisole.fr\/de\/snack\/","url":"https:\/\/camping-kerisole.fr\/de\/snack\/","name":"Snack - Camping Kerisole","isPartOf":{"@id":"https:\/\/camping-kerisole.fr\/de\/#website"},"primaryImageOfPage":{"@id":"https:\/\/camping-kerisole.fr\/de\/snack\/#primaryimage"},"image":{"@id":"https:\/\/camping-kerisole.fr\/de\/snack\/#primaryimage"},"thumbnailUrl":"https:\/\/camping-kerisole.fr\/wp-content\/uploads\/2023\/03\/IMG_20220614_202353-scaled.jpg","datePublished":"2022-04-28T05:00:42+00:00","dateModified":"2024-06-21T15:31:08+00:00","description":"Sie k\u00f6nnen auch eine Mahlzeit zum Essen vor Ort oder zum Mitnehmen bestellen: hausgemachte Pizzen, Grillfleisch, Pommes und Desserts, Eis und Getr\u00e4nke. Genie\u00dfen Sie auch das herzhafte Fr\u00fchst\u00fcck!","breadcrumb":{"@id":"https:\/\/camping-kerisole.fr\/de\/snack\/#breadcrumb"},"inLanguage":"de","potentialAction":[{"@type":"ReadAction","target":["https:\/\/camping-kerisole.fr\/de\/snack\/"]}]},{"@type":"ImageObject","inLanguage":"de","@id":"https:\/\/camping-kerisole.fr\/de\/snack\/#primaryimage","url":"https:\/\/camping-kerisole.fr\/wp-content\/uploads\/2023\/03\/IMG_20220614_202353-scaled.jpg","contentUrl":"https:\/\/camping-kerisole.fr\/wp-content\/uploads\/2023\/03\/IMG_20220614_202353-scaled.jpg","width":1500,"height":675},{"@type":"BreadcrumbList","@id":"https:\/\/camping-kerisole.fr\/de\/snack\/#breadcrumb","itemListElement":[{"@type":"ListItem","position":1,"name":"Accueil","item":"https:\/\/camping-kerisole.fr\/de\/startseite\/"},{"@type":"ListItem","position":2,"name":"Snack"}]},{"@type":"WebSite","@id":"https:\/\/camping-kerisole.fr\/de\/#website","url":"https:\/\/camping-kerisole.fr\/de\/","name":"Camping Kerisole","description":"Un camping unique en Bretagne !","publisher":{"@id":"https:\/\/camping-kerisole.fr\/de\/#organization"},"potentialAction":[{"@type":"SearchAction","target":{"@type":"EntryPoint","urlTemplate":"https:\/\/camping-kerisole.fr\/de\/?s={search_term_string}"},"query-input":{"@type":"PropertyValueSpecification","valueRequired":true,"valueName":"search_term_string"}}],"inLanguage":"de"},{"@type":"Organization","@id":"https:\/\/camping-kerisole.fr\/de\/#organization","name":"Camping Kerisole***","url":"https:\/\/camping-kerisole.fr\/de\/","logo":{"@type":"ImageObject","inLanguage":"de","@id":"https:\/\/camping-kerisole.fr\/de\/#\/schema\/logo\/image\/","url":"https:\/\/camping-kerisole.fr\/wp-content\/uploads\/2022\/05\/logo-Camping-Kerisole-rectangulaire.png","contentUrl":"https:\/\/camping-kerisole.fr\/wp-content\/uploads\/2022\/05\/logo-Camping-Kerisole-rectangulaire.png","width":1148,"height":766,"caption":"Camping Kerisole***"},"image":{"@id":"https:\/\/camping-kerisole.fr\/de\/#\/schema\/logo\/image\/"},"sameAs":["http:\/\/www.facebook.com\/campingkerisole"]}]}},"_links":{"self":[{"href":"https:\/\/camping-kerisole.fr\/de\/wp-json\/wp\/v2\/pages\/8627","targetHints":{"allow":["GET"]}}],"collection":[{"href":"https:\/\/camping-kerisole.fr\/de\/wp-json\/wp\/v2\/pages"}],"about":[{"href":"https:\/\/camping-kerisole.fr\/de\/wp-json\/wp\/v2\/types\/page"}],"author":[{"embeddable":true,"href":"https:\/\/camping-kerisole.fr\/de\/wp-json\/wp\/v2\/users\/6"}],"replies":[{"embeddable":true,"href":"https:\/\/camping-kerisole.fr\/de\/wp-json\/wp\/v2\/comments?post=8627"}],"version-history":[{"count":4,"href":"https:\/\/camping-kerisole.fr\/de\/wp-json\/wp\/v2\/pages\/8627\/revisions"}],"predecessor-version":[{"id":11389,"href":"https:\/\/camping-kerisole.fr\/de\/wp-json\/wp\/v2\/pages\/8627\/revisions\/11389"}],"wp:featuredmedia":[{"embeddable":true,"href":"https:\/\/camping-kerisole.fr\/de\/wp-json\/wp\/v2\/media\/10184"}],"wp:attachment":[{"href":"https:\/\/camping-kerisole.fr\/de\/wp-json\/wp\/v2\/media?parent=8627"}],"curies":[{"name":"wp","href":"https:\/\/api.w.org\/{rel}","templated":true}]}}