{"id":8616,"date":"2022-04-16T20:21:14","date_gmt":"2022-04-16T19:21:14","guid":{"rendered":"https:\/\/camping-kerisole.fr\/interne-bestimmungen-des-campingplatzes-kerisole\/"},"modified":"2025-06-01T11:13:41","modified_gmt":"2025-06-01T10:13:41","slug":"interne-bestimmungen-des-campingplatzes-kerisole","status":"publish","type":"page","link":"https:\/\/camping-kerisole.fr\/de\/interne-bestimmungen-des-campingplatzes-kerisole\/","title":{"rendered":"Interne Bestimmungen des Campingplatzes Kerisole"},"content":{"rendered":"<section class=\"av_textblock_section \"  itemscope=\"itemscope\" itemtype=\"https:\/\/schema.org\/CreativeWork\" ><div class='avia_textblock  '   itemprop=\"text\" ><p><strong>Gesch\u00e4ftsordnung des Campingplatzes Kerisole<\/strong><\/p>\n<p style=\"text-align: left;\"><strong>1\/ ZULASSUNGSVORAUSSETZUNGEN <\/strong><\/p>\n<p style=\"text-align: justify;\">Um einen Campingplatz betreten, einrichten oder sich dort aufhalten zu d\u00fcrfen, m\u00fcssen Sie vom Manager oder seinem Vertreter autorisiert worden sein. Letzterer ist verpflichtet, f\u00fcr die ordnungsgem\u00e4\u00dfe Instandhaltung und Ordnung des Campingplatzes sowie die Einhaltung der Anwendung dieser Hausordnung zu sorgen.<\/p>\n<p style=\"text-align: justify;\">Der Aufenthalt auf dem Campingplatz impliziert die Annahme der Bestimmungen dieser Verordnung und die Verpflichtung, sie einzuhalten.<\/p>\n<p style=\"text-align: left;\">Niemand kann sich dort niederlassen.<\/p>\n<p style=\"text-align: left;\"><strong>2\/ POLIZEIFORMALIT\u00c4TEN <\/strong><\/p>\n<p style=\"text-align: justify;\">Minderj\u00e4hrige ohne Begleitung ihrer Eltern werden nur mit schriftlicher Genehmigung von ihnen eingelassen.<\/p>\n<p style=\"text-align: justify;\">In Anwendung von Artikel R. 611-35 des Kodex f\u00fcr die Einreise und den Aufenthalt von Ausl\u00e4ndern und das Recht auf Asyl muss der Manager vom Kunden ausgef\u00fcllt und unterschrieben werden Ausl\u00e4nder, bei der Ankunft ein individuelles Polizeiformular. Es muss insbesondere erw\u00e4hnen:<\/p>\n<p style=\"text-align: left;\">1<sup>o<\/sup> Der Nachname und Vorname;<\/p>\n<p style=\"text-align: left;\">2<sup>o<\/sup> Geburtsdatum und -ort;<\/p>\n<p style=\"text-align: left;\">3<sup>o<\/sup> Nationalit\u00e4t;<\/p>\n<p style=\"text-align: left;\">4<sup>o<\/sup> Das \u00fcbliche Zuhause.<\/p>\n<p style=\"text-align: justify;\">Kinder unter 15 Jahren k\u00f6nnen auf der Karte beider Elternteile sein.<\/p>\n<p style=\"text-align: left;\"><strong>3\/ INSTALLATION<\/strong><\/p>\n<p style=\"text-align: justify;\">Unterk\u00fcnfte im Freien und zugeh\u00f6rige Ausr\u00fcstung m\u00fcssen an dem angegebenen Ort gem\u00e4\u00df den Anweisungen des Managers oder seines Vertreters installiert werden.<\/p>\n<p style=\"text-align: left;\"><strong>4\/ REZEPTION<\/strong><\/p>\n<p style=\"text-align: justify;\">In der Saison ge\u00f6ffnet von: 8:00 bis 12:00 Uhr und 16:00 bis 17:00 Uhr Montag bis Samstag und 11:00 bis 12:00 Uhr und 16:00 bis 17:00 Uhr am Sonntag.<\/p>\n<p style=\"text-align: justify;\">Ge\u00f6ffnet von 8:00 bis 12:00 Uhr und von 15:00 bis 19:00 Uhr<\/p>\n<p style=\"text-align: justify;\">An der Rezeption finden Sie alle Informationen zu den Dienstleistungen des Campingplatzes, Informationen zu den Versorgungsm\u00f6glichkeiten, Sporteinrichtungen, Sehensw\u00fcrdigkeiten in der Umgebung und diversen Adressen n\u00fctzlich sein.<\/p>\n<p style=\"text-align: justify;\">Kunden steht ein Beschwerdeerfassungs- und -bearbeitungssystem zur Verf\u00fcgung.<\/p>\n<p style=\"text-align: left;\"><strong>5\/ ANZEIGE<\/strong><\/p>\n<p style=\"text-align: justify;\">Diese Gesch\u00e4ftsordnung h\u00e4ngt am Eingang des Campingplatzes und an der Rezeption aus. Es wird jedem Kunden gegeben, der es anfordert.<\/p>\n<p style=\"text-align: justify;\">Bei klassifizierten Campingpl\u00e4tzen wird die Klassifizierungskategorie mit der Nennung Tourismus oder Freizeit und die Anzahl der Tourismus- oder Freizeitstellpl\u00e4tze angezeigt.<\/p>\n<p style=\"text-align: justify;\">Die Preise der verschiedenen Dienstleistungen werden den Kunden unter den Bedingungen mitgeteilt, die auf Anordnung des f\u00fcr den Verbrauch zust\u00e4ndigen Ministers festgelegt wurden, und k\u00f6nnen an der Rezeption eingesehen werden.<\/p>\n<p style=\"text-align: left;\"><strong>6\/ ABFAHRTSMODALIT\u00c4TEN<\/strong><\/p>\n<p style=\"text-align: justify;\">Kunden werden gebeten, ihre Abreise am Vortag an der Rezeption zu melden. Kunden, die vor den \u00d6ffnungszeiten der Rezeption abreisen m\u00f6chten, m\u00fcssen ihren Aufenthalt am Vortag bezahlen.<\/p>\n<p style=\"text-align: left;\"><strong>7\/ L\u00c4RM UND STILLE<\/strong><\/p>\n<p style=\"text-align: justify;\">Kunden werden gebeten, jeglichen L\u00e4rm und Diskussionen zu vermeiden, die ihre Nachbarn st\u00f6ren k\u00f6nnten.<\/p>\n<p style=\"text-align: justify;\">Audioger\u00e4te sollten entsprechend eingestellt werden. T\u00fcr- und Kofferraumverschl\u00fcsse sollten so diskret wie m\u00f6glich sein.<\/p>\n<p style=\"text-align: justify;\">Hunde und andere Tiere sollten niemals frei gelassen werden. Sie d\u00fcrfen nicht auf dem Campingplatz zur\u00fcckgelassen werden, auch nicht eingesperrt, in Abwesenheit ihrer Besitzer, die gesetzlich f\u00fcr sie verantwortlich sind.<\/p>\n<p style=\"text-align: justify;\">Der Manager sorgt f\u00fcr die Ruhe seiner Kunden, indem er Zeiten festlegt, in denen absolute Ruhe herrschen muss.<\/p>\n<p style=\"text-align: left;\"><strong>8\/ BESUCHER<\/strong><\/p>\n<p style=\"text-align: justify;\">Nach Genehmigung durch den Manager oder seinen Vertreter k\u00f6nnen Besucher unter der Verantwortung der Camper, die sie empfangen, auf den Campingplatz eingelassen werden.<\/p>\n<p style=\"text-align: justify;\">Der Kunde kann einen oder mehrere Besucher am Empfang empfangen. Die Dienstleistungen und Einrichtungen der Campingpl\u00e4tze sind f\u00fcr Besucher zug\u00e4nglich. Die Nutzung dieser Ger\u00e4te kann jedoch gem\u00e4\u00df einem Tarif geb\u00fchrenpflichtig sein, der am Eingang des Campingplatzes und an der Rezeption ausgeh\u00e4ngt werden muss.<\/p>\n<p style=\"text-align: justify;\">Besucherautos sind auf dem Campingplatz verboten.<\/p>\n<p style=\"text-align: left;\"><strong>9\/ VERKEHR UND PARKEN VON FAHRZEUGEN<\/strong><\/p>\n<p style=\"text-align: justify;\">Innerhalb des Campingplatzes m\u00fcssen Fahrzeuge mit einer begrenzten Geschwindigkeit fahren.<\/p>\n<p style=\"text-align: left;\">Der Verkehr ist von 7.00 bis 22.00 Uhr erlaubt<\/p>\n<p style=\"text-align: justify;\">Auf dem Campingplatz d\u00fcrfen nur Fahrzeuge verkehren, die den dort wohnenden Campern geh\u00f6ren. Auf den Stellpl\u00e4tzen, die \u00fcblicherweise von Unterk\u00fcnften belegt werden, ist das Parken strengstens verboten, es sei denn, es wurde hierf\u00fcr ein Stellplatz bereitgestellt. Das Parken darf den Verkehr nicht behindern oder die Ansiedlung von Neuank\u00f6mmlingen verhindern.<\/p>\n<p style=\"text-align: left;\"><strong>10\/ KLEIDUNG UND AUSSEHEN DER EINRICHTUNGEN<\/strong><\/p>\n<p style=\"text-align: justify;\">Jeder ist verpflichtet, alles zu unterlassen, was die Sauberkeit, Hygiene und das Erscheinungsbild des Campingplatzes und seiner Einrichtungen, einschlie\u00dflich der Sanit\u00e4ranlagen, beeintr\u00e4chtigen k\u00f6nnte.<\/p>\n<p style=\"text-align: justify;\">Es ist verboten, Abwasser auf den Boden oder in die Dachrinne zu sch\u00fctten.<\/p>\n<p style=\"text-align: justify;\">Kunden m\u00fcssen das Abwasser in die daf\u00fcr vorgesehenen Einrichtungen entleeren.<\/p>\n<p style=\"text-align: justify;\">Hausm\u00fcll, Abf\u00e4lle jeglicher Art, Papiere, m\u00fcssen in die M\u00fclltonnen geworfen werden.<\/p>\n<p style=\"text-align: justify;\">Das Waschen au\u00dferhalb der daf\u00fcr vorgesehenen Beh\u00e4lter ist strengstens untersagt.<\/p>\n<p style=\"text-align: justify;\">Das Aufh\u00e4ngen der W\u00e4sche erfolgt bei Bedarf im gemeinsamen Trockner. Es wird jedoch bis 10 Uhr in der N\u00e4he der Unterkunft geduldet, sofern es diskret ist und die Nachbarn nicht st\u00f6rt. Es sollte niemals aus B\u00e4umen hergestellt werden.<\/p>\n<p style=\"text-align: justify;\">Pflanzung und Blumenschmuck m\u00fcssen respektiert werden. Es ist verboten, N\u00e4gel in B\u00e4ume zu schlagen, \u00c4ste zu schneiden, Plantagen anzulegen.<\/p>\n<p style=\"text-align: justify;\">Es ist nicht erlaubt, den Standort einer Installation mit eigenen Mitteln abzugrenzen oder den Boden aufzugraben.<\/p>\n<p style=\"text-align: justify;\">Jede Reparatur von Sch\u00e4den an der Vegetation, den Z\u00e4unen, dem Boden oder den Einrichtungen des Campingplatzes liegt in der Verantwortung des Autors.<\/p>\n<p style=\"text-align: justify;\">Der Platz, der w\u00e4hrend des Aufenthalts benutzt wurde, muss in dem Zustand gehalten werden, in dem der Camper ihn beim Betreten des Gel\u00e4ndes vorgefunden hat.<\/p>\n<p style=\"text-align: left;\"><strong>11\/ SICHERHEIT<\/strong><\/p>\n<p style=\"text-align: left;\"><strong>a\/Feuer<\/strong><\/p>\n<p style=\"text-align: justify;\">Offenes Feuer (Holz, Kohle etc.) ist streng verboten. Kocher sollten in gutem Betriebszustand gehalten und nicht unter gef\u00e4hrlichen Bedingungen verwendet werden.<\/p>\n<p style=\"text-align: justify;\">Benachrichtigen Sie im Brandfall sofort das Management. Bei Bedarf k\u00f6nnen Feuerl\u00f6scher verwendet werden.<\/p>\n<p style=\"text-align: justify;\">Ein Erste-Hilfe-Kasten finden Sie an der Rezeption.<\/p>\n<p style=\"text-align: left;\"><strong>b\/Diebstahl<\/strong><\/p>\n<p style=\"text-align: justify;\">Die Direktion ist f\u00fcr die im B\u00fcro zur\u00fcckgelassenen Gegenst\u00e4nde verantwortlich und hat eine allgemeine \u00dcberwachungspflicht f\u00fcr den Campingplatz. Der Camper beh\u00e4lt die Verantwortung f\u00fcr seine eigene Einrichtung und muss dem Verwalter die Anwesenheit jeder verd\u00e4chtigen Person melden. Kunden wird empfohlen, die \u00fcblichen Vorsichtsma\u00dfnahmen zum Schutz ihrer Ausr\u00fcstung zu treffen.<\/p>\n<p><strong>c \/ Aufladen von Elektrofahrzeugen<\/strong><\/p>\n<p>Das Aufladen eines Elektro- oder Plug-in-Hybridfahrzeugs an den Steckdosen des Campingplatzes (Steckdosen an Stellpl\u00e4tzen, Mobilheimen, Toiletten usw.) ist strengstens verboten, sofern die Leitung nichts anderes angibt. Diese Vorgehensweise stellt ein Risiko f\u00fcr die Sicherheit elektrischer Anlagen dar und kann zum sofortigen Ausschluss des Campers ohne Erstattung f\u00fchren.<\/p>\n<p style=\"text-align: left;\"><strong>12\/ SPIELE<\/strong><\/p>\n<p style=\"text-align: justify;\">In der N\u00e4he der Einrichtungen d\u00fcrfen keine gewaltt\u00e4tigen oder st\u00f6renden Spiele organisiert werden.<\/p>\n<p style=\"text-align: justify;\">Der Besprechungsraum kann nicht f\u00fcr hektische Spiele genutzt werden.<\/p>\n<p style=\"text-align: justify;\">Kinder sollten immer unter der Aufsicht ihrer Eltern sein.<\/p>\n<p style=\"text-align: left;\"><strong>13\/ DEAD GARAGE<\/strong><\/p>\n<p style=\"text-align: justify;\">Es darf nur nach Zustimmung der Gesch\u00e4ftsleitung und nur am angegebenen Ort unbesetzte Ausr\u00fcstung am Boden gelassen werden. Dieser Service kann kostenpflichtig sein.<\/p>\n<p style=\"text-align: left;\"><strong>14 \/ VERLETZUNG DIESER INTERNEN REGELN<\/strong><\/p>\n<p style=\"text-align: justify;\">F\u00fcr den Fall, dass ein Bewohner den Aufenthalt anderer Nutzer st\u00f6rt oder die Bestimmungen dieser Gesch\u00e4ftsordnung nicht beachtet, kann der Verwalter oder sein Vertreter m\u00fcndlich oder schriftlich, wenn er dies f\u00fcr notwendig erachtet, diese zu benachrichtigen, um die St\u00f6rungen einzustellen.<\/p>\n<p style=\"text-align: justify;\">Im Falle eines schwerwiegenden oder wiederholten Versto\u00dfes gegen die internen Vorschriften und nach Aufforderung durch den Manager, diese einzuhalten, kann dieser den Vertrag k\u00fcndigen.<\/p>\n<p style=\"text-align: justify;\">Im Falle einer Straftat kann der Manager die Polizei hinzuziehen.<\/p>\n<p style=\"text-align: left;\"><strong>15\/ MAIL UND POSTEN<\/strong><\/p>\n<p style=\"text-align: justify;\">Die Post wird jeden Werktag an die Rezeption geliefert.<strong>\u00a0\u00a0\u00a0\u00a0\u00a0\u00a0 <\/strong><\/p>\n<p style=\"text-align: justify;\">Diese Hausordnung ist am Eingang des Campingplatzes ausgeh\u00e4ngt, diese Hausordnung und die Allgemeinen Verkaufsbedingungen sind an der Rezeption und auf der Website &lt; a href=&#8220;https :\/\/www.camping-kerisole.fr\/&#8220;&gt;https:\/\/www.camping-kerisole.fr\/. Sie werden dem Kunden auf dessen Wunsch hin ausgeh\u00e4ndigt.<\/p>\n<p style=\"text-align: left;\">Erledigt bei SCAER, 03.01.2022<\/p>\n<p>Andreas oder Nathalie Gerling<\/p>\n<p>Kerisole Campingplatz Co-Manager<\/p>\n<p>Telefon: 06 46 71 76 40<\/p>\n<p><strong>Wichtige <\/strong><strong>Telefonnummern<\/strong><\/p>\n<p>Feuerwehrleute&#8230;&#8230;&#8230;&#8230;&#8230;&#8230;&#8230;&#8230;&#8230;&#8230;&#8230;&#8230;&#8230;&#8230;&#8230;&#8230; 18<\/p>\n<p>Ambulanz-Medizinische Notf\u00e4lle &#8230;&#8230;&#8230;&#8230;&#8230;&#8230;&#8230;&#8230;&#8230;&#8230;. 15<\/p>\n<p>Gendarmerie&#8230;&#8230;&#8230;&#8230;&#8230;&#8230;&#8230;&#8230;&#8230;&#8230;&#8230;&#8230;&#8230;&#8230;&#8230;&#8230;&#8230; 17<\/p>\n<p>Internationaler Notfall&#8230;&#8230;&#8230;&#8230;&#8230;&#8230;&#8230;&#8230;&#8230;&#8230;&#8230;&#8230;.. 112<\/p>\n<p>Sca\u00ebr-Tier\u00e4rzte&#8230;&#8230;&#8230;&#8230;&#8230;&#8230;&#8230;&#8230;&#8230;&#8230;&#8230;.. 02 98 59 41 03<\/p>\n<\/div><\/section>\n","protected":false},"excerpt":{"rendered":"","protected":false},"author":6,"featured_media":0,"parent":0,"menu_order":0,"comment_status":"closed","ping_status":"closed","template":"","meta":{"_exactmetrics_skip_tracking":false,"_exactmetrics_sitenote_active":false,"_exactmetrics_sitenote_note":"","_exactmetrics_sitenote_category":0,"footnotes":""},"class_list":["post-8616","page","type-page","status-publish","hentry"],"yoast_head":"<!-- This site is optimized with the Yoast SEO plugin v27.3 - https:\/\/yoast.com\/product\/yoast-seo-wordpress\/ -->\n<title>Interne Bestimmungen des Campingplatzes Kerisole - Camping Kerisole<\/title>\n<meta name=\"description\" content=\"Pour des vacances uniques en Bretagne : Le camping Kerisole*** est un camping convivial et chaleureux. Nous attachons beaucoup d\u2019importance au bien-\u00eatre, ainsi qu\u2019aux besoins de nos clients. Rappelez-vous \u00e9tant jeune, ces vacances, \u00e0 jamais grav\u00e9 dans votre m\u00e9moire, au c\u0153ur d\u2019un camping dans lequel la convivialit\u00e9 primait, voici ce que nous voulons vous offrir. Un cadre id\u00e9al pour que chacun puisse pratiquer diverses activit\u00e9s, qui permettront assur\u00e9ment, et ce qu\u2019importe votre \u00e2ge, de passer du bon temps. Le camping est ouvert d\u2019avril \u00e0 octobre.\" \/>\n<meta name=\"robots\" content=\"index, follow, max-snippet:-1, max-image-preview:large, max-video-preview:-1\" \/>\n<link rel=\"canonical\" href=\"https:\/\/camping-kerisole.fr\/de\/interne-bestimmungen-des-campingplatzes-kerisole\/\" \/>\n<meta property=\"og:locale\" content=\"de_DE\" \/>\n<meta property=\"og:type\" content=\"article\" \/>\n<meta property=\"og:title\" content=\"Interne Bestimmungen des Campingplatzes Kerisole - Camping Kerisole\" \/>\n<meta property=\"og:description\" content=\"Pour des vacances uniques en Bretagne : Le camping Kerisole*** est un camping convivial et chaleureux. Nous attachons beaucoup d\u2019importance au bien-\u00eatre, ainsi qu\u2019aux besoins de nos clients. Rappelez-vous \u00e9tant jeune, ces vacances, \u00e0 jamais grav\u00e9 dans votre m\u00e9moire, au c\u0153ur d\u2019un camping dans lequel la convivialit\u00e9 primait, voici ce que nous voulons vous offrir. Un cadre id\u00e9al pour que chacun puisse pratiquer diverses activit\u00e9s, qui permettront assur\u00e9ment, et ce qu\u2019importe votre \u00e2ge, de passer du bon temps. Le camping est ouvert d\u2019avril \u00e0 octobre.\" \/>\n<meta property=\"og:url\" content=\"https:\/\/camping-kerisole.fr\/de\/interne-bestimmungen-des-campingplatzes-kerisole\/\" \/>\n<meta property=\"og:site_name\" content=\"Camping Kerisole\" \/>\n<meta property=\"article:publisher\" content=\"http:\/\/www.facebook.com\/campingkerisole\" \/>\n<meta property=\"article:modified_time\" content=\"2025-06-01T10:13:41+00:00\" \/>\n<meta name=\"twitter:card\" content=\"summary_large_image\" \/>\n<meta name=\"twitter:label1\" content=\"Gesch\u00e4tzte Lesezeit\" \/>\n\t<meta name=\"twitter:data1\" content=\"6\u00a0Minuten\" \/>\n<script type=\"application\/ld+json\" class=\"yoast-schema-graph\">{\"@context\":\"https:\\\/\\\/schema.org\",\"@graph\":[{\"@type\":\"WebPage\",\"@id\":\"https:\\\/\\\/camping-kerisole.fr\\\/de\\\/interne-bestimmungen-des-campingplatzes-kerisole\\\/\",\"url\":\"https:\\\/\\\/camping-kerisole.fr\\\/de\\\/interne-bestimmungen-des-campingplatzes-kerisole\\\/\",\"name\":\"Interne Bestimmungen des Campingplatzes Kerisole - Camping Kerisole\",\"isPartOf\":{\"@id\":\"https:\\\/\\\/camping-kerisole.fr\\\/de\\\/#website\"},\"datePublished\":\"2022-04-16T19:21:14+00:00\",\"dateModified\":\"2025-06-01T10:13:41+00:00\",\"description\":\"Pour des vacances uniques en Bretagne : Le camping Kerisole*** est un camping convivial et chaleureux. Nous attachons beaucoup d\u2019importance au bien-\u00eatre, ainsi qu\u2019aux besoins de nos clients. Rappelez-vous \u00e9tant jeune, ces vacances, \u00e0 jamais grav\u00e9 dans votre m\u00e9moire, au c\u0153ur d\u2019un camping dans lequel la convivialit\u00e9 primait, voici ce que nous voulons vous offrir. Un cadre id\u00e9al pour que chacun puisse pratiquer diverses activit\u00e9s, qui permettront assur\u00e9ment, et ce qu\u2019importe votre \u00e2ge, de passer du bon temps. Le camping est ouvert d\u2019avril \u00e0 octobre.\",\"breadcrumb\":{\"@id\":\"https:\\\/\\\/camping-kerisole.fr\\\/de\\\/interne-bestimmungen-des-campingplatzes-kerisole\\\/#breadcrumb\"},\"inLanguage\":\"de\",\"potentialAction\":[{\"@type\":\"ReadAction\",\"target\":[\"https:\\\/\\\/camping-kerisole.fr\\\/de\\\/interne-bestimmungen-des-campingplatzes-kerisole\\\/\"]}]},{\"@type\":\"BreadcrumbList\",\"@id\":\"https:\\\/\\\/camping-kerisole.fr\\\/de\\\/interne-bestimmungen-des-campingplatzes-kerisole\\\/#breadcrumb\",\"itemListElement\":[{\"@type\":\"ListItem\",\"position\":1,\"name\":\"Accueil\",\"item\":\"https:\\\/\\\/camping-kerisole.fr\\\/de\\\/startseite\\\/\"},{\"@type\":\"ListItem\",\"position\":2,\"name\":\"Interne Bestimmungen des Campingplatzes Kerisole\"}]},{\"@type\":\"WebSite\",\"@id\":\"https:\\\/\\\/camping-kerisole.fr\\\/de\\\/#website\",\"url\":\"https:\\\/\\\/camping-kerisole.fr\\\/de\\\/\",\"name\":\"Camping Kerisole\",\"description\":\"Un camping unique en Bretagne !\",\"publisher\":{\"@id\":\"https:\\\/\\\/camping-kerisole.fr\\\/de\\\/#organization\"},\"potentialAction\":[{\"@type\":\"SearchAction\",\"target\":{\"@type\":\"EntryPoint\",\"urlTemplate\":\"https:\\\/\\\/camping-kerisole.fr\\\/de\\\/?s={search_term_string}\"},\"query-input\":{\"@type\":\"PropertyValueSpecification\",\"valueRequired\":true,\"valueName\":\"search_term_string\"}}],\"inLanguage\":\"de\"},{\"@type\":\"Organization\",\"@id\":\"https:\\\/\\\/camping-kerisole.fr\\\/de\\\/#organization\",\"name\":\"Camping Kerisole***\",\"url\":\"https:\\\/\\\/camping-kerisole.fr\\\/de\\\/\",\"logo\":{\"@type\":\"ImageObject\",\"inLanguage\":\"de\",\"@id\":\"https:\\\/\\\/camping-kerisole.fr\\\/de\\\/#\\\/schema\\\/logo\\\/image\\\/\",\"url\":\"https:\\\/\\\/camping-kerisole.fr\\\/wp-content\\\/uploads\\\/2022\\\/05\\\/logo-Camping-Kerisole-rectangulaire.png\",\"contentUrl\":\"https:\\\/\\\/camping-kerisole.fr\\\/wp-content\\\/uploads\\\/2022\\\/05\\\/logo-Camping-Kerisole-rectangulaire.png\",\"width\":1148,\"height\":766,\"caption\":\"Camping Kerisole***\"},\"image\":{\"@id\":\"https:\\\/\\\/camping-kerisole.fr\\\/de\\\/#\\\/schema\\\/logo\\\/image\\\/\"},\"sameAs\":[\"http:\\\/\\\/www.facebook.com\\\/campingkerisole\"]}]}<\/script>\n<!-- \/ Yoast SEO plugin. -->","yoast_head_json":{"title":"Interne Bestimmungen des Campingplatzes Kerisole - Camping Kerisole","description":"Pour des vacances uniques en Bretagne : Le camping Kerisole*** est un camping convivial et chaleureux. Nous attachons beaucoup d\u2019importance au bien-\u00eatre, ainsi qu\u2019aux besoins de nos clients. Rappelez-vous \u00e9tant jeune, ces vacances, \u00e0 jamais grav\u00e9 dans votre m\u00e9moire, au c\u0153ur d\u2019un camping dans lequel la convivialit\u00e9 primait, voici ce que nous voulons vous offrir. Un cadre id\u00e9al pour que chacun puisse pratiquer diverses activit\u00e9s, qui permettront assur\u00e9ment, et ce qu\u2019importe votre \u00e2ge, de passer du bon temps. Le camping est ouvert d\u2019avril \u00e0 octobre.","robots":{"index":"index","follow":"follow","max-snippet":"max-snippet:-1","max-image-preview":"max-image-preview:large","max-video-preview":"max-video-preview:-1"},"canonical":"https:\/\/camping-kerisole.fr\/de\/interne-bestimmungen-des-campingplatzes-kerisole\/","og_locale":"de_DE","og_type":"article","og_title":"Interne Bestimmungen des Campingplatzes Kerisole - Camping Kerisole","og_description":"Pour des vacances uniques en Bretagne : Le camping Kerisole*** est un camping convivial et chaleureux. Nous attachons beaucoup d\u2019importance au bien-\u00eatre, ainsi qu\u2019aux besoins de nos clients. Rappelez-vous \u00e9tant jeune, ces vacances, \u00e0 jamais grav\u00e9 dans votre m\u00e9moire, au c\u0153ur d\u2019un camping dans lequel la convivialit\u00e9 primait, voici ce que nous voulons vous offrir. Un cadre id\u00e9al pour que chacun puisse pratiquer diverses activit\u00e9s, qui permettront assur\u00e9ment, et ce qu\u2019importe votre \u00e2ge, de passer du bon temps. Le camping est ouvert d\u2019avril \u00e0 octobre.","og_url":"https:\/\/camping-kerisole.fr\/de\/interne-bestimmungen-des-campingplatzes-kerisole\/","og_site_name":"Camping Kerisole","article_publisher":"http:\/\/www.facebook.com\/campingkerisole","article_modified_time":"2025-06-01T10:13:41+00:00","twitter_card":"summary_large_image","twitter_misc":{"Gesch\u00e4tzte Lesezeit":"6\u00a0Minuten"},"schema":{"@context":"https:\/\/schema.org","@graph":[{"@type":"WebPage","@id":"https:\/\/camping-kerisole.fr\/de\/interne-bestimmungen-des-campingplatzes-kerisole\/","url":"https:\/\/camping-kerisole.fr\/de\/interne-bestimmungen-des-campingplatzes-kerisole\/","name":"Interne Bestimmungen des Campingplatzes Kerisole - Camping Kerisole","isPartOf":{"@id":"https:\/\/camping-kerisole.fr\/de\/#website"},"datePublished":"2022-04-16T19:21:14+00:00","dateModified":"2025-06-01T10:13:41+00:00","description":"Pour des vacances uniques en Bretagne : Le camping Kerisole*** est un camping convivial et chaleureux. Nous attachons beaucoup d\u2019importance au bien-\u00eatre, ainsi qu\u2019aux besoins de nos clients. Rappelez-vous \u00e9tant jeune, ces vacances, \u00e0 jamais grav\u00e9 dans votre m\u00e9moire, au c\u0153ur d\u2019un camping dans lequel la convivialit\u00e9 primait, voici ce que nous voulons vous offrir. Un cadre id\u00e9al pour que chacun puisse pratiquer diverses activit\u00e9s, qui permettront assur\u00e9ment, et ce qu\u2019importe votre \u00e2ge, de passer du bon temps. Le camping est ouvert d\u2019avril \u00e0 octobre.","breadcrumb":{"@id":"https:\/\/camping-kerisole.fr\/de\/interne-bestimmungen-des-campingplatzes-kerisole\/#breadcrumb"},"inLanguage":"de","potentialAction":[{"@type":"ReadAction","target":["https:\/\/camping-kerisole.fr\/de\/interne-bestimmungen-des-campingplatzes-kerisole\/"]}]},{"@type":"BreadcrumbList","@id":"https:\/\/camping-kerisole.fr\/de\/interne-bestimmungen-des-campingplatzes-kerisole\/#breadcrumb","itemListElement":[{"@type":"ListItem","position":1,"name":"Accueil","item":"https:\/\/camping-kerisole.fr\/de\/startseite\/"},{"@type":"ListItem","position":2,"name":"Interne Bestimmungen des Campingplatzes Kerisole"}]},{"@type":"WebSite","@id":"https:\/\/camping-kerisole.fr\/de\/#website","url":"https:\/\/camping-kerisole.fr\/de\/","name":"Camping Kerisole","description":"Un camping unique en Bretagne !","publisher":{"@id":"https:\/\/camping-kerisole.fr\/de\/#organization"},"potentialAction":[{"@type":"SearchAction","target":{"@type":"EntryPoint","urlTemplate":"https:\/\/camping-kerisole.fr\/de\/?s={search_term_string}"},"query-input":{"@type":"PropertyValueSpecification","valueRequired":true,"valueName":"search_term_string"}}],"inLanguage":"de"},{"@type":"Organization","@id":"https:\/\/camping-kerisole.fr\/de\/#organization","name":"Camping Kerisole***","url":"https:\/\/camping-kerisole.fr\/de\/","logo":{"@type":"ImageObject","inLanguage":"de","@id":"https:\/\/camping-kerisole.fr\/de\/#\/schema\/logo\/image\/","url":"https:\/\/camping-kerisole.fr\/wp-content\/uploads\/2022\/05\/logo-Camping-Kerisole-rectangulaire.png","contentUrl":"https:\/\/camping-kerisole.fr\/wp-content\/uploads\/2022\/05\/logo-Camping-Kerisole-rectangulaire.png","width":1148,"height":766,"caption":"Camping Kerisole***"},"image":{"@id":"https:\/\/camping-kerisole.fr\/de\/#\/schema\/logo\/image\/"},"sameAs":["http:\/\/www.facebook.com\/campingkerisole"]}]}},"_links":{"self":[{"href":"https:\/\/camping-kerisole.fr\/de\/wp-json\/wp\/v2\/pages\/8616","targetHints":{"allow":["GET"]}}],"collection":[{"href":"https:\/\/camping-kerisole.fr\/de\/wp-json\/wp\/v2\/pages"}],"about":[{"href":"https:\/\/camping-kerisole.fr\/de\/wp-json\/wp\/v2\/types\/page"}],"author":[{"embeddable":true,"href":"https:\/\/camping-kerisole.fr\/de\/wp-json\/wp\/v2\/users\/6"}],"replies":[{"embeddable":true,"href":"https:\/\/camping-kerisole.fr\/de\/wp-json\/wp\/v2\/comments?post=8616"}],"version-history":[{"count":2,"href":"https:\/\/camping-kerisole.fr\/de\/wp-json\/wp\/v2\/pages\/8616\/revisions"}],"predecessor-version":[{"id":11771,"href":"https:\/\/camping-kerisole.fr\/de\/wp-json\/wp\/v2\/pages\/8616\/revisions\/11771"}],"wp:attachment":[{"href":"https:\/\/camping-kerisole.fr\/de\/wp-json\/wp\/v2\/media?parent=8616"}],"curies":[{"name":"wp","href":"https:\/\/api.w.org\/{rel}","templated":true}]}}