{"id":8039,"date":"2022-03-04T08:33:44","date_gmt":"2022-03-04T07:33:44","guid":{"rendered":"https:\/\/camping-kerisole.fr\/camping\/inhaber\/"},"modified":"2022-05-30T18:38:15","modified_gmt":"2022-05-30T17:38:15","slug":"inhaber","status":"publish","type":"page","link":"https:\/\/camping-kerisole.fr\/de\/inhaber\/","title":{"rendered":"Inhaber"},"content":{"rendered":"<\/div><\/div><\/div><!-- close content main div --><\/div><\/div><div id='av-layout-grid-1' class='av-layout-grid-container entry-content-wrapper main_color av-flex-cells    container_wrap fullsize'   >\n<div class=\"flex_cell no_margin av_one_third   avia-full-stretch \" style='height:500px; min-height:500px;vertical-align:middle; padding:80px; background-color:#22689e; '><div class='flex_cell_inner' ><div style='padding-bottom:25px; color:#ffffff;font-size:34px;' class='av-special-heading av-special-heading-h3 custom-color-heading blockquote modern-quote  av-inherit-size '><h3 class='av-special-heading-tag '  itemprop=\"headline\"  >Die Inhaber<\/h3><div class ='av-subheading av-subheading_below av_custom_color ' style='font-size:15px;'><p>Natalie und Andy Gerling<\/p>\n<p>Nathalie kommt aus Sarthe und Andy aus Bayern. Wir sprechen beide Franz\u00f6sisch und Deutsch und ein wenig Englisch. Wir haben drei Kinder und zwei Enkelkinder, die alle in der Bretagne leben.<\/p>\n<\/div><div class='special-heading-border'><div class='special-heading-inner-border' style='border-color:#ffffff'><\/div><\/div><\/div>\n<\/div><\/div><div class=\"flex_cell no_margin av_one_third   avia-full-stretch \" style='height:500px; min-height:500px;background:url(https:\/\/camping-kerisole.fr\/wp-content\/uploads\/2022\/03\/Nathalie-et-Andy-300x300.jpg) center left no-repeat scroll #22689e; vertical-align:middle; padding:80px; background-color:#22689e; '><div class='flex_cell_inner' ><\/div><\/div><div class=\"flex_cell no_margin av_one_third   \" style='height:500px; min-height:500px;vertical-align:top; padding:30px; '><div class='flex_cell_inner' ><div style='padding-bottom:25px; color:#ffffff;font-size:34px;' class='av-special-heading av-special-heading-h3 custom-color-heading blockquote modern-quote  av-inherit-size '><h3 class='av-special-heading-tag '  itemprop=\"headline\"  >Camping Kerisole***<\/h3><div class ='av-subheading av-subheading_below av_custom_color ' style='font-size:15px;'><p>Familiencamping<\/p>\n<\/div><div class='special-heading-border'><div class='special-heading-inner-border' style='border-color:#ffffff'><\/div><\/div><\/div>\n<\/div><\/div><\/div><\/div><\/div><\/div><!-- close content main div --><\/div><\/div><div id='av_section_1' class='avia-section main_color avia-section-default avia-no-shadow avia-bg-style-scroll   container_wrap fullsize' style = 'background-image: '  ><div class='container' ><div class='template-page content  av-content-full alpha units'><div class='post-entry post-entry-type-page post-entry-8039'><div class='entry-content-wrapper clearfix'><\/p>\n","protected":false},"excerpt":{"rendered":"","protected":false},"author":6,"featured_media":0,"parent":0,"menu_order":0,"comment_status":"closed","ping_status":"closed","template":"","meta":{"_exactmetrics_skip_tracking":false,"_exactmetrics_sitenote_active":false,"_exactmetrics_sitenote_note":"","_exactmetrics_sitenote_category":0,"footnotes":""},"class_list":["post-8039","page","type-page","status-publish","hentry"],"yoast_head":"<!-- This site is optimized with the Yoast SEO plugin v27.3 - https:\/\/yoast.com\/product\/yoast-seo-wordpress\/ -->\n<title>Inhaber - Camping Kerisole<\/title>\n<meta name=\"description\" content=\"Pour des vacances uniques en Bretagne : Le camping Kerisole*** est un camping convivial et chaleureux. Nous attachons beaucoup d\u2019importance au bien-\u00eatre, ainsi qu\u2019aux besoins de nos clients. Rappelez-vous \u00e9tant jeune, ces vacances, \u00e0 jamais grav\u00e9 dans votre m\u00e9moire, au c\u0153ur d\u2019un camping dans lequel la convivialit\u00e9 primait, voici ce que nous voulons vous offrir. Un cadre id\u00e9al pour que chacun puisse pratiquer diverses activit\u00e9s, qui permettront assur\u00e9ment, et ce qu\u2019importe votre \u00e2ge, de passer du bon temps. Le camping est ouvert d\u2019avril \u00e0 octobre.\" \/>\n<meta name=\"robots\" content=\"index, follow, max-snippet:-1, max-image-preview:large, max-video-preview:-1\" \/>\n<link rel=\"canonical\" href=\"https:\/\/camping-kerisole.fr\/de\/inhaber\/\" \/>\n<meta property=\"og:locale\" content=\"de_DE\" \/>\n<meta property=\"og:type\" content=\"article\" \/>\n<meta property=\"og:title\" content=\"Inhaber - Camping Kerisole\" \/>\n<meta property=\"og:description\" content=\"Pour des vacances uniques en Bretagne : Le camping Kerisole*** est un camping convivial et chaleureux. Nous attachons beaucoup d\u2019importance au bien-\u00eatre, ainsi qu\u2019aux besoins de nos clients. Rappelez-vous \u00e9tant jeune, ces vacances, \u00e0 jamais grav\u00e9 dans votre m\u00e9moire, au c\u0153ur d\u2019un camping dans lequel la convivialit\u00e9 primait, voici ce que nous voulons vous offrir. Un cadre id\u00e9al pour que chacun puisse pratiquer diverses activit\u00e9s, qui permettront assur\u00e9ment, et ce qu\u2019importe votre \u00e2ge, de passer du bon temps. Le camping est ouvert d\u2019avril \u00e0 octobre.\" \/>\n<meta property=\"og:url\" content=\"https:\/\/camping-kerisole.fr\/de\/inhaber\/\" \/>\n<meta property=\"og:site_name\" content=\"Camping Kerisole\" \/>\n<meta property=\"article:publisher\" content=\"http:\/\/www.facebook.com\/campingkerisole\" \/>\n<meta property=\"article:modified_time\" content=\"2022-05-30T17:38:15+00:00\" \/>\n<meta name=\"twitter:card\" content=\"summary_large_image\" \/>\n<meta name=\"twitter:label1\" content=\"Gesch\u00e4tzte Lesezeit\" \/>\n\t<meta name=\"twitter:data1\" content=\"2\u00a0Minuten\" \/>\n<script type=\"application\/ld+json\" class=\"yoast-schema-graph\">{\"@context\":\"https:\\\/\\\/schema.org\",\"@graph\":[{\"@type\":\"WebPage\",\"@id\":\"https:\\\/\\\/camping-kerisole.fr\\\/de\\\/inhaber\\\/\",\"url\":\"https:\\\/\\\/camping-kerisole.fr\\\/de\\\/inhaber\\\/\",\"name\":\"Inhaber - Camping Kerisole\",\"isPartOf\":{\"@id\":\"https:\\\/\\\/camping-kerisole.fr\\\/de\\\/#website\"},\"datePublished\":\"2022-03-04T07:33:44+00:00\",\"dateModified\":\"2022-05-30T17:38:15+00:00\",\"description\":\"Pour des vacances uniques en Bretagne : Le camping Kerisole*** est un camping convivial et chaleureux. Nous attachons beaucoup d\u2019importance au bien-\u00eatre, ainsi qu\u2019aux besoins de nos clients. Rappelez-vous \u00e9tant jeune, ces vacances, \u00e0 jamais grav\u00e9 dans votre m\u00e9moire, au c\u0153ur d\u2019un camping dans lequel la convivialit\u00e9 primait, voici ce que nous voulons vous offrir. Un cadre id\u00e9al pour que chacun puisse pratiquer diverses activit\u00e9s, qui permettront assur\u00e9ment, et ce qu\u2019importe votre \u00e2ge, de passer du bon temps. Le camping est ouvert d\u2019avril \u00e0 octobre.\",\"breadcrumb\":{\"@id\":\"https:\\\/\\\/camping-kerisole.fr\\\/de\\\/inhaber\\\/#breadcrumb\"},\"inLanguage\":\"de\",\"potentialAction\":[{\"@type\":\"ReadAction\",\"target\":[\"https:\\\/\\\/camping-kerisole.fr\\\/de\\\/inhaber\\\/\"]}]},{\"@type\":\"BreadcrumbList\",\"@id\":\"https:\\\/\\\/camping-kerisole.fr\\\/de\\\/inhaber\\\/#breadcrumb\",\"itemListElement\":[{\"@type\":\"ListItem\",\"position\":1,\"name\":\"Accueil\",\"item\":\"https:\\\/\\\/camping-kerisole.fr\\\/de\\\/startseite\\\/\"},{\"@type\":\"ListItem\",\"position\":2,\"name\":\"Inhaber\"}]},{\"@type\":\"WebSite\",\"@id\":\"https:\\\/\\\/camping-kerisole.fr\\\/de\\\/#website\",\"url\":\"https:\\\/\\\/camping-kerisole.fr\\\/de\\\/\",\"name\":\"Camping Kerisole\",\"description\":\"Un camping unique en Bretagne !\",\"publisher\":{\"@id\":\"https:\\\/\\\/camping-kerisole.fr\\\/de\\\/#organization\"},\"potentialAction\":[{\"@type\":\"SearchAction\",\"target\":{\"@type\":\"EntryPoint\",\"urlTemplate\":\"https:\\\/\\\/camping-kerisole.fr\\\/de\\\/?s={search_term_string}\"},\"query-input\":{\"@type\":\"PropertyValueSpecification\",\"valueRequired\":true,\"valueName\":\"search_term_string\"}}],\"inLanguage\":\"de\"},{\"@type\":\"Organization\",\"@id\":\"https:\\\/\\\/camping-kerisole.fr\\\/de\\\/#organization\",\"name\":\"Camping Kerisole***\",\"url\":\"https:\\\/\\\/camping-kerisole.fr\\\/de\\\/\",\"logo\":{\"@type\":\"ImageObject\",\"inLanguage\":\"de\",\"@id\":\"https:\\\/\\\/camping-kerisole.fr\\\/de\\\/#\\\/schema\\\/logo\\\/image\\\/\",\"url\":\"https:\\\/\\\/camping-kerisole.fr\\\/wp-content\\\/uploads\\\/2022\\\/05\\\/logo-Camping-Kerisole-rectangulaire.png\",\"contentUrl\":\"https:\\\/\\\/camping-kerisole.fr\\\/wp-content\\\/uploads\\\/2022\\\/05\\\/logo-Camping-Kerisole-rectangulaire.png\",\"width\":1148,\"height\":766,\"caption\":\"Camping Kerisole***\"},\"image\":{\"@id\":\"https:\\\/\\\/camping-kerisole.fr\\\/de\\\/#\\\/schema\\\/logo\\\/image\\\/\"},\"sameAs\":[\"http:\\\/\\\/www.facebook.com\\\/campingkerisole\"]}]}<\/script>\n<!-- \/ Yoast SEO plugin. -->","yoast_head_json":{"title":"Inhaber - Camping Kerisole","description":"Pour des vacances uniques en Bretagne : Le camping Kerisole*** est un camping convivial et chaleureux. Nous attachons beaucoup d\u2019importance au bien-\u00eatre, ainsi qu\u2019aux besoins de nos clients. Rappelez-vous \u00e9tant jeune, ces vacances, \u00e0 jamais grav\u00e9 dans votre m\u00e9moire, au c\u0153ur d\u2019un camping dans lequel la convivialit\u00e9 primait, voici ce que nous voulons vous offrir. Un cadre id\u00e9al pour que chacun puisse pratiquer diverses activit\u00e9s, qui permettront assur\u00e9ment, et ce qu\u2019importe votre \u00e2ge, de passer du bon temps. Le camping est ouvert d\u2019avril \u00e0 octobre.","robots":{"index":"index","follow":"follow","max-snippet":"max-snippet:-1","max-image-preview":"max-image-preview:large","max-video-preview":"max-video-preview:-1"},"canonical":"https:\/\/camping-kerisole.fr\/de\/inhaber\/","og_locale":"de_DE","og_type":"article","og_title":"Inhaber - Camping Kerisole","og_description":"Pour des vacances uniques en Bretagne : Le camping Kerisole*** est un camping convivial et chaleureux. Nous attachons beaucoup d\u2019importance au bien-\u00eatre, ainsi qu\u2019aux besoins de nos clients. Rappelez-vous \u00e9tant jeune, ces vacances, \u00e0 jamais grav\u00e9 dans votre m\u00e9moire, au c\u0153ur d\u2019un camping dans lequel la convivialit\u00e9 primait, voici ce que nous voulons vous offrir. Un cadre id\u00e9al pour que chacun puisse pratiquer diverses activit\u00e9s, qui permettront assur\u00e9ment, et ce qu\u2019importe votre \u00e2ge, de passer du bon temps. Le camping est ouvert d\u2019avril \u00e0 octobre.","og_url":"https:\/\/camping-kerisole.fr\/de\/inhaber\/","og_site_name":"Camping Kerisole","article_publisher":"http:\/\/www.facebook.com\/campingkerisole","article_modified_time":"2022-05-30T17:38:15+00:00","twitter_card":"summary_large_image","twitter_misc":{"Gesch\u00e4tzte Lesezeit":"2\u00a0Minuten"},"schema":{"@context":"https:\/\/schema.org","@graph":[{"@type":"WebPage","@id":"https:\/\/camping-kerisole.fr\/de\/inhaber\/","url":"https:\/\/camping-kerisole.fr\/de\/inhaber\/","name":"Inhaber - Camping Kerisole","isPartOf":{"@id":"https:\/\/camping-kerisole.fr\/de\/#website"},"datePublished":"2022-03-04T07:33:44+00:00","dateModified":"2022-05-30T17:38:15+00:00","description":"Pour des vacances uniques en Bretagne : Le camping Kerisole*** est un camping convivial et chaleureux. Nous attachons beaucoup d\u2019importance au bien-\u00eatre, ainsi qu\u2019aux besoins de nos clients. Rappelez-vous \u00e9tant jeune, ces vacances, \u00e0 jamais grav\u00e9 dans votre m\u00e9moire, au c\u0153ur d\u2019un camping dans lequel la convivialit\u00e9 primait, voici ce que nous voulons vous offrir. Un cadre id\u00e9al pour que chacun puisse pratiquer diverses activit\u00e9s, qui permettront assur\u00e9ment, et ce qu\u2019importe votre \u00e2ge, de passer du bon temps. Le camping est ouvert d\u2019avril \u00e0 octobre.","breadcrumb":{"@id":"https:\/\/camping-kerisole.fr\/de\/inhaber\/#breadcrumb"},"inLanguage":"de","potentialAction":[{"@type":"ReadAction","target":["https:\/\/camping-kerisole.fr\/de\/inhaber\/"]}]},{"@type":"BreadcrumbList","@id":"https:\/\/camping-kerisole.fr\/de\/inhaber\/#breadcrumb","itemListElement":[{"@type":"ListItem","position":1,"name":"Accueil","item":"https:\/\/camping-kerisole.fr\/de\/startseite\/"},{"@type":"ListItem","position":2,"name":"Inhaber"}]},{"@type":"WebSite","@id":"https:\/\/camping-kerisole.fr\/de\/#website","url":"https:\/\/camping-kerisole.fr\/de\/","name":"Camping Kerisole","description":"Un camping unique en Bretagne !","publisher":{"@id":"https:\/\/camping-kerisole.fr\/de\/#organization"},"potentialAction":[{"@type":"SearchAction","target":{"@type":"EntryPoint","urlTemplate":"https:\/\/camping-kerisole.fr\/de\/?s={search_term_string}"},"query-input":{"@type":"PropertyValueSpecification","valueRequired":true,"valueName":"search_term_string"}}],"inLanguage":"de"},{"@type":"Organization","@id":"https:\/\/camping-kerisole.fr\/de\/#organization","name":"Camping Kerisole***","url":"https:\/\/camping-kerisole.fr\/de\/","logo":{"@type":"ImageObject","inLanguage":"de","@id":"https:\/\/camping-kerisole.fr\/de\/#\/schema\/logo\/image\/","url":"https:\/\/camping-kerisole.fr\/wp-content\/uploads\/2022\/05\/logo-Camping-Kerisole-rectangulaire.png","contentUrl":"https:\/\/camping-kerisole.fr\/wp-content\/uploads\/2022\/05\/logo-Camping-Kerisole-rectangulaire.png","width":1148,"height":766,"caption":"Camping Kerisole***"},"image":{"@id":"https:\/\/camping-kerisole.fr\/de\/#\/schema\/logo\/image\/"},"sameAs":["http:\/\/www.facebook.com\/campingkerisole"]}]}},"_links":{"self":[{"href":"https:\/\/camping-kerisole.fr\/de\/wp-json\/wp\/v2\/pages\/8039","targetHints":{"allow":["GET"]}}],"collection":[{"href":"https:\/\/camping-kerisole.fr\/de\/wp-json\/wp\/v2\/pages"}],"about":[{"href":"https:\/\/camping-kerisole.fr\/de\/wp-json\/wp\/v2\/types\/page"}],"author":[{"embeddable":true,"href":"https:\/\/camping-kerisole.fr\/de\/wp-json\/wp\/v2\/users\/6"}],"replies":[{"embeddable":true,"href":"https:\/\/camping-kerisole.fr\/de\/wp-json\/wp\/v2\/comments?post=8039"}],"version-history":[{"count":0,"href":"https:\/\/camping-kerisole.fr\/de\/wp-json\/wp\/v2\/pages\/8039\/revisions"}],"wp:attachment":[{"href":"https:\/\/camping-kerisole.fr\/de\/wp-json\/wp\/v2\/media?parent=8039"}],"curies":[{"name":"wp","href":"https:\/\/api.w.org\/{rel}","templated":true}]}}