{"id":7503,"date":"2021-11-13T16:35:48","date_gmt":"2021-11-13T15:35:48","guid":{"rendered":"http:\/\/camping-kerisole.fr\/reservieren\/"},"modified":"2025-12-28T21:32:15","modified_gmt":"2025-12-28T20:32:15","slug":"reservation","status":"publish","type":"page","link":"https:\/\/camping-kerisole.fr\/de\/reservation\/","title":{"rendered":"Reservieren"},"content":{"rendered":"<div class=\"flex_column av_one_full  flex_column_div av-zero-column-padding first  \" style='border-radius:0px; '><p><div class='avia-image-container  av-styling-    avia-align-center '  itemprop=\"ImageObject\" itemscope=\"itemscope\" itemtype=\"https:\/\/schema.org\/ImageObject\"  ><div class='avia-image-container-inner'><div class='avia-image-overlay-wrap'><a href='https:\/\/camping-kerisole.fr\/wp-content\/uploads\/2023\/02\/plan-camping-022023.png' class='avia_image'  ><img class='avia_image ' src='https:\/\/camping-kerisole.fr\/wp-content\/uploads\/2023\/02\/plan-camping-022023-210x300.png' alt='' title='plan camping 022023'  itemprop=\"thumbnailUrl\"  \/><\/a><\/div><\/div><\/div><br \/>\n<section class=\"av_textblock_section \"  itemscope=\"itemscope\" itemtype=\"https:\/\/schema.org\/CreativeWork\" ><div class='avia_textblock  '   itemprop=\"text\" ><p style=\"text-align: center;\"><em><strong>=&gt; Profitieren Sie von 5 % Rabatt f\u00fcr zwei Wochen und 10 % f\u00fcr 4 Wochen! &lt;=<\/strong><\/em><\/p>\n<p style=\"text-align: center;\"><em>Wir weisen Sie auf unseren\u00a0<a href=\"https:\/\/camping-kerisole.fr\/assurance-annulation\/\">Reiser\u00fccktrittsversicherungsservice<\/a>\u00a0hin, damit alles sicher ist.<\/em><\/p>\n<p style=\"text-align: center;\"><em><strong>Sie k\u00f6nnen direkt auf unserer Seite buchen und am Ende der Reservierung per Kreditkarte, Paypal, \u00dcberweisung oder auch in bar vor Ort bezahlen. Z\u00f6gern Sie nicht, uns zu kontaktieren, um Ihnen ein Angebot zuzusenden.<\/strong><\/em><\/p>\n<p style=\"text-align: center;\">Sie k\u00f6nnen uns\u00a0nat\u00fcrlich auch direkt anrufen oder eine e-Mail schreiben :\u00a0<a href=\"mailto:info@camping-kerisole.fr\">info@camping-kerisole.fr<\/a>. Ganz einfach!<\/p>\n<p style=\"text-align: center;\"><em><strong>Da die Online-Reservierung nicht l\u00e4nger als maximal 28 N\u00e4chte dauern kann, wenden Sie sich bitte an uns, um einen l\u00e4ngeren Aufenthalt als 28 N\u00e4chte zu reservieren.<\/strong><\/em><\/p>\n<p style=\"text-align: center;\">Hier k\u00f6nnen Sie folgendes runterladen:\u00a0<strong><a href=\"https:\/\/camping-kerisole.fr\/wp-content\/uploads\/2022\/03\/flyer-2022-3P-DE.pdf\" target=\"_blank\" rel=\"noopener\">Flyer vom Camping Kerisole***<\/a><\/strong>,\u00a0\u00a0<strong><a href=\"https:\/\/camping-kerisole.fr\/wp-content\/uploads\/2023\/01\/Affiche-Bienvenue-DE-impression-portrait-r-v-bords-courts.pdf\" target=\"_blank\" rel=\"noopener\">Willkommen im Camping Kerisole***<\/a><\/strong>,\u00a0<a href=\"https:\/\/camping-kerisole.fr\/de\/conditions-generales-de-vente\/\" target=\"_blank\" rel=\"noreferrer noopener\">AGB<\/a>,\u00a0<a href=\"https:\/\/camping-kerisole.fr\/de\/interne-bestimmungen-des-campingplatzes-kerisole\/\" target=\"_blank\" rel=\"noreferrer noopener\" data-type=\"URL\" data-id=\"https:\/\/camping-kerisole.fr\/reglement-interieur-du-camping-kerisole\/\">Gesch\u00e4ftsordnung vom Camping Kerisole***<\/a>, sowie auch die Charta der\u00a0\u00a0<a href=\"https:\/\/camping-kerisole.fr\/de\/datenschutz-bestimmungen\/\" target=\"_blank\" rel=\"noopener\">Datenschutzrichtlinie<\/a>.<\/p>\n<p style=\"text-align: center;\"><em><strong>=&gt; Profitieren Sie von der Zahlung in 4 Raten per Kreditkarte oder Lastschrift mit unserem Partner Paypal! &lt;=<\/strong><\/em><\/p>\n<\/div><\/section><br \/>\n<div  class='hr hr-default  '><span class='hr-inner ' ><span class='hr-inner-style'><\/span><\/span><\/div><br \/>\n<section class=\"av_textblock_section \"  itemscope=\"itemscope\" itemtype=\"https:\/\/schema.org\/CreativeWork\" ><div class='avia_textblock  av_inherit_color '  style='color:#4ecac2; '  itemprop=\"text\" ><h2 style=\"text-align: center;\"><a href=\"https:\/\/camping-kerisole.fr\/de\/elektrische-fahrraeder\/\"><span style=\"color: #ff0000;\"><strong>Neu: E-Bike-Verleih vor Ort<\/strong><\/span><\/a><\/h2>\n<h3 style=\"text-align: center;\"><\/h3>\n<p style=\"text-align: center;\"><span style=\"color: #ff9900;\"><em>Sie k\u00f6nnen direkt online buchen oder uns f\u00fcr eine Anmietung f\u00fcr einen oder mehrere Tage kontaktieren.<\/em><\/span><\/p>\n<p style=\"text-align: right;\"><a href=\"https:\/\/camping-kerisole.fr\/conditions-generales-de-location\/\">Allgemeine Mietbedingungen<\/a><\/p>\n<\/div><\/section><br \/>\n<div  class='hr hr-default  '><span class='hr-inner ' ><span class='hr-inner-style'><\/span><\/span><\/div><br \/>\n<section class=\"av_textblock_section \"  itemscope=\"itemscope\" itemtype=\"https:\/\/schema.org\/CreativeWork\" ><div class='avia_textblock  av_inherit_color '  style='color:#4ecac2; '  itemprop=\"text\" ><h2 style=\"text-align: center;\"><strong>Liebe Camper, wir sind von Mai bis Mitte September ge\u00f6ffnet<\/strong><\/h2>\n<h3 style=\"text-align: center;\"><\/h3>\n<p style=\"text-align: center;\">Sie k\u00f6nnen direkt online buchen, indem Sie unten auf das <em><strong>gew\u00fcnschte An- und Abreisedatum klicken<\/strong><\/em>, mit <strong><em>maximal 6 Personen pro Reservierung<\/em><\/strong>:<\/p>\n<h3 style=\"text-align: center;\"><\/h3>\n<\/div><\/section><br \/>\n<section class=\"av_textblock_section \"  itemscope=\"itemscope\" itemtype=\"https:\/\/schema.org\/CreativeWork\" ><div class='avia_textblock  '   itemprop=\"text\" ><style>.drp-calendar th {padding: 0 !important;}.daterangepicker .drp-calendar.left {padding: 0 !important;}.daterangepicker .drp-calendar.right {padding: 0 !important;}<\/style>\n<p><script src=\"https:\/\/hippo-camp.fr\/media\/com_campingmanager\/widgets\/search.min.js\" type=\"text\/javascript\"><\/script><\/p>\n<div id=\"hippocamp-search-widget-container\" data-user-id=\"3555\" data-language=\"auto\"><\/div>\n<\/div><\/section><\/p><\/div><div class='avia-button-wrap avia-button-center '><a href='https:\/\/camping-kerisole.fr\/de\/reiseruecktrittsversicherung\/'  class='avia-button av-icon-on-hover  avia-icon_select-yes-right-icon avia-color-red avia-size-large avia-position-center '  target=\"_blank\"   ><span class='avia_iconbox_title' >Informationen zur Reiser\u00fccktrittsversicherung<\/span><span class='avia_button_icon avia_button_icon_right' aria-hidden='true' data-av_icon='\ue881' data-av_iconfont='entypo-fontello'><\/span><\/a><\/div><\/p>\n<div  class='hr hr-default  '><span class='hr-inner ' ><span class='hr-inner-style'><\/span><\/span><\/div>\n<section class=\"av_textblock_section \"  itemscope=\"itemscope\" itemtype=\"https:\/\/schema.org\/CreativeWork\" ><div class='avia_textblock  '   itemprop=\"text\" ><p>Weitere Informationen zu Standorten, Vermietungen und Preisen finden Sie unter diesen Links:<\/p>\n<p><a href=\"https:\/\/camping-kerisole.fr\/de\/vermietung\/\"><strong>Vermietungen<\/strong><\/a><strong> : <\/strong><\/p>\n<ol>\n<li><a href=\"https:\/\/camping-kerisole.fr\/mobile-home\/\">Mobilheime<\/a><\/li>\n<li><a href=\"https:\/\/camping-kerisole.fr\/tentes-fixes\/\">Zelte aus Segeltuch<\/a><\/li>\n<li><a href=\"https:\/\/camping-kerisole.fr\/de\/estival-schlafwagen-wanderhuette\/\">Sommer-Wohnwagen<\/a><\/li>\n<\/ol>\n<p><a href=\"https:\/\/camping-kerisole.fr\/emplacements\/\"><strong>Standorte<\/strong><\/a><strong> :<\/strong><\/p>\n<ol>\n<li><a href=\"https:\/\/camping-kerisole.fr\/avec-tente-ou-tente-remorque\/\">Mit Zelt<\/a><\/li>\n<li><a href=\"https:\/\/camping-kerisole.fr\/de\/mit-wohnmobil-oder-wohnwagen\/\">Mit dem Wohnmobil oder Wohnwagen<\/a><\/li>\n<li><a href=\"https:\/\/camping-kerisole.fr\/de\/mit-einer-gruppe-2\/\">Mit einer Gruppe<\/a><\/li>\n<\/ol>\n<\/div><\/section>\n","protected":false},"excerpt":{"rendered":"","protected":false},"author":6,"featured_media":10340,"parent":0,"menu_order":0,"comment_status":"closed","ping_status":"closed","template":"","meta":{"_exactmetrics_skip_tracking":false,"_exactmetrics_sitenote_active":false,"_exactmetrics_sitenote_note":"","_exactmetrics_sitenote_category":0,"footnotes":""},"class_list":["post-7503","page","type-page","status-publish","has-post-thumbnail","hentry"],"yoast_head":"<!-- This site is optimized with the Yoast SEO plugin v27.3 - https:\/\/yoast.com\/product\/yoast-seo-wordpress\/ -->\n<title>Reservieren - Camping Kerisole<\/title>\n<meta name=\"description\" content=\"Sie k\u00f6nnen sich f\u00fcr CB, Paylib, Virement, PayPal, Ch\u00e8que Vacances oder andere anmelden, indem Sie eine E-Mail an info@camping-kerisole.fr senden oder uns anrufen.\" \/>\n<meta name=\"robots\" content=\"index, follow, max-snippet:-1, max-image-preview:large, max-video-preview:-1\" \/>\n<link rel=\"canonical\" href=\"https:\/\/camping-kerisole.fr\/de\/reservation\/\" \/>\n<meta property=\"og:locale\" content=\"de_DE\" \/>\n<meta property=\"og:type\" content=\"article\" \/>\n<meta property=\"og:title\" content=\"Reservieren - Camping Kerisole\" \/>\n<meta property=\"og:description\" content=\"Sie k\u00f6nnen sich f\u00fcr CB, Paylib, Virement, PayPal, Ch\u00e8que Vacances oder andere anmelden, indem Sie eine E-Mail an info@camping-kerisole.fr senden oder uns anrufen.\" \/>\n<meta property=\"og:url\" content=\"https:\/\/camping-kerisole.fr\/de\/reservation\/\" \/>\n<meta property=\"og:site_name\" content=\"Camping Kerisole\" \/>\n<meta property=\"article:publisher\" content=\"http:\/\/www.facebook.com\/campingkerisole\" \/>\n<meta property=\"article:modified_time\" content=\"2025-12-28T20:32:15+00:00\" \/>\n<meta property=\"og:image\" content=\"https:\/\/camping-kerisole.fr\/wp-content\/uploads\/2023\/06\/PXL_20230622_150013436.jpg\" \/>\n\t<meta property=\"og:image:width\" content=\"1435\" \/>\n\t<meta property=\"og:image:height\" content=\"1080\" \/>\n\t<meta property=\"og:image:type\" content=\"image\/jpeg\" \/>\n<meta name=\"twitter:card\" content=\"summary_large_image\" \/>\n<meta name=\"twitter:label1\" content=\"Gesch\u00e4tzte Lesezeit\" \/>\n\t<meta name=\"twitter:data1\" content=\"4\u00a0Minuten\" \/>\n<script type=\"application\/ld+json\" class=\"yoast-schema-graph\">{\"@context\":\"https:\\\/\\\/schema.org\",\"@graph\":[{\"@type\":\"WebPage\",\"@id\":\"https:\\\/\\\/camping-kerisole.fr\\\/de\\\/reservation\\\/\",\"url\":\"https:\\\/\\\/camping-kerisole.fr\\\/de\\\/reservation\\\/\",\"name\":\"Reservieren - Camping Kerisole\",\"isPartOf\":{\"@id\":\"https:\\\/\\\/camping-kerisole.fr\\\/de\\\/#website\"},\"primaryImageOfPage\":{\"@id\":\"https:\\\/\\\/camping-kerisole.fr\\\/de\\\/reservation\\\/#primaryimage\"},\"image\":{\"@id\":\"https:\\\/\\\/camping-kerisole.fr\\\/de\\\/reservation\\\/#primaryimage\"},\"thumbnailUrl\":\"https:\\\/\\\/camping-kerisole.fr\\\/wp-content\\\/uploads\\\/2023\\\/06\\\/PXL_20230622_150013436.jpg\",\"datePublished\":\"2021-11-13T15:35:48+00:00\",\"dateModified\":\"2025-12-28T20:32:15+00:00\",\"description\":\"Sie k\u00f6nnen sich f\u00fcr CB, Paylib, Virement, PayPal, Ch\u00e8que Vacances oder andere anmelden, indem Sie eine E-Mail an info@camping-kerisole.fr senden oder uns anrufen.\",\"breadcrumb\":{\"@id\":\"https:\\\/\\\/camping-kerisole.fr\\\/de\\\/reservation\\\/#breadcrumb\"},\"inLanguage\":\"de\",\"potentialAction\":[{\"@type\":\"ReadAction\",\"target\":[\"https:\\\/\\\/camping-kerisole.fr\\\/de\\\/reservation\\\/\"]}]},{\"@type\":\"ImageObject\",\"inLanguage\":\"de\",\"@id\":\"https:\\\/\\\/camping-kerisole.fr\\\/de\\\/reservation\\\/#primaryimage\",\"url\":\"https:\\\/\\\/camping-kerisole.fr\\\/wp-content\\\/uploads\\\/2023\\\/06\\\/PXL_20230622_150013436.jpg\",\"contentUrl\":\"https:\\\/\\\/camping-kerisole.fr\\\/wp-content\\\/uploads\\\/2023\\\/06\\\/PXL_20230622_150013436.jpg\",\"width\":1435,\"height\":1080},{\"@type\":\"BreadcrumbList\",\"@id\":\"https:\\\/\\\/camping-kerisole.fr\\\/de\\\/reservation\\\/#breadcrumb\",\"itemListElement\":[{\"@type\":\"ListItem\",\"position\":1,\"name\":\"Accueil\",\"item\":\"https:\\\/\\\/camping-kerisole.fr\\\/de\\\/startseite\\\/\"},{\"@type\":\"ListItem\",\"position\":2,\"name\":\"Reservieren\"}]},{\"@type\":\"WebSite\",\"@id\":\"https:\\\/\\\/camping-kerisole.fr\\\/de\\\/#website\",\"url\":\"https:\\\/\\\/camping-kerisole.fr\\\/de\\\/\",\"name\":\"Camping Kerisole\",\"description\":\"Un camping unique en Bretagne !\",\"publisher\":{\"@id\":\"https:\\\/\\\/camping-kerisole.fr\\\/de\\\/#organization\"},\"potentialAction\":[{\"@type\":\"SearchAction\",\"target\":{\"@type\":\"EntryPoint\",\"urlTemplate\":\"https:\\\/\\\/camping-kerisole.fr\\\/de\\\/?s={search_term_string}\"},\"query-input\":{\"@type\":\"PropertyValueSpecification\",\"valueRequired\":true,\"valueName\":\"search_term_string\"}}],\"inLanguage\":\"de\"},{\"@type\":\"Organization\",\"@id\":\"https:\\\/\\\/camping-kerisole.fr\\\/de\\\/#organization\",\"name\":\"Camping Kerisole***\",\"url\":\"https:\\\/\\\/camping-kerisole.fr\\\/de\\\/\",\"logo\":{\"@type\":\"ImageObject\",\"inLanguage\":\"de\",\"@id\":\"https:\\\/\\\/camping-kerisole.fr\\\/de\\\/#\\\/schema\\\/logo\\\/image\\\/\",\"url\":\"https:\\\/\\\/camping-kerisole.fr\\\/wp-content\\\/uploads\\\/2022\\\/05\\\/logo-Camping-Kerisole-rectangulaire.png\",\"contentUrl\":\"https:\\\/\\\/camping-kerisole.fr\\\/wp-content\\\/uploads\\\/2022\\\/05\\\/logo-Camping-Kerisole-rectangulaire.png\",\"width\":1148,\"height\":766,\"caption\":\"Camping Kerisole***\"},\"image\":{\"@id\":\"https:\\\/\\\/camping-kerisole.fr\\\/de\\\/#\\\/schema\\\/logo\\\/image\\\/\"},\"sameAs\":[\"http:\\\/\\\/www.facebook.com\\\/campingkerisole\"]}]}<\/script>\n<!-- \/ Yoast SEO plugin. -->","yoast_head_json":{"title":"Reservieren - Camping Kerisole","description":"Sie k\u00f6nnen sich f\u00fcr CB, Paylib, Virement, PayPal, Ch\u00e8que Vacances oder andere anmelden, indem Sie eine E-Mail an info@camping-kerisole.fr senden oder uns anrufen.","robots":{"index":"index","follow":"follow","max-snippet":"max-snippet:-1","max-image-preview":"max-image-preview:large","max-video-preview":"max-video-preview:-1"},"canonical":"https:\/\/camping-kerisole.fr\/de\/reservation\/","og_locale":"de_DE","og_type":"article","og_title":"Reservieren - Camping Kerisole","og_description":"Sie k\u00f6nnen sich f\u00fcr CB, Paylib, Virement, PayPal, Ch\u00e8que Vacances oder andere anmelden, indem Sie eine E-Mail an info@camping-kerisole.fr senden oder uns anrufen.","og_url":"https:\/\/camping-kerisole.fr\/de\/reservation\/","og_site_name":"Camping Kerisole","article_publisher":"http:\/\/www.facebook.com\/campingkerisole","article_modified_time":"2025-12-28T20:32:15+00:00","og_image":[{"width":1435,"height":1080,"url":"https:\/\/camping-kerisole.fr\/wp-content\/uploads\/2023\/06\/PXL_20230622_150013436.jpg","type":"image\/jpeg"}],"twitter_card":"summary_large_image","twitter_misc":{"Gesch\u00e4tzte Lesezeit":"4\u00a0Minuten"},"schema":{"@context":"https:\/\/schema.org","@graph":[{"@type":"WebPage","@id":"https:\/\/camping-kerisole.fr\/de\/reservation\/","url":"https:\/\/camping-kerisole.fr\/de\/reservation\/","name":"Reservieren - Camping Kerisole","isPartOf":{"@id":"https:\/\/camping-kerisole.fr\/de\/#website"},"primaryImageOfPage":{"@id":"https:\/\/camping-kerisole.fr\/de\/reservation\/#primaryimage"},"image":{"@id":"https:\/\/camping-kerisole.fr\/de\/reservation\/#primaryimage"},"thumbnailUrl":"https:\/\/camping-kerisole.fr\/wp-content\/uploads\/2023\/06\/PXL_20230622_150013436.jpg","datePublished":"2021-11-13T15:35:48+00:00","dateModified":"2025-12-28T20:32:15+00:00","description":"Sie k\u00f6nnen sich f\u00fcr CB, Paylib, Virement, PayPal, Ch\u00e8que Vacances oder andere anmelden, indem Sie eine E-Mail an info@camping-kerisole.fr senden oder uns anrufen.","breadcrumb":{"@id":"https:\/\/camping-kerisole.fr\/de\/reservation\/#breadcrumb"},"inLanguage":"de","potentialAction":[{"@type":"ReadAction","target":["https:\/\/camping-kerisole.fr\/de\/reservation\/"]}]},{"@type":"ImageObject","inLanguage":"de","@id":"https:\/\/camping-kerisole.fr\/de\/reservation\/#primaryimage","url":"https:\/\/camping-kerisole.fr\/wp-content\/uploads\/2023\/06\/PXL_20230622_150013436.jpg","contentUrl":"https:\/\/camping-kerisole.fr\/wp-content\/uploads\/2023\/06\/PXL_20230622_150013436.jpg","width":1435,"height":1080},{"@type":"BreadcrumbList","@id":"https:\/\/camping-kerisole.fr\/de\/reservation\/#breadcrumb","itemListElement":[{"@type":"ListItem","position":1,"name":"Accueil","item":"https:\/\/camping-kerisole.fr\/de\/startseite\/"},{"@type":"ListItem","position":2,"name":"Reservieren"}]},{"@type":"WebSite","@id":"https:\/\/camping-kerisole.fr\/de\/#website","url":"https:\/\/camping-kerisole.fr\/de\/","name":"Camping Kerisole","description":"Un camping unique en Bretagne !","publisher":{"@id":"https:\/\/camping-kerisole.fr\/de\/#organization"},"potentialAction":[{"@type":"SearchAction","target":{"@type":"EntryPoint","urlTemplate":"https:\/\/camping-kerisole.fr\/de\/?s={search_term_string}"},"query-input":{"@type":"PropertyValueSpecification","valueRequired":true,"valueName":"search_term_string"}}],"inLanguage":"de"},{"@type":"Organization","@id":"https:\/\/camping-kerisole.fr\/de\/#organization","name":"Camping Kerisole***","url":"https:\/\/camping-kerisole.fr\/de\/","logo":{"@type":"ImageObject","inLanguage":"de","@id":"https:\/\/camping-kerisole.fr\/de\/#\/schema\/logo\/image\/","url":"https:\/\/camping-kerisole.fr\/wp-content\/uploads\/2022\/05\/logo-Camping-Kerisole-rectangulaire.png","contentUrl":"https:\/\/camping-kerisole.fr\/wp-content\/uploads\/2022\/05\/logo-Camping-Kerisole-rectangulaire.png","width":1148,"height":766,"caption":"Camping Kerisole***"},"image":{"@id":"https:\/\/camping-kerisole.fr\/de\/#\/schema\/logo\/image\/"},"sameAs":["http:\/\/www.facebook.com\/campingkerisole"]}]}},"_links":{"self":[{"href":"https:\/\/camping-kerisole.fr\/de\/wp-json\/wp\/v2\/pages\/7503","targetHints":{"allow":["GET"]}}],"collection":[{"href":"https:\/\/camping-kerisole.fr\/de\/wp-json\/wp\/v2\/pages"}],"about":[{"href":"https:\/\/camping-kerisole.fr\/de\/wp-json\/wp\/v2\/types\/page"}],"author":[{"embeddable":true,"href":"https:\/\/camping-kerisole.fr\/de\/wp-json\/wp\/v2\/users\/6"}],"replies":[{"embeddable":true,"href":"https:\/\/camping-kerisole.fr\/de\/wp-json\/wp\/v2\/comments?post=7503"}],"version-history":[{"count":65,"href":"https:\/\/camping-kerisole.fr\/de\/wp-json\/wp\/v2\/pages\/7503\/revisions"}],"predecessor-version":[{"id":11836,"href":"https:\/\/camping-kerisole.fr\/de\/wp-json\/wp\/v2\/pages\/7503\/revisions\/11836"}],"wp:featuredmedia":[{"embeddable":true,"href":"https:\/\/camping-kerisole.fr\/de\/wp-json\/wp\/v2\/media\/10340"}],"wp:attachment":[{"href":"https:\/\/camping-kerisole.fr\/de\/wp-json\/wp\/v2\/media?parent=7503"}],"curies":[{"name":"wp","href":"https:\/\/api.w.org\/{rel}","templated":true}]}}