{"id":6799,"date":"2021-11-10T14:42:22","date_gmt":"2021-11-10T13:42:22","guid":{"rendered":"http:\/\/camping-kerisole.fr\/datenschutz-bestimmungen\/"},"modified":"2023-01-20T14:20:32","modified_gmt":"2023-01-20T13:20:32","slug":"datenschutz-bestimmungen","status":"publish","type":"page","link":"https:\/\/camping-kerisole.fr\/de\/datenschutz-bestimmungen\/","title":{"rendered":"Datenschutz-Bestimmungen"},"content":{"rendered":"<p>Nachfolgend finden Sie die Datenschutzerkl\u00e4rung von Camping Kerisole.<\/p>\n<h1>Einf\u00fchrung<\/h1>\n<p>Camping Kerisole besitzt und verwaltet die Website www.camping-kerisole.fr. Camping Kerisole ist f\u00fcr die Verarbeitung personenbezogener Daten gem\u00e4\u00df dieser Datenschutzerkl\u00e4rung verantwortlich. Wir legen gro\u00dfen Wert auf Ihre Privatsph\u00e4re und stellen sicher, dass die personenbezogenen Daten, die Sie uns mitteilen, sorgf\u00e4ltig behandelt werden. In dieser Datenschutzerkl\u00e4rung m\u00f6chten wir Ihnen erkl\u00e4ren, wie wir dies tun.<\/p>\n<h2>Identit\u00e4t &amp; Kontaktdaten<\/h2>\n<p><em>Camping Kerisole<\/em><br \/>\nRue Louis Pasteur<br \/>\n29390 Sca\u00ebr, France<br \/>\n+33 6 46 71 76 40<br \/>\ninfo@camping-kerisole.fr<\/p>\n<h1>Personenbezogene Daten, die Camping Kerisole verarbeitet<\/h1>\n<p>Camping Kerisole verarbeitet personenbezogene Daten \u00fcber Sie, weil Sie die Dienste von Camping Kerisole nutzen und\/oder weil Sie Camping Kerisole diese Informationen selbst zur Verf\u00fcgung stellen. Dies ist der Fall, wenn Sie eine der Website(s) nutzen, das Kontaktformular nutzen oder anderweitig Ihr Interesse bekunden (korrespondierend oder telefonisch).<\/p>\n<p>Nachfolgend finden Sie eine \u00dcbersicht \u00fcber die von Camping Kerisole verarbeiteten personenbezogenen Daten, abh\u00e4ngig von der von Ihnen genutzten Dienstleistung.<\/p>\n<p>Wenn Sie die Website(s) von Camping Kerisole nutzen, werden allgemeine Besucherdaten gespeichert, ohne dass diese Besucher identifizierbar sind:<\/p>\n<ul>\n<li>Standortdaten;<\/li>\n<li>Daten \u00fcber Aktivit\u00e4ten (Surfverhalten) auf der\/den Website(s) und<\/li>\n<li>Internetbrowser und Ger\u00e4tetyp.<\/li>\n<\/ul>\n<p>Wenn Sie den Newsletter der Camping Kerisole-Website(s) nutzen, werden die folgenden personenbezogenen Daten verarbeitet:<\/p>\n<ul>\n<li>Ihre E-Mail-Adresse<\/li>\n<li>in einigen F\u00e4llen Ihr Vor- und Nachname<\/li>\n<li>andere personenbezogene Daten, die Sie aktiv angeben.<\/li>\n<\/ul>\n<p>Wenn Sie als Kunde den Service, wie beispielsweise das Kontaktformular von Camping Kerisole, nutzen, werden folgende personenbezogene Daten verarbeitet:<\/p>\n<ul>\n<li>Ihr Vor- und Nachname;<\/li>\n<li>Ihre E-Mail-Adresse;<\/li>\n<li>in einigen F\u00e4llen Ihre Telefonnummer<\/li>\n<li>Ihren Internetbrowser und Ger\u00e4tetyp und<\/li>\n<li>andere personenbezogene Daten, die Sie aktiv angeben.<\/li>\n<\/ul>\n<p>Wenn Sie als Kunde das Bewertungsformular verwenden, indem Sie eine Bewertung abgeben:<\/p>\n<ul>\n<li>in einigen F\u00e4llen Ihr Name;<\/li>\n<li>Ihre E-Mail-Adresse;<\/li>\n<li>Ihren Internetbrowser und Ger\u00e4tetyp und<\/li>\n<li>andere personenbezogene Daten, die Sie aktiv angeben.<\/li>\n<\/ul>\n<h1>Verarbeitet Camping Kerisole besondere und\/oder sensible personenbezogene Daten?<\/h1>\n<p>Unsere Website(s) und\/oder unser Service beabsichtigt nicht, besondere und\/oder sensible personenbezogene Daten \u00fcber Website-Besucher zu sammeln. Camping Kerisole kann jedoch nicht \u00fcberpr\u00fcfen, ob ein Besucher minderj\u00e4hrig ist, und daher r\u00e4t Camping Kerisole den Eltern oder Erziehungsberechtigten, sich an den Online-Aktivit\u00e4ten ihrer Kinder zu beteiligen, um zu verhindern, dass Daten \u00fcber Minderj\u00e4hrige von Camping Kerisole verarbeitet werden.<\/p>\n<p>Wenn Sie trotz des Vorstehenden davon \u00fcberzeugt sind, dass Camping Kerisole unrechtm\u00e4\u00dfig besondere oder sensible Daten verarbeitet hat, bittet Camping Kerisole Sie, uns zu kontaktieren. Camping Kerisole wird diese Informationen dann so schnell wie m\u00f6glich entfernen.<\/p>\n<h1>Warum werden Ihre personenbezogenen Daten verarbeitet?<\/h1>\n<p>Camping Kerisole verarbeitet Daten nur, soweit dies f\u00fcr seine Leistungen erforderlich ist. Ihre personenbezogenen Daten werden daher nur zu den nachfolgend genannten Zwecken verarbeitet.<\/p>\n<p>Wenn Sie als Besucher die Website(s) von Camping Kerisole nutzen, werden Ihre personenbezogenen Daten verarbeitet:<\/p>\n<ul>\n<li>um das Verhalten auf der\/den Website(s) von Camping Kerisole zu analysieren, um die Website(s) zu verbessern und das Angebot an Produkten und Dienstleistungen an die Vorlieben des Besuchers anzupassen;<\/li>\n<li>zur Analyse des Surfverhaltens auf der\/den Website(s) von Camping Kerisole, auf deren Grundlage Camping Kerisole Inhalte, Produkte und Dienstleistungen auf die Bed\u00fcrfnisse der Besucher zuschneidet und<\/li>\n<li>Camping Kerisole verarbeitet auch personenbezogene Daten, wenn wir dazu gesetzlich verpflichtet sind.<\/li>\n<\/ul>\n<p>Wenn Sie den Newsletter der Camping Kerisole-Website(s) nutzen, werden Ihre personenbezogenen Daten verarbeitet:<\/p>\n<ul>\n<li>Wenn Sie Ihre E-Mail-Adresse angegeben haben, um einen Newsletter zu erhalten, kann diese genutzt werden, um Sie als Kunde \u00fcber \u00e4hnliche Produkte und Dienstleistungen von Camping Kerisole zu informieren, die f\u00fcr Sie relevant und interessant sind. Ihre E-Mail-Adresse wird auf unbestimmte Zeit gespeichert. Wenn Sie dies nicht mehr sch\u00e4tzen, k\u00f6nnen Sie sich jederzeit wieder abmelden.<\/li>\n<\/ul>\n<p>Wenn Sie als Kunde die Dienste von Camping Kerisole in Anspruch nehmen, werden Ihre personenbezogenen Daten verarbeitet:<\/p>\n<ul>\n<li>das Informations- oder Reservierungsanfrageformular an die betreffende Unterkunft zu senden, damit eine Antwort von der Unterkunft erstellt werden kann und<\/li>\n<li>um Sie anrufen oder Ihnen eine E-Mail senden zu k\u00f6nnen, wenn dies zur Erbringung unserer Dienstleistungen erforderlich ist.<\/li>\n<\/ul>\n<p>Wenn Sie als Kunde das Bewertungsformular nutzen, indem Sie eine Bewertung abgeben, werden Ihre personenbezogenen Daten verarbeitet:<\/p>\n<ul>\n<li>f\u00fcr die \u00dcberpr\u00fcfung Ihrer Einsch\u00e4tzung gegen die Spielregeln und<\/li>\n<li>f\u00fcr die Zusendung von Informationen \u00fcber (Ablehnung) Ihrer Beurteilung.<\/li>\n<\/ul>\n<p>Wenn Camping Kerisole Ihre personenbezogenen Daten zu anderen, beispielsweise kommerziellen Zwecken als den oben beschriebenen verarbeiten m\u00f6chte, wird Camping Kerisole dies nur nach Ihrer ausdr\u00fccklichen Anfrage und Einholung tun. Diese Einwilligung k\u00f6nnen Sie dann jederzeit und ohne Angabe von Gr\u00fcnden widerrufen.<\/p>\n<h1>Wie lange speichert Camping Kerisole Daten?<\/h1>\n<p>Camping Kerisole speichert Ihre personenbezogenen Daten nicht l\u00e4nger als die gesetzlich vorgeschriebene Frist oder, wenn eine solche zwingende gesetzliche Frist nicht gilt, nicht l\u00e4nger als f\u00fcr die Verwirklichung der Zwecke, f\u00fcr die Ihre personenbezogenen Daten erhoben wurden, unbedingt erforderlich ist.<\/p>\n<p>F\u00fcr die personenbezogenen Daten, die Camping Kerisole im Rahmen der Registrierung Ihrer Unterkunft, der Vertragsgestaltung und -abwicklung sowie der Rechnungsbearbeitung erh\u00e4lt, bedeutet dies in jedem Fall, dass Camping Kerisole Ihre personenbezogenen Daten nicht l\u00e4nger als f\u00fcnf Jahre speichert nach Ihrer Ablehnung Registrierung oder Beendigung des Vertrages.<\/p>\n<h1>Gibt Camping Kerisole personenbezogene Daten an Dritte weiter?<\/h1>\n<p>Camping Kerisole gibt Ihre Daten nicht an Dritte weiter und stellt sie nur dann zur Verf\u00fcgung, wenn dies zur Durchf\u00fchrung unserer Vereinbarung mit Ihnen oder zur Erf\u00fcllung einer gesetzlichen Verpflichtung erforderlich ist. Wir schlie\u00dfen mit Unternehmen, die Ihre Daten in unserem Auftrag verarbeiten, einen Verarbeitungsvertrag ab, um das gleiche Ma\u00df an Sicherheit und Vertraulichkeit Ihrer Daten zu gew\u00e4hrleisten.<\/p>\n<h2>Lieferanten<\/h2>\n<p>Wir setzen folgende Anbieter ein, die im Auftrag von Camping Kerisole personenbezogene Daten verarbeiten, mit denen jeweils Verarbeitungsvertr\u00e4ge abgeschlossen wurden: CampREIS (Rechnung) und MailChimp (Newsletter).<\/p>\n<h2>Google Analytics<\/h2>\n<p>Camping Kerisole verwendet Google Analytics, um das Besucherverhalten zu messen und zu analysieren. Um Ihre Privatsph\u00e4re zu gew\u00e4hrleisten, ist Google Analytics datenschutzfreundlich:<\/p>\n<ul>\n<li>mit Google wurde ein Verarbeitungsvertrag geschlossen;<\/li>\n<li>Anonymize IP wird verwendet;<\/li>\n<li>die Option &#8218;Daten teilen&#8216; ist deaktiviert;<\/li>\n<li>die Benutzer-IDs-Funktion ist nicht aktiviert und<\/li>\n<li>in Kombination mit den Google Analytics-Cookies werden keine anderen Google-Dienste verwendet.<\/li>\n<\/ul>\n<p>Die Datenaufbewahrung f\u00fcr Benutzer und Veranstaltungen ist auf 50 Monate festgelegt. Nach Ablauf dieser Frist werden die bei Google Analytics erhobenen Daten automatisch gel\u00f6scht.<\/p>\n<h1>Wie analysiert Camping Kerisole Ihren Website-Besuch?<\/h1>\n<p>Camping Kerisole verwendet analytische und funktionale Cookies. Ein Cookie ist eine kleine Textdatei, die beim ersten Besuch dieser Website im Browser Ihres Computers, Tablets oder Smartphones gespeichert wird.<\/p>\n<p>Camping Kerisole verwendet Cookies mit rein technischer Funktionalit\u00e4t. Diese Cookies stellen sicher, dass die Website ordnungsgem\u00e4\u00df funktioniert und beispielsweise Ihre bevorzugten Einstellungen gespeichert werden. Diese Cookies werden auch verwendet, um die Website ordnungsgem\u00e4\u00df funktionieren zu lassen und zu optimieren.<\/p>\n<p>Sie k\u00f6nnen Cookies ablehnen, indem Sie Ihren Internetbrowser so einstellen, dass er keine Cookies mehr speichert. Dar\u00fcber hinaus k\u00f6nnen Sie auch alle zuvor gespeicherten Informationen \u00fcber die Einstellungen Ihres Browsers l\u00f6schen.<\/p>\n<h1>Zugriff und Korrektur Ihrer Daten<\/h1>\n<p>Sie haben das Recht, Ihre personenbezogenen Daten, die Camping Kerisole verarbeitet, einzusehen, zu korrigieren, einzuschr\u00e4nken oder zu l\u00f6schen, es sei denn, Camping Kerisole kann diese Rechte aufgrund einer gesetzlichen Verpflichtung nicht gew\u00e4hren. Sie k\u00f6nnen Ihren Antrag auf Zugang, Berichtigung, Einschr\u00e4nkung oder L\u00f6schung senden an <a href=\"mailto:info@camping-kerisole.fr\">info@camping-kerisole.fr<\/a>.<\/p>\n<p>Camping Kerisole stellt gerne vorab fest, dass diese Anfrage von Ihnen stammt. Camping Kerisole bittet Sie daher, der Anfrage eine Kopie Ihres Identit\u00e4tsnachweises beizuf\u00fcgen. Stellen Sie sicher, dass Ihr Passfoto, MRZ (maschinenlesbare Zone, der Nummernstreifen am unteren Rand des Passes), Passnummer und B\u00fcrgerservicenummer (BSN) in dieser Kopie geschw\u00e4rzt sind. Auf diese Weise sch\u00fctzen Sie Ihre Privatsph\u00e4re. Camping Kerisole wird dann so schnell wie m\u00f6glich auf Ihre Anfrage antworten, auf jeden Fall jedoch innerhalb von vier Wochen.<\/p>\n<h1>Beschwerden<\/h1>\n<p>Wenn Sie der Meinung sind, dass Camping Kerisole Ihre personenbezogenen Daten unrechtm\u00e4\u00dfig verwendet hat oder mit der Antwort von Camping Kerisole auf Ihre Anfrage nicht zufrieden sind, haben Sie das Recht, dies zu melden.<\/p>\n<h1>Sicherheit Ihrer pers\u00f6nlichen Daten<\/h1>\n<p>Camping Kerisole nimmt den Schutz Ihrer Daten ernst und ergreift geeignete Ma\u00dfnahmen, um Missbrauch, Verlust, unbefugten Zugriff, ungewollte Offenlegung und unbefugte \u00c4nderung zu verhindern.<\/p>\n<p>Um Daten sicher \u00fcber das Internet zu versenden, hat unsere Website ein SSL-Zertifikat installiert. Dieses Protokoll stellt eine verschl\u00fcsselte Verbindung zwischen einem Webserver und einem Internetbrowser her. Diese Verbindung stellt sicher, dass alle Daten, die zwischen Webserver und Browser gesendet werden, geheim bleiben.<\/p>\n<h1>Datenschutzbeauftragter<\/h1>\n<p>Camping Kerisole hat einen Datenschutzbeauftragten (DSB) ernannt. Der DSB ist unter anderem zust\u00e4ndig f\u00fcr die \u00dcberwachung der Verarbeitung personenbezogener Daten durch Camping Kerisole, die Bestandsaufnahme der Datenverarbeitung und die Beratung zu Technik und Sicherheit.<\/p>\n<p>Wenn Sie trotz des Vorstehenden vermuten, dass Ihre Daten nicht ordnungsgem\u00e4\u00df gesichert sind, glauben, dass Ihre personenbezogenen Daten missbraucht wurden oder dass die korrekte Verarbeitung personenbezogener Daten durch Camping Kerisole nicht ausreichend gew\u00e4hrleistet ist, senden Sie bitte eine E-Mail an <a href=\"mailto:info@camping-rerisole.fr\">info@camping-kerisole.fr<\/a><u>.<\/u><\/p>\n<h1>Fragen<\/h1>\n<p>Wenn Sie Fragen zu unserer Datenschutzerkl\u00e4rung haben oder anderweitig auf unsere Datenschutzerkl\u00e4rung antworten m\u00f6chten, wenden Sie sich bitte an:<\/p>\n<ul>\n<li>Per e-mail: <a href=\"mailto:info@camping-kerisole.fr\">info@camping-kerisole.fr<\/a><\/li>\n<li>Per Telefon: +33 6 46 71 76 40<\/li>\n<li>Per Brief an:<br \/>\nCamping Kerisole<br \/>\nRue Louis Pasteur<br \/>\n29390 Sca\u00ebr, France<\/li>\n<\/ul>\n<p><em>Sca\u00ebr, Mai 2018<\/em><\/p>\n","protected":false},"excerpt":{"rendered":"<p>Nachfolgend finden Sie die Datenschutzerkl\u00e4rung von Camping Kerisole. Einf\u00fchrung Camping Kerisole besitzt und verwaltet die Website www.camping-kerisole.fr. Camping Kerisole ist f\u00fcr die Verarbeitung personenbezogener Daten gem\u00e4\u00df dieser Datenschutzerkl\u00e4rung verantwortlich. Wir legen gro\u00dfen Wert auf Ihre Privatsph\u00e4re und stellen sicher, dass die personenbezogenen Daten, die Sie uns mitteilen, sorgf\u00e4ltig behandelt werden. In dieser Datenschutzerkl\u00e4rung m\u00f6chten wir [&hellip;]<\/p>\n","protected":false},"author":6,"featured_media":0,"parent":0,"menu_order":0,"comment_status":"closed","ping_status":"closed","template":"","meta":{"_exactmetrics_skip_tracking":false,"_exactmetrics_sitenote_active":false,"_exactmetrics_sitenote_note":"","_exactmetrics_sitenote_category":0,"footnotes":""},"class_list":["post-6799","page","type-page","status-publish","hentry"],"yoast_head":"<!-- This site is optimized with the Yoast SEO plugin v27.3 - https:\/\/yoast.com\/product\/yoast-seo-wordpress\/ -->\n<title>Datenschutz-Bestimmungen - Camping Kerisole<\/title>\n<meta name=\"description\" content=\"Pour des vacances uniques en Bretagne : Le camping Kerisole*** est un camping convivial et chaleureux. Nous attachons beaucoup d\u2019importance au bien-\u00eatre, ainsi qu\u2019aux besoins de nos clients. Rappelez-vous \u00e9tant jeune, ces vacances, \u00e0 jamais grav\u00e9 dans votre m\u00e9moire, au c\u0153ur d\u2019un camping dans lequel la convivialit\u00e9 primait, voici ce que nous voulons vous offrir. Un cadre id\u00e9al pour que chacun puisse pratiquer diverses activit\u00e9s, qui permettront assur\u00e9ment, et ce qu\u2019importe votre \u00e2ge, de passer du bon temps. Le camping est ouvert d\u2019avril \u00e0 octobre.\" \/>\n<meta name=\"robots\" content=\"index, follow, max-snippet:-1, max-image-preview:large, max-video-preview:-1\" \/>\n<link rel=\"canonical\" href=\"https:\/\/camping-kerisole.fr\/de\/datenschutz-bestimmungen\/\" \/>\n<meta property=\"og:locale\" content=\"de_DE\" \/>\n<meta property=\"og:type\" content=\"article\" \/>\n<meta property=\"og:title\" content=\"Datenschutz-Bestimmungen - Camping Kerisole\" \/>\n<meta property=\"og:description\" content=\"Pour des vacances uniques en Bretagne : Le camping Kerisole*** est un camping convivial et chaleureux. Nous attachons beaucoup d\u2019importance au bien-\u00eatre, ainsi qu\u2019aux besoins de nos clients. Rappelez-vous \u00e9tant jeune, ces vacances, \u00e0 jamais grav\u00e9 dans votre m\u00e9moire, au c\u0153ur d\u2019un camping dans lequel la convivialit\u00e9 primait, voici ce que nous voulons vous offrir. Un cadre id\u00e9al pour que chacun puisse pratiquer diverses activit\u00e9s, qui permettront assur\u00e9ment, et ce qu\u2019importe votre \u00e2ge, de passer du bon temps. Le camping est ouvert d\u2019avril \u00e0 octobre.\" \/>\n<meta property=\"og:url\" content=\"https:\/\/camping-kerisole.fr\/de\/datenschutz-bestimmungen\/\" \/>\n<meta property=\"og:site_name\" content=\"Camping Kerisole\" \/>\n<meta property=\"article:publisher\" content=\"http:\/\/www.facebook.com\/campingkerisole\" \/>\n<meta property=\"article:modified_time\" content=\"2023-01-20T13:20:32+00:00\" \/>\n<meta name=\"twitter:card\" content=\"summary_large_image\" \/>\n<meta name=\"twitter:label1\" content=\"Gesch\u00e4tzte Lesezeit\" \/>\n\t<meta name=\"twitter:data1\" content=\"8\u00a0Minuten\" \/>\n<script type=\"application\/ld+json\" class=\"yoast-schema-graph\">{\"@context\":\"https:\\\/\\\/schema.org\",\"@graph\":[{\"@type\":\"WebPage\",\"@id\":\"https:\\\/\\\/camping-kerisole.fr\\\/de\\\/datenschutz-bestimmungen\\\/\",\"url\":\"https:\\\/\\\/camping-kerisole.fr\\\/de\\\/datenschutz-bestimmungen\\\/\",\"name\":\"Datenschutz-Bestimmungen - Camping Kerisole\",\"isPartOf\":{\"@id\":\"https:\\\/\\\/camping-kerisole.fr\\\/de\\\/#website\"},\"datePublished\":\"2021-11-10T13:42:22+00:00\",\"dateModified\":\"2023-01-20T13:20:32+00:00\",\"description\":\"Pour des vacances uniques en Bretagne : Le camping Kerisole*** est un camping convivial et chaleureux. Nous attachons beaucoup d\u2019importance au bien-\u00eatre, ainsi qu\u2019aux besoins de nos clients. Rappelez-vous \u00e9tant jeune, ces vacances, \u00e0 jamais grav\u00e9 dans votre m\u00e9moire, au c\u0153ur d\u2019un camping dans lequel la convivialit\u00e9 primait, voici ce que nous voulons vous offrir. Un cadre id\u00e9al pour que chacun puisse pratiquer diverses activit\u00e9s, qui permettront assur\u00e9ment, et ce qu\u2019importe votre \u00e2ge, de passer du bon temps. Le camping est ouvert d\u2019avril \u00e0 octobre.\",\"breadcrumb\":{\"@id\":\"https:\\\/\\\/camping-kerisole.fr\\\/de\\\/datenschutz-bestimmungen\\\/#breadcrumb\"},\"inLanguage\":\"de\",\"potentialAction\":[{\"@type\":\"ReadAction\",\"target\":[\"https:\\\/\\\/camping-kerisole.fr\\\/de\\\/datenschutz-bestimmungen\\\/\"]}]},{\"@type\":\"BreadcrumbList\",\"@id\":\"https:\\\/\\\/camping-kerisole.fr\\\/de\\\/datenschutz-bestimmungen\\\/#breadcrumb\",\"itemListElement\":[{\"@type\":\"ListItem\",\"position\":1,\"name\":\"Accueil\",\"item\":\"https:\\\/\\\/camping-kerisole.fr\\\/de\\\/startseite\\\/\"},{\"@type\":\"ListItem\",\"position\":2,\"name\":\"Datenschutz-Bestimmungen\"}]},{\"@type\":\"WebSite\",\"@id\":\"https:\\\/\\\/camping-kerisole.fr\\\/de\\\/#website\",\"url\":\"https:\\\/\\\/camping-kerisole.fr\\\/de\\\/\",\"name\":\"Camping Kerisole\",\"description\":\"Un camping unique en Bretagne !\",\"publisher\":{\"@id\":\"https:\\\/\\\/camping-kerisole.fr\\\/de\\\/#organization\"},\"potentialAction\":[{\"@type\":\"SearchAction\",\"target\":{\"@type\":\"EntryPoint\",\"urlTemplate\":\"https:\\\/\\\/camping-kerisole.fr\\\/de\\\/?s={search_term_string}\"},\"query-input\":{\"@type\":\"PropertyValueSpecification\",\"valueRequired\":true,\"valueName\":\"search_term_string\"}}],\"inLanguage\":\"de\"},{\"@type\":\"Organization\",\"@id\":\"https:\\\/\\\/camping-kerisole.fr\\\/de\\\/#organization\",\"name\":\"Camping Kerisole***\",\"url\":\"https:\\\/\\\/camping-kerisole.fr\\\/de\\\/\",\"logo\":{\"@type\":\"ImageObject\",\"inLanguage\":\"de\",\"@id\":\"https:\\\/\\\/camping-kerisole.fr\\\/de\\\/#\\\/schema\\\/logo\\\/image\\\/\",\"url\":\"https:\\\/\\\/camping-kerisole.fr\\\/wp-content\\\/uploads\\\/2022\\\/05\\\/logo-Camping-Kerisole-rectangulaire.png\",\"contentUrl\":\"https:\\\/\\\/camping-kerisole.fr\\\/wp-content\\\/uploads\\\/2022\\\/05\\\/logo-Camping-Kerisole-rectangulaire.png\",\"width\":1148,\"height\":766,\"caption\":\"Camping Kerisole***\"},\"image\":{\"@id\":\"https:\\\/\\\/camping-kerisole.fr\\\/de\\\/#\\\/schema\\\/logo\\\/image\\\/\"},\"sameAs\":[\"http:\\\/\\\/www.facebook.com\\\/campingkerisole\"]}]}<\/script>\n<!-- \/ Yoast SEO plugin. -->","yoast_head_json":{"title":"Datenschutz-Bestimmungen - Camping Kerisole","description":"Pour des vacances uniques en Bretagne : Le camping Kerisole*** est un camping convivial et chaleureux. Nous attachons beaucoup d\u2019importance au bien-\u00eatre, ainsi qu\u2019aux besoins de nos clients. Rappelez-vous \u00e9tant jeune, ces vacances, \u00e0 jamais grav\u00e9 dans votre m\u00e9moire, au c\u0153ur d\u2019un camping dans lequel la convivialit\u00e9 primait, voici ce que nous voulons vous offrir. Un cadre id\u00e9al pour que chacun puisse pratiquer diverses activit\u00e9s, qui permettront assur\u00e9ment, et ce qu\u2019importe votre \u00e2ge, de passer du bon temps. Le camping est ouvert d\u2019avril \u00e0 octobre.","robots":{"index":"index","follow":"follow","max-snippet":"max-snippet:-1","max-image-preview":"max-image-preview:large","max-video-preview":"max-video-preview:-1"},"canonical":"https:\/\/camping-kerisole.fr\/de\/datenschutz-bestimmungen\/","og_locale":"de_DE","og_type":"article","og_title":"Datenschutz-Bestimmungen - Camping Kerisole","og_description":"Pour des vacances uniques en Bretagne : Le camping Kerisole*** est un camping convivial et chaleureux. Nous attachons beaucoup d\u2019importance au bien-\u00eatre, ainsi qu\u2019aux besoins de nos clients. Rappelez-vous \u00e9tant jeune, ces vacances, \u00e0 jamais grav\u00e9 dans votre m\u00e9moire, au c\u0153ur d\u2019un camping dans lequel la convivialit\u00e9 primait, voici ce que nous voulons vous offrir. Un cadre id\u00e9al pour que chacun puisse pratiquer diverses activit\u00e9s, qui permettront assur\u00e9ment, et ce qu\u2019importe votre \u00e2ge, de passer du bon temps. Le camping est ouvert d\u2019avril \u00e0 octobre.","og_url":"https:\/\/camping-kerisole.fr\/de\/datenschutz-bestimmungen\/","og_site_name":"Camping Kerisole","article_publisher":"http:\/\/www.facebook.com\/campingkerisole","article_modified_time":"2023-01-20T13:20:32+00:00","twitter_card":"summary_large_image","twitter_misc":{"Gesch\u00e4tzte Lesezeit":"8\u00a0Minuten"},"schema":{"@context":"https:\/\/schema.org","@graph":[{"@type":"WebPage","@id":"https:\/\/camping-kerisole.fr\/de\/datenschutz-bestimmungen\/","url":"https:\/\/camping-kerisole.fr\/de\/datenschutz-bestimmungen\/","name":"Datenschutz-Bestimmungen - Camping Kerisole","isPartOf":{"@id":"https:\/\/camping-kerisole.fr\/de\/#website"},"datePublished":"2021-11-10T13:42:22+00:00","dateModified":"2023-01-20T13:20:32+00:00","description":"Pour des vacances uniques en Bretagne : Le camping Kerisole*** est un camping convivial et chaleureux. Nous attachons beaucoup d\u2019importance au bien-\u00eatre, ainsi qu\u2019aux besoins de nos clients. Rappelez-vous \u00e9tant jeune, ces vacances, \u00e0 jamais grav\u00e9 dans votre m\u00e9moire, au c\u0153ur d\u2019un camping dans lequel la convivialit\u00e9 primait, voici ce que nous voulons vous offrir. Un cadre id\u00e9al pour que chacun puisse pratiquer diverses activit\u00e9s, qui permettront assur\u00e9ment, et ce qu\u2019importe votre \u00e2ge, de passer du bon temps. Le camping est ouvert d\u2019avril \u00e0 octobre.","breadcrumb":{"@id":"https:\/\/camping-kerisole.fr\/de\/datenschutz-bestimmungen\/#breadcrumb"},"inLanguage":"de","potentialAction":[{"@type":"ReadAction","target":["https:\/\/camping-kerisole.fr\/de\/datenschutz-bestimmungen\/"]}]},{"@type":"BreadcrumbList","@id":"https:\/\/camping-kerisole.fr\/de\/datenschutz-bestimmungen\/#breadcrumb","itemListElement":[{"@type":"ListItem","position":1,"name":"Accueil","item":"https:\/\/camping-kerisole.fr\/de\/startseite\/"},{"@type":"ListItem","position":2,"name":"Datenschutz-Bestimmungen"}]},{"@type":"WebSite","@id":"https:\/\/camping-kerisole.fr\/de\/#website","url":"https:\/\/camping-kerisole.fr\/de\/","name":"Camping Kerisole","description":"Un camping unique en Bretagne !","publisher":{"@id":"https:\/\/camping-kerisole.fr\/de\/#organization"},"potentialAction":[{"@type":"SearchAction","target":{"@type":"EntryPoint","urlTemplate":"https:\/\/camping-kerisole.fr\/de\/?s={search_term_string}"},"query-input":{"@type":"PropertyValueSpecification","valueRequired":true,"valueName":"search_term_string"}}],"inLanguage":"de"},{"@type":"Organization","@id":"https:\/\/camping-kerisole.fr\/de\/#organization","name":"Camping Kerisole***","url":"https:\/\/camping-kerisole.fr\/de\/","logo":{"@type":"ImageObject","inLanguage":"de","@id":"https:\/\/camping-kerisole.fr\/de\/#\/schema\/logo\/image\/","url":"https:\/\/camping-kerisole.fr\/wp-content\/uploads\/2022\/05\/logo-Camping-Kerisole-rectangulaire.png","contentUrl":"https:\/\/camping-kerisole.fr\/wp-content\/uploads\/2022\/05\/logo-Camping-Kerisole-rectangulaire.png","width":1148,"height":766,"caption":"Camping Kerisole***"},"image":{"@id":"https:\/\/camping-kerisole.fr\/de\/#\/schema\/logo\/image\/"},"sameAs":["http:\/\/www.facebook.com\/campingkerisole"]}]}},"_links":{"self":[{"href":"https:\/\/camping-kerisole.fr\/de\/wp-json\/wp\/v2\/pages\/6799","targetHints":{"allow":["GET"]}}],"collection":[{"href":"https:\/\/camping-kerisole.fr\/de\/wp-json\/wp\/v2\/pages"}],"about":[{"href":"https:\/\/camping-kerisole.fr\/de\/wp-json\/wp\/v2\/types\/page"}],"author":[{"embeddable":true,"href":"https:\/\/camping-kerisole.fr\/de\/wp-json\/wp\/v2\/users\/6"}],"replies":[{"embeddable":true,"href":"https:\/\/camping-kerisole.fr\/de\/wp-json\/wp\/v2\/comments?post=6799"}],"version-history":[{"count":0,"href":"https:\/\/camping-kerisole.fr\/de\/wp-json\/wp\/v2\/pages\/6799\/revisions"}],"wp:attachment":[{"href":"https:\/\/camping-kerisole.fr\/de\/wp-json\/wp\/v2\/media?parent=6799"}],"curies":[{"name":"wp","href":"https:\/\/api.w.org\/{rel}","templated":true}]}}