{"id":11505,"date":"2024-07-06T15:17:52","date_gmt":"2024-07-06T14:17:52","guid":{"rendered":"https:\/\/camping-kerisole.fr\/elektrische-fahrraeder\/"},"modified":"2024-07-08T18:46:17","modified_gmt":"2024-07-08T17:46:17","slug":"elektrische-fahrraeder","status":"publish","type":"page","link":"https:\/\/camping-kerisole.fr\/de\/elektrische-fahrraeder\/","title":{"rendered":"Elektrische Fahrr\u00e4der"},"content":{"rendered":"<div class='avia-image-container  av-styling-    avia-align-center '  itemprop=\"ImageObject\" itemscope=\"itemscope\" itemtype=\"https:\/\/schema.org\/ImageObject\"  ><div class='avia-image-container-inner'><div class='avia-image-overlay-wrap'><a href='https:\/\/camping-kerisole.fr\/de\/reservation\/' class='avia_image'   target=\"_blank\" ><img class='avia_image ' src='https:\/\/camping-kerisole.fr\/wp-content\/uploads\/2024\/07\/Velo-electrique-300x150.png' alt='' title='V\u00e9lo \u00e9lectrique'  itemprop=\"thumbnailUrl\"  \/><\/a><\/div><\/div><\/div>\n<section class=\"av_textblock_section \"  itemscope=\"itemscope\" itemtype=\"https:\/\/schema.org\/CreativeWork\" ><div class='avia_textblock  '   itemprop=\"text\" ><p style=\"text-align: justify;\"><span style=\"color: #33cccc;\"><em>Um Ihren Aufenthalt auf unserem Camping Kerisole*** noch angenehmer zu gestalten, stellen wir Ihnen je nach Verf\u00fcgbarkeit Elektrofahrr\u00e4der zur Miete f\u00fcr einen Tag oder eine Woche zur Verf\u00fcgung. Sie k\u00f6nnen diese entweder <a href=\"https:\/\/camping-kerisole.fr\/de\/reservation\/\">direkt auf unserer Website<\/a> oder <a href=\"mailto:info@camping-kerisole.fr\">per E-Mail<\/a> <a href=\"https:\/\/camping-kerisole.fr\/de\/reservation\/\">reservieren<\/a>. Die Fahrr\u00e4der sind mit einem langlebigen Akku, pannensicheren Reifen, einem Korb und einer Diebstahlsicherung ausgestattet. Sie k\u00f6nnen auch einen Fahrradhelm mieten.<\/em><\/span><\/p>\n<p>Verleih eines Elektrofahrrads mit Korb und Schloss von einem Tag f\u00fcr 35 \u20ac bis zu einer Woche f\u00fcr 155 \u20ac.<\/p>\n<p>Verleih eines Fahrradhelms f\u00fcr Erwachsene ab 5 \u20ac.<\/p>\n<p>=&gt; Fahrradabholung: zwischen 8 und 10 Uhr.<\/p>\n<p>=&gt; R\u00fcckgabe des Fahrrads: zwischen 15 und 18 Uhr.<\/p>\n<p>Kaution: 900 \u20ac\/Fahrrad<\/p>\n<\/div><\/section>\n<div class='avia-data-table-wrap avia_responsive_table'><table class='avia-table avia-data-table avia-table-1  avia_pricing_minimal '  itemscope=\"itemscope\" itemtype=\"https:\/\/schema.org\/Table\" ><tbody><tr class='avia-heading-row'><th class='avia-center-col'>Mietdauer<\/th><th class='avia-center-col'>Verleih eines Elektrofahrrads mit Korb und Schloss <\/th><th class='avia-center-col'>Verleih eines Elektrofahrrads mit Korb und Schloss <\/th><\/tr><tr class=''><td class='avia-center-col'>1 Tag<\/td><td class='avia-center-col'>35\u20ac<\/td><td class='avia-center-col'>5\u20ac<\/td><\/tr><tr class=''><td class='avia-center-col'>2 Tage<\/td><td class='avia-center-col'>62\u20ac<\/td><td class='avia-center-col'>6\u20ac<\/td><\/tr><tr class=''><td class='avia-center-col'>3 Tage<\/td><td class='avia-center-col'>84\u20ac<\/td><td class='avia-center-col'>7\u20ac<\/td><\/tr><tr class=''><td class='avia-center-col'>4 Tage<\/td><td class='avia-center-col'>106\u20ac<\/td><td class='avia-center-col'>8\u20ac<\/td><\/tr><tr class=''><td class='avia-center-col'>5 Tage<\/td><td class='avia-center-col'>127\u20ac<\/td><td class='avia-center-col'>9\u20ac<\/td><\/tr><tr class=''><td class='avia-center-col'>6 Tage<\/td><td class='avia-center-col'>143\u20ac<\/td><td class='avia-center-col'>10\u20ac<\/td><\/tr><tr class=''><td class='avia-center-col'>7 Tage<\/td><td class='avia-center-col'>155\u20ac<\/td><td class='avia-center-col'>11\u20ac<\/td><\/tr><\/tbody><\/table><\/div><style type='text\/css'>.avia-table-1 td:nth-of-type(1):before { content: 'Mietdauer'; } .avia-table-1 td:nth-of-type(2):before { content: 'Verleih eines Elektrofahrrads mit Korb und Schloss '; } .avia-table-1 td:nth-of-type(3):before { content: 'Verleih eines Elektrofahrrads mit Korb und Schloss '; } <\/style>\n<section class=\"av_textblock_section \"  itemscope=\"itemscope\" itemtype=\"https:\/\/schema.org\/CreativeWork\" ><div class='avia_textblock  '   itemprop=\"text\" ><h4>Fahrradverleih auf dem Camping Kerisole***<\/h4>\n<p style=\"text-align: justify;\">M\u00f6chten Sie die Umgebung des Finist\u00e8re mit dem Fahrrad entdecken? Nutzen Sie den Fahrradverleih auf Camping Kerisole***. Mieten Sie w\u00e4hrend Ihres Urlaubs ein Elektrofahrrad, um alle Ihre Ausflugsw\u00fcnsche zu erf\u00fcllen.<\/p>\n<p style=\"text-align: justify;\">Wenn Sie vor Ihrer Ankunft online reservieren, finden Sie Ihr Fahrrad fahrbereit vor und laden Sie ein, die Voie Verte Nr. 7, die direkt am Camping Kerisole*** vorbeif\u00fchrt, sowie die V\u00e9lo-Promenaden und die malerischen D\u00f6rfer wie Concarneau zu erkunden. Pont-Aven, Quimperl\u00e9, Carhaix und vieles mehr. Die im gesamten Gro\u00dfen Westen anerkannten High-End-Fahrr\u00e4der von V\u00e9loc\u2019Ouest sorgen f\u00fcr Komfort und Qualit\u00e4t w\u00e4hrend Ihres gesamten Urlaubs.<\/p>\n<p style=\"text-align: justify;\">Bewundern Sie unsere wundervollen Landschaften bei einem gem\u00fctlichen Spaziergang oder einem sportlichen Abenteuer! Planen Sie Ihren Radurlaub und erleben Sie ein unvergessliches Erlebnis.<\/p>\n<p style=\"text-align: justify;\">Wenn Sie <a href=\"https:\/\/camping-kerisole.fr\/de\/reservation\/\">einfach online buchen<\/a>, bietet Ihnen der Fahrradverleih auf Camping Kerisole*** absolute Sorgenfreiheit w\u00e4hrend Ihres Aufenthalts in der Bretagne.<\/p>\n<p style=\"text-align: justify;\">Entscheiden Sie sich f\u00fcr das Vergn\u00fcgen einer Radtour auf den Stra\u00dfen der Bretagne, erkunden Sie die Sch\u00e4tze der Region und genie\u00dfen Sie Ihren Urlaub auf zwei R\u00e4dern. Fertig, fertig? Pedal!<\/p>\n<p style=\"text-align: justify;\"><a href=\"https:\/\/camping-kerisole.fr\/de\/wandern-und-radfahren\/\"><strong><u>Hier <\/u><\/strong><\/a>finden Sie in Zusammenarbeit mit Accueil V\u00e9lo und dem Tourismusb\u00fcro Quimperl\u00e9 les rias einige Ideen f\u00fcr Radrouten rund um Camping Kerisole***.<\/p>\n<\/div><\/section>\n","protected":false},"excerpt":{"rendered":"","protected":false},"author":6,"featured_media":11493,"parent":0,"menu_order":0,"comment_status":"closed","ping_status":"closed","template":"","meta":{"_exactmetrics_skip_tracking":false,"_exactmetrics_sitenote_active":false,"_exactmetrics_sitenote_note":"","_exactmetrics_sitenote_category":0,"footnotes":""},"class_list":["post-11505","page","type-page","status-publish","has-post-thumbnail","hentry"],"yoast_head":"<!-- This site is optimized with the Yoast SEO plugin v27.4 - https:\/\/yoast.com\/product\/yoast-seo-wordpress\/ -->\n<title>Elektrische Fahrr\u00e4der - Camping Kerisole<\/title>\n<meta name=\"description\" content=\"F\u00fcr einen noch angenehmeren Aufenthalt auf unserem Camping Kerisole*** k\u00f6nnen Sie jederzeit elektrische Fahrr\u00e4der f\u00fcr einen Tag, oder auch eine Woche, ausleihen.\" \/>\n<meta name=\"robots\" content=\"index, follow, max-snippet:-1, max-image-preview:large, max-video-preview:-1\" \/>\n<link rel=\"canonical\" href=\"https:\/\/camping-kerisole.fr\/de\/elektrische-fahrraeder\/\" \/>\n<meta property=\"og:locale\" content=\"de_DE\" \/>\n<meta property=\"og:type\" content=\"article\" \/>\n<meta property=\"og:title\" content=\"Elektrische Fahrr\u00e4der - Camping Kerisole\" \/>\n<meta property=\"og:description\" content=\"F\u00fcr einen noch angenehmeren Aufenthalt auf unserem Camping Kerisole*** k\u00f6nnen Sie jederzeit elektrische Fahrr\u00e4der f\u00fcr einen Tag, oder auch eine Woche, ausleihen.\" \/>\n<meta property=\"og:url\" content=\"https:\/\/camping-kerisole.fr\/de\/elektrische-fahrraeder\/\" \/>\n<meta property=\"og:site_name\" content=\"Camping Kerisole\" \/>\n<meta property=\"article:publisher\" content=\"http:\/\/www.facebook.com\/campingkerisole\" \/>\n<meta property=\"article:modified_time\" content=\"2024-07-08T17:46:17+00:00\" \/>\n<meta property=\"og:image\" content=\"https:\/\/camping-kerisole.fr\/wp-content\/uploads\/2024\/07\/Velo-electrique.png\" \/>\n\t<meta property=\"og:image:width\" content=\"965\" \/>\n\t<meta property=\"og:image:height\" content=\"483\" \/>\n\t<meta property=\"og:image:type\" content=\"image\/png\" \/>\n<meta name=\"twitter:card\" content=\"summary_large_image\" \/>\n<meta name=\"twitter:label1\" content=\"Gesch\u00e4tzte Lesezeit\" \/>\n\t<meta name=\"twitter:data1\" content=\"4\u00a0Minuten\" \/>\n<script type=\"application\/ld+json\" class=\"yoast-schema-graph\">{\"@context\":\"https:\\\/\\\/schema.org\",\"@graph\":[{\"@type\":\"WebPage\",\"@id\":\"https:\\\/\\\/camping-kerisole.fr\\\/de\\\/elektrische-fahrraeder\\\/\",\"url\":\"https:\\\/\\\/camping-kerisole.fr\\\/de\\\/elektrische-fahrraeder\\\/\",\"name\":\"Elektrische Fahrr\u00e4der - Camping Kerisole\",\"isPartOf\":{\"@id\":\"https:\\\/\\\/camping-kerisole.fr\\\/de\\\/#website\"},\"primaryImageOfPage\":{\"@id\":\"https:\\\/\\\/camping-kerisole.fr\\\/de\\\/elektrische-fahrraeder\\\/#primaryimage\"},\"image\":{\"@id\":\"https:\\\/\\\/camping-kerisole.fr\\\/de\\\/elektrische-fahrraeder\\\/#primaryimage\"},\"thumbnailUrl\":\"https:\\\/\\\/camping-kerisole.fr\\\/wp-content\\\/uploads\\\/2024\\\/07\\\/Velo-electrique.png\",\"datePublished\":\"2024-07-06T14:17:52+00:00\",\"dateModified\":\"2024-07-08T17:46:17+00:00\",\"description\":\"F\u00fcr einen noch angenehmeren Aufenthalt auf unserem Camping Kerisole*** k\u00f6nnen Sie jederzeit elektrische Fahrr\u00e4der f\u00fcr einen Tag, oder auch eine Woche, ausleihen.\",\"breadcrumb\":{\"@id\":\"https:\\\/\\\/camping-kerisole.fr\\\/de\\\/elektrische-fahrraeder\\\/#breadcrumb\"},\"inLanguage\":\"de\",\"potentialAction\":[{\"@type\":\"ReadAction\",\"target\":[\"https:\\\/\\\/camping-kerisole.fr\\\/de\\\/elektrische-fahrraeder\\\/\"]}]},{\"@type\":\"ImageObject\",\"inLanguage\":\"de\",\"@id\":\"https:\\\/\\\/camping-kerisole.fr\\\/de\\\/elektrische-fahrraeder\\\/#primaryimage\",\"url\":\"https:\\\/\\\/camping-kerisole.fr\\\/wp-content\\\/uploads\\\/2024\\\/07\\\/Velo-electrique.png\",\"contentUrl\":\"https:\\\/\\\/camping-kerisole.fr\\\/wp-content\\\/uploads\\\/2024\\\/07\\\/Velo-electrique.png\",\"width\":965,\"height\":483},{\"@type\":\"BreadcrumbList\",\"@id\":\"https:\\\/\\\/camping-kerisole.fr\\\/de\\\/elektrische-fahrraeder\\\/#breadcrumb\",\"itemListElement\":[{\"@type\":\"ListItem\",\"position\":1,\"name\":\"Accueil\",\"item\":\"https:\\\/\\\/camping-kerisole.fr\\\/de\\\/startseite\\\/\"},{\"@type\":\"ListItem\",\"position\":2,\"name\":\"Elektrische Fahrr\u00e4der\"}]},{\"@type\":\"WebSite\",\"@id\":\"https:\\\/\\\/camping-kerisole.fr\\\/de\\\/#website\",\"url\":\"https:\\\/\\\/camping-kerisole.fr\\\/de\\\/\",\"name\":\"Camping Kerisole\",\"description\":\"Un camping unique en Bretagne !\",\"publisher\":{\"@id\":\"https:\\\/\\\/camping-kerisole.fr\\\/de\\\/#organization\"},\"potentialAction\":[{\"@type\":\"SearchAction\",\"target\":{\"@type\":\"EntryPoint\",\"urlTemplate\":\"https:\\\/\\\/camping-kerisole.fr\\\/de\\\/?s={search_term_string}\"},\"query-input\":{\"@type\":\"PropertyValueSpecification\",\"valueRequired\":true,\"valueName\":\"search_term_string\"}}],\"inLanguage\":\"de\"},{\"@type\":\"Organization\",\"@id\":\"https:\\\/\\\/camping-kerisole.fr\\\/de\\\/#organization\",\"name\":\"Camping Kerisole***\",\"url\":\"https:\\\/\\\/camping-kerisole.fr\\\/de\\\/\",\"logo\":{\"@type\":\"ImageObject\",\"inLanguage\":\"de\",\"@id\":\"https:\\\/\\\/camping-kerisole.fr\\\/de\\\/#\\\/schema\\\/logo\\\/image\\\/\",\"url\":\"https:\\\/\\\/camping-kerisole.fr\\\/wp-content\\\/uploads\\\/2022\\\/05\\\/logo-Camping-Kerisole-rectangulaire.png\",\"contentUrl\":\"https:\\\/\\\/camping-kerisole.fr\\\/wp-content\\\/uploads\\\/2022\\\/05\\\/logo-Camping-Kerisole-rectangulaire.png\",\"width\":1148,\"height\":766,\"caption\":\"Camping Kerisole***\"},\"image\":{\"@id\":\"https:\\\/\\\/camping-kerisole.fr\\\/de\\\/#\\\/schema\\\/logo\\\/image\\\/\"},\"sameAs\":[\"http:\\\/\\\/www.facebook.com\\\/campingkerisole\"]}]}<\/script>\n<!-- \/ Yoast SEO plugin. -->","yoast_head_json":{"title":"Elektrische Fahrr\u00e4der - Camping Kerisole","description":"F\u00fcr einen noch angenehmeren Aufenthalt auf unserem Camping Kerisole*** k\u00f6nnen Sie jederzeit elektrische Fahrr\u00e4der f\u00fcr einen Tag, oder auch eine Woche, ausleihen.","robots":{"index":"index","follow":"follow","max-snippet":"max-snippet:-1","max-image-preview":"max-image-preview:large","max-video-preview":"max-video-preview:-1"},"canonical":"https:\/\/camping-kerisole.fr\/de\/elektrische-fahrraeder\/","og_locale":"de_DE","og_type":"article","og_title":"Elektrische Fahrr\u00e4der - Camping Kerisole","og_description":"F\u00fcr einen noch angenehmeren Aufenthalt auf unserem Camping Kerisole*** k\u00f6nnen Sie jederzeit elektrische Fahrr\u00e4der f\u00fcr einen Tag, oder auch eine Woche, ausleihen.","og_url":"https:\/\/camping-kerisole.fr\/de\/elektrische-fahrraeder\/","og_site_name":"Camping Kerisole","article_publisher":"http:\/\/www.facebook.com\/campingkerisole","article_modified_time":"2024-07-08T17:46:17+00:00","og_image":[{"width":965,"height":483,"url":"https:\/\/camping-kerisole.fr\/wp-content\/uploads\/2024\/07\/Velo-electrique.png","type":"image\/png"}],"twitter_card":"summary_large_image","twitter_misc":{"Gesch\u00e4tzte Lesezeit":"4\u00a0Minuten"},"schema":{"@context":"https:\/\/schema.org","@graph":[{"@type":"WebPage","@id":"https:\/\/camping-kerisole.fr\/de\/elektrische-fahrraeder\/","url":"https:\/\/camping-kerisole.fr\/de\/elektrische-fahrraeder\/","name":"Elektrische Fahrr\u00e4der - Camping Kerisole","isPartOf":{"@id":"https:\/\/camping-kerisole.fr\/de\/#website"},"primaryImageOfPage":{"@id":"https:\/\/camping-kerisole.fr\/de\/elektrische-fahrraeder\/#primaryimage"},"image":{"@id":"https:\/\/camping-kerisole.fr\/de\/elektrische-fahrraeder\/#primaryimage"},"thumbnailUrl":"https:\/\/camping-kerisole.fr\/wp-content\/uploads\/2024\/07\/Velo-electrique.png","datePublished":"2024-07-06T14:17:52+00:00","dateModified":"2024-07-08T17:46:17+00:00","description":"F\u00fcr einen noch angenehmeren Aufenthalt auf unserem Camping Kerisole*** k\u00f6nnen Sie jederzeit elektrische Fahrr\u00e4der f\u00fcr einen Tag, oder auch eine Woche, ausleihen.","breadcrumb":{"@id":"https:\/\/camping-kerisole.fr\/de\/elektrische-fahrraeder\/#breadcrumb"},"inLanguage":"de","potentialAction":[{"@type":"ReadAction","target":["https:\/\/camping-kerisole.fr\/de\/elektrische-fahrraeder\/"]}]},{"@type":"ImageObject","inLanguage":"de","@id":"https:\/\/camping-kerisole.fr\/de\/elektrische-fahrraeder\/#primaryimage","url":"https:\/\/camping-kerisole.fr\/wp-content\/uploads\/2024\/07\/Velo-electrique.png","contentUrl":"https:\/\/camping-kerisole.fr\/wp-content\/uploads\/2024\/07\/Velo-electrique.png","width":965,"height":483},{"@type":"BreadcrumbList","@id":"https:\/\/camping-kerisole.fr\/de\/elektrische-fahrraeder\/#breadcrumb","itemListElement":[{"@type":"ListItem","position":1,"name":"Accueil","item":"https:\/\/camping-kerisole.fr\/de\/startseite\/"},{"@type":"ListItem","position":2,"name":"Elektrische Fahrr\u00e4der"}]},{"@type":"WebSite","@id":"https:\/\/camping-kerisole.fr\/de\/#website","url":"https:\/\/camping-kerisole.fr\/de\/","name":"Camping Kerisole","description":"Un camping unique en Bretagne !","publisher":{"@id":"https:\/\/camping-kerisole.fr\/de\/#organization"},"potentialAction":[{"@type":"SearchAction","target":{"@type":"EntryPoint","urlTemplate":"https:\/\/camping-kerisole.fr\/de\/?s={search_term_string}"},"query-input":{"@type":"PropertyValueSpecification","valueRequired":true,"valueName":"search_term_string"}}],"inLanguage":"de"},{"@type":"Organization","@id":"https:\/\/camping-kerisole.fr\/de\/#organization","name":"Camping Kerisole***","url":"https:\/\/camping-kerisole.fr\/de\/","logo":{"@type":"ImageObject","inLanguage":"de","@id":"https:\/\/camping-kerisole.fr\/de\/#\/schema\/logo\/image\/","url":"https:\/\/camping-kerisole.fr\/wp-content\/uploads\/2022\/05\/logo-Camping-Kerisole-rectangulaire.png","contentUrl":"https:\/\/camping-kerisole.fr\/wp-content\/uploads\/2022\/05\/logo-Camping-Kerisole-rectangulaire.png","width":1148,"height":766,"caption":"Camping Kerisole***"},"image":{"@id":"https:\/\/camping-kerisole.fr\/de\/#\/schema\/logo\/image\/"},"sameAs":["http:\/\/www.facebook.com\/campingkerisole"]}]}},"_links":{"self":[{"href":"https:\/\/camping-kerisole.fr\/de\/wp-json\/wp\/v2\/pages\/11505","targetHints":{"allow":["GET"]}}],"collection":[{"href":"https:\/\/camping-kerisole.fr\/de\/wp-json\/wp\/v2\/pages"}],"about":[{"href":"https:\/\/camping-kerisole.fr\/de\/wp-json\/wp\/v2\/types\/page"}],"author":[{"embeddable":true,"href":"https:\/\/camping-kerisole.fr\/de\/wp-json\/wp\/v2\/users\/6"}],"replies":[{"embeddable":true,"href":"https:\/\/camping-kerisole.fr\/de\/wp-json\/wp\/v2\/comments?post=11505"}],"version-history":[{"count":8,"href":"https:\/\/camping-kerisole.fr\/de\/wp-json\/wp\/v2\/pages\/11505\/revisions"}],"predecessor-version":[{"id":11555,"href":"https:\/\/camping-kerisole.fr\/de\/wp-json\/wp\/v2\/pages\/11505\/revisions\/11555"}],"wp:featuredmedia":[{"embeddable":true,"href":"https:\/\/camping-kerisole.fr\/de\/wp-json\/wp\/v2\/media\/11493"}],"wp:attachment":[{"href":"https:\/\/camping-kerisole.fr\/de\/wp-json\/wp\/v2\/media?parent=11505"}],"curies":[{"name":"wp","href":"https:\/\/api.w.org\/{rel}","templated":true}]}}