{"id":10546,"date":"2023-07-02T10:56:47","date_gmt":"2023-07-02T09:56:47","guid":{"rendered":"https:\/\/camping-kerisole.fr\/reiseruecktrittsversicherung\/"},"modified":"2023-07-03T13:35:11","modified_gmt":"2023-07-03T12:35:11","slug":"reiseruecktrittsversicherung","status":"publish","type":"page","link":"https:\/\/camping-kerisole.fr\/de\/reiseruecktrittsversicherung\/","title":{"rendered":"Reiser\u00fccktrittsversicherung"},"content":{"rendered":"<div class=\"flex_column av_one_full  flex_column_div av-zero-column-padding first  \" style='border-radius:0px; '><div class='avia-image-container  av-styling-    avia-align-center '  itemprop=\"ImageObject\" itemscope=\"itemscope\" itemtype=\"https:\/\/schema.org\/ImageObject\"  ><div class='avia-image-container-inner'><div class='avia-image-overlay-wrap'><img class='avia_image ' src='https:\/\/camping-kerisole.fr\/wp-content\/uploads\/2022\/05\/283309892_1234435140628307_703320276011682277_n-1-300x135.jpg' alt='' title='283309892_1234435140628307_703320276011682277_n' height=\"135\"width=\"300\"  itemprop=\"thumbnailUrl\"  \/><\/div><\/div><\/div><\/div>\n<section class=\"av_textblock_section \"  itemscope=\"itemscope\" itemtype=\"https:\/\/schema.org\/CreativeWork\" ><div class='avia_textblock  '   itemprop=\"text\" ><h3>Entscheiden Sie sich f\u00fcr Gelassenheit:<\/h3>\n<h2>Keinen Stress mit der Reiser\u00fccktrittsversicherung Meetch<\/h2>\n<p>Sie k\u00f6nnen Ihren Aufenthalt auf unserem Campingplatz Kerisole *** mit einer echten Reiser\u00fccktrittsversicherung buchen: menschlich, erreichbar und verf\u00fcgbar, zwei \u201eKlicks\u201c und es ist abonniert, keine zus\u00e4tzlichen Formulare auszuf\u00fcllen! Und wenn n\u00f6tig, sind wir an Ihrer Seite, das ist normal.<\/p>\n<p>=&gt; Sie k\u00f6nnen hier\u00a0 das\u00a0<a href=\"https:\/\/legal.meetch.io\/travel\/prod_nAqVwM207rla\/Notice_d'information.pdf\">Informationsschreiben<\/a>\u00a0und das\u00a0<a href=\"https:\/\/legal.meetch.io\/travel\/prod_nAqVwM207rla\/IPID_fr.pdf\">Informationsdokument<\/a>\u00a0einsehen.<\/p>\n<\/div><\/section>\n<div class='avia-button-wrap avia-button-center '><a href='https:\/\/camping-kerisole.fr\/de\/reservation\/'  class='avia-button av-icon-on-hover  avia-icon_select-yes-right-icon avia-color-red avia-size-large avia-position-center '  target=\"_blank\"   ><span class='avia_iconbox_title' >Jetzt reservieren<\/span><span class='avia_button_icon avia_button_icon_right' aria-hidden='true' data-av_icon='\ue881' data-av_iconfont='entypo-fontello'><\/span><\/a><\/div>\n<section class=\"av_textblock_section \"  itemscope=\"itemscope\" itemtype=\"https:\/\/schema.org\/CreativeWork\" ><div class='avia_textblock  '   itemprop=\"text\" ><h3>Garantien:<\/h3>\n<p>STORNOGEB\u00dcHREN<\/p>\n<p>Inbegriffen:<\/p>\n<ul>\n<li>Stornierung bei kritischer Erkrankung (einschlie\u00dflich kritischer Erkrankung aufgrund von Epidemie oder Pandemie)<\/li>\n<li>Stornierung bei Nichtbef\u00f6rderung am Flughafen, Bahnhof, Bus- oder Hafenbahnhof oder nach Temperaturmessung<\/li>\n<li>Stornierung bei fehlender Impfung gegen Covid 19<\/li>\n<\/ul>\n<p>\u00c4NDERUNGSGEB\u00dcHREN<\/p>\n<p>VERSP\u00c4TUNG<\/p>\n<p>GEB\u00dcHREN F\u00dcR DIE UNTERBRECHUNG DES AUFENTHALTS<\/p>\n<ul>\n<li>ERSATZFAHRZEUGie Falle einer Panne, eines Sachunfalls oder Diebstahls w\u00e4hrend des Aufenthalts.<\/li>\n<li>VERGESSEN EINES PERS\u00d6NLICHEN GEGENSTANDS IN DER MIETErzahlung der Kosten f\u00fcr die Einsendung eines pers\u00f6nlichen Gegenstands, der in der Anmietung vergessen wurde<\/li>\n<\/ul>\n<p>HILFE<\/p>\n<ul>\n<li>Teleberatung vor und w\u00e4hrend des Aufenthalts (A)<\/li>\n<li>Medizinische R\u00fcckf\u00fchrung (einschlie\u00dflich Epidemie oder Pandemie) (B)<\/li>\n<li>R\u00fcckkehr nicht m\u00f6glich (C)<\/li>\n<li>Hotelkosten nach Quarant\u00e4ne (D)<\/li>\n<li>Hotelgeb\u00fchren nach Flugannullierung aufgrund von Epidemie oder Pandemie (E)<\/li>\n<li>Medizinische Kosten au\u00dferhalb des Wohnsitzlandes aufgrund einer COVID-Erkrankung, einschlie\u00dflich im Falle einer Epidemie oder Pandemie (F)Selbstbehalt (F1)<\/li>\n<li>Unterst\u00fctzung f\u00fcr lokale Telefontarife (G)<\/li>\n<li>Psychologische Betreuung nach Quarant\u00e4ne (H)<\/li>\n<li>Notfallkoffer (I)<\/li>\n<li>Haushaltshilfe<\/li>\n<li>Lieferung von Haushaltslebensmitteln (b)<\/li>\n<li>Psychologische Betreuung nach der R\u00fcckkehr in die Heimat (c)<\/li>\n<\/ul>\n<p>KOSTEN F\u00dcR TIER\u00c4RZTLICHE VERSORGUNG UND KATZENBETREUUNG<\/p>\n<ul>\n<li>Einschlie\u00dflich:<\/li>\n<li>Beratung und Warnung der zust\u00e4ndigen Stellen im Falle eines Ausrei\u00dfers\/Verschwindens<\/li>\n<li>Kosten f\u00fcr die Beitreibung<\/li>\n<li>Geb\u00fchren f\u00fcr Tollwuttests (fehlen im Ausland)<\/li>\n<\/ul>\n<\/div><\/section>\n","protected":false},"excerpt":{"rendered":"","protected":false},"author":6,"featured_media":8880,"parent":0,"menu_order":0,"comment_status":"closed","ping_status":"closed","template":"","meta":{"_exactmetrics_skip_tracking":false,"_exactmetrics_sitenote_active":false,"_exactmetrics_sitenote_note":"","_exactmetrics_sitenote_category":0,"footnotes":""},"class_list":["post-10546","page","type-page","status-publish","has-post-thumbnail","hentry"],"yoast_head":"<!-- This site is optimized with the Yoast SEO plugin v27.4 - https:\/\/yoast.com\/product\/yoast-seo-wordpress\/ -->\n<title>Reiser\u00fccktrittsversicherung - Camping Kerisole<\/title>\n<meta name=\"description\" content=\"Entscheiden Sie sich f\u00fcr Ruhe, ohne Stress, mit der Reiser\u00fccktrittsversicherung Meetch \u2013 buchen Sie Ihren Aufenthalt auf unserem Camping Kerisole***\" \/>\n<meta name=\"robots\" content=\"index, follow, max-snippet:-1, max-image-preview:large, max-video-preview:-1\" \/>\n<link rel=\"canonical\" href=\"https:\/\/camping-kerisole.fr\/de\/reiseruecktrittsversicherung\/\" \/>\n<meta property=\"og:locale\" content=\"de_DE\" \/>\n<meta property=\"og:type\" content=\"article\" \/>\n<meta property=\"og:title\" content=\"Reiser\u00fccktrittsversicherung - Camping Kerisole\" \/>\n<meta property=\"og:description\" content=\"Entscheiden Sie sich f\u00fcr Ruhe, ohne Stress, mit der Reiser\u00fccktrittsversicherung Meetch \u2013 buchen Sie Ihren Aufenthalt auf unserem Camping Kerisole***\" \/>\n<meta property=\"og:url\" content=\"https:\/\/camping-kerisole.fr\/de\/reiseruecktrittsversicherung\/\" \/>\n<meta property=\"og:site_name\" content=\"Camping Kerisole\" \/>\n<meta property=\"article:publisher\" content=\"http:\/\/www.facebook.com\/campingkerisole\" \/>\n<meta property=\"article:modified_time\" content=\"2023-07-03T12:35:11+00:00\" \/>\n<meta property=\"og:image\" content=\"https:\/\/camping-kerisole.fr\/wp-content\/uploads\/2022\/05\/logo-Camping-Kerisole-carre.png\" \/>\n\t<meta property=\"og:image:width\" content=\"1148\" \/>\n\t<meta property=\"og:image:height\" content=\"1148\" \/>\n\t<meta property=\"og:image:type\" content=\"image\/png\" \/>\n<meta name=\"twitter:card\" content=\"summary_large_image\" \/>\n<meta name=\"twitter:label1\" content=\"Gesch\u00e4tzte Lesezeit\" \/>\n\t<meta name=\"twitter:data1\" content=\"3\u00a0Minuten\" \/>\n<script type=\"application\/ld+json\" class=\"yoast-schema-graph\">{\"@context\":\"https:\\\/\\\/schema.org\",\"@graph\":[{\"@type\":\"WebPage\",\"@id\":\"https:\\\/\\\/camping-kerisole.fr\\\/de\\\/reiseruecktrittsversicherung\\\/\",\"url\":\"https:\\\/\\\/camping-kerisole.fr\\\/de\\\/reiseruecktrittsversicherung\\\/\",\"name\":\"Reiser\u00fccktrittsversicherung - Camping Kerisole\",\"isPartOf\":{\"@id\":\"https:\\\/\\\/camping-kerisole.fr\\\/de\\\/#website\"},\"primaryImageOfPage\":{\"@id\":\"https:\\\/\\\/camping-kerisole.fr\\\/de\\\/reiseruecktrittsversicherung\\\/#primaryimage\"},\"image\":{\"@id\":\"https:\\\/\\\/camping-kerisole.fr\\\/de\\\/reiseruecktrittsversicherung\\\/#primaryimage\"},\"thumbnailUrl\":\"https:\\\/\\\/camping-kerisole.fr\\\/wp-content\\\/uploads\\\/2022\\\/05\\\/logo-Camping-Kerisole-carre.png\",\"datePublished\":\"2023-07-02T09:56:47+00:00\",\"dateModified\":\"2023-07-03T12:35:11+00:00\",\"description\":\"Entscheiden Sie sich f\u00fcr Ruhe, ohne Stress, mit der Reiser\u00fccktrittsversicherung Meetch \u2013 buchen Sie Ihren Aufenthalt auf unserem Camping Kerisole***\",\"breadcrumb\":{\"@id\":\"https:\\\/\\\/camping-kerisole.fr\\\/de\\\/reiseruecktrittsversicherung\\\/#breadcrumb\"},\"inLanguage\":\"de\",\"potentialAction\":[{\"@type\":\"ReadAction\",\"target\":[\"https:\\\/\\\/camping-kerisole.fr\\\/de\\\/reiseruecktrittsversicherung\\\/\"]}]},{\"@type\":\"ImageObject\",\"inLanguage\":\"de\",\"@id\":\"https:\\\/\\\/camping-kerisole.fr\\\/de\\\/reiseruecktrittsversicherung\\\/#primaryimage\",\"url\":\"https:\\\/\\\/camping-kerisole.fr\\\/wp-content\\\/uploads\\\/2022\\\/05\\\/logo-Camping-Kerisole-carre.png\",\"contentUrl\":\"https:\\\/\\\/camping-kerisole.fr\\\/wp-content\\\/uploads\\\/2022\\\/05\\\/logo-Camping-Kerisole-carre.png\",\"width\":1148,\"height\":1148},{\"@type\":\"BreadcrumbList\",\"@id\":\"https:\\\/\\\/camping-kerisole.fr\\\/de\\\/reiseruecktrittsversicherung\\\/#breadcrumb\",\"itemListElement\":[{\"@type\":\"ListItem\",\"position\":1,\"name\":\"Accueil\",\"item\":\"https:\\\/\\\/camping-kerisole.fr\\\/de\\\/startseite\\\/\"},{\"@type\":\"ListItem\",\"position\":2,\"name\":\"Reiser\u00fccktrittsversicherung\"}]},{\"@type\":\"WebSite\",\"@id\":\"https:\\\/\\\/camping-kerisole.fr\\\/de\\\/#website\",\"url\":\"https:\\\/\\\/camping-kerisole.fr\\\/de\\\/\",\"name\":\"Camping Kerisole\",\"description\":\"Un camping unique en Bretagne !\",\"publisher\":{\"@id\":\"https:\\\/\\\/camping-kerisole.fr\\\/de\\\/#organization\"},\"potentialAction\":[{\"@type\":\"SearchAction\",\"target\":{\"@type\":\"EntryPoint\",\"urlTemplate\":\"https:\\\/\\\/camping-kerisole.fr\\\/de\\\/?s={search_term_string}\"},\"query-input\":{\"@type\":\"PropertyValueSpecification\",\"valueRequired\":true,\"valueName\":\"search_term_string\"}}],\"inLanguage\":\"de\"},{\"@type\":\"Organization\",\"@id\":\"https:\\\/\\\/camping-kerisole.fr\\\/de\\\/#organization\",\"name\":\"Camping Kerisole***\",\"url\":\"https:\\\/\\\/camping-kerisole.fr\\\/de\\\/\",\"logo\":{\"@type\":\"ImageObject\",\"inLanguage\":\"de\",\"@id\":\"https:\\\/\\\/camping-kerisole.fr\\\/de\\\/#\\\/schema\\\/logo\\\/image\\\/\",\"url\":\"https:\\\/\\\/camping-kerisole.fr\\\/wp-content\\\/uploads\\\/2022\\\/05\\\/logo-Camping-Kerisole-rectangulaire.png\",\"contentUrl\":\"https:\\\/\\\/camping-kerisole.fr\\\/wp-content\\\/uploads\\\/2022\\\/05\\\/logo-Camping-Kerisole-rectangulaire.png\",\"width\":1148,\"height\":766,\"caption\":\"Camping Kerisole***\"},\"image\":{\"@id\":\"https:\\\/\\\/camping-kerisole.fr\\\/de\\\/#\\\/schema\\\/logo\\\/image\\\/\"},\"sameAs\":[\"http:\\\/\\\/www.facebook.com\\\/campingkerisole\"]}]}<\/script>\n<!-- \/ Yoast SEO plugin. -->","yoast_head_json":{"title":"Reiser\u00fccktrittsversicherung - Camping Kerisole","description":"Entscheiden Sie sich f\u00fcr Ruhe, ohne Stress, mit der Reiser\u00fccktrittsversicherung Meetch \u2013 buchen Sie Ihren Aufenthalt auf unserem Camping Kerisole***","robots":{"index":"index","follow":"follow","max-snippet":"max-snippet:-1","max-image-preview":"max-image-preview:large","max-video-preview":"max-video-preview:-1"},"canonical":"https:\/\/camping-kerisole.fr\/de\/reiseruecktrittsversicherung\/","og_locale":"de_DE","og_type":"article","og_title":"Reiser\u00fccktrittsversicherung - Camping Kerisole","og_description":"Entscheiden Sie sich f\u00fcr Ruhe, ohne Stress, mit der Reiser\u00fccktrittsversicherung Meetch \u2013 buchen Sie Ihren Aufenthalt auf unserem Camping Kerisole***","og_url":"https:\/\/camping-kerisole.fr\/de\/reiseruecktrittsversicherung\/","og_site_name":"Camping Kerisole","article_publisher":"http:\/\/www.facebook.com\/campingkerisole","article_modified_time":"2023-07-03T12:35:11+00:00","og_image":[{"width":1148,"height":1148,"url":"https:\/\/camping-kerisole.fr\/wp-content\/uploads\/2022\/05\/logo-Camping-Kerisole-carre.png","type":"image\/png"}],"twitter_card":"summary_large_image","twitter_misc":{"Gesch\u00e4tzte Lesezeit":"3\u00a0Minuten"},"schema":{"@context":"https:\/\/schema.org","@graph":[{"@type":"WebPage","@id":"https:\/\/camping-kerisole.fr\/de\/reiseruecktrittsversicherung\/","url":"https:\/\/camping-kerisole.fr\/de\/reiseruecktrittsversicherung\/","name":"Reiser\u00fccktrittsversicherung - Camping Kerisole","isPartOf":{"@id":"https:\/\/camping-kerisole.fr\/de\/#website"},"primaryImageOfPage":{"@id":"https:\/\/camping-kerisole.fr\/de\/reiseruecktrittsversicherung\/#primaryimage"},"image":{"@id":"https:\/\/camping-kerisole.fr\/de\/reiseruecktrittsversicherung\/#primaryimage"},"thumbnailUrl":"https:\/\/camping-kerisole.fr\/wp-content\/uploads\/2022\/05\/logo-Camping-Kerisole-carre.png","datePublished":"2023-07-02T09:56:47+00:00","dateModified":"2023-07-03T12:35:11+00:00","description":"Entscheiden Sie sich f\u00fcr Ruhe, ohne Stress, mit der Reiser\u00fccktrittsversicherung Meetch \u2013 buchen Sie Ihren Aufenthalt auf unserem Camping Kerisole***","breadcrumb":{"@id":"https:\/\/camping-kerisole.fr\/de\/reiseruecktrittsversicherung\/#breadcrumb"},"inLanguage":"de","potentialAction":[{"@type":"ReadAction","target":["https:\/\/camping-kerisole.fr\/de\/reiseruecktrittsversicherung\/"]}]},{"@type":"ImageObject","inLanguage":"de","@id":"https:\/\/camping-kerisole.fr\/de\/reiseruecktrittsversicherung\/#primaryimage","url":"https:\/\/camping-kerisole.fr\/wp-content\/uploads\/2022\/05\/logo-Camping-Kerisole-carre.png","contentUrl":"https:\/\/camping-kerisole.fr\/wp-content\/uploads\/2022\/05\/logo-Camping-Kerisole-carre.png","width":1148,"height":1148},{"@type":"BreadcrumbList","@id":"https:\/\/camping-kerisole.fr\/de\/reiseruecktrittsversicherung\/#breadcrumb","itemListElement":[{"@type":"ListItem","position":1,"name":"Accueil","item":"https:\/\/camping-kerisole.fr\/de\/startseite\/"},{"@type":"ListItem","position":2,"name":"Reiser\u00fccktrittsversicherung"}]},{"@type":"WebSite","@id":"https:\/\/camping-kerisole.fr\/de\/#website","url":"https:\/\/camping-kerisole.fr\/de\/","name":"Camping Kerisole","description":"Un camping unique en Bretagne !","publisher":{"@id":"https:\/\/camping-kerisole.fr\/de\/#organization"},"potentialAction":[{"@type":"SearchAction","target":{"@type":"EntryPoint","urlTemplate":"https:\/\/camping-kerisole.fr\/de\/?s={search_term_string}"},"query-input":{"@type":"PropertyValueSpecification","valueRequired":true,"valueName":"search_term_string"}}],"inLanguage":"de"},{"@type":"Organization","@id":"https:\/\/camping-kerisole.fr\/de\/#organization","name":"Camping Kerisole***","url":"https:\/\/camping-kerisole.fr\/de\/","logo":{"@type":"ImageObject","inLanguage":"de","@id":"https:\/\/camping-kerisole.fr\/de\/#\/schema\/logo\/image\/","url":"https:\/\/camping-kerisole.fr\/wp-content\/uploads\/2022\/05\/logo-Camping-Kerisole-rectangulaire.png","contentUrl":"https:\/\/camping-kerisole.fr\/wp-content\/uploads\/2022\/05\/logo-Camping-Kerisole-rectangulaire.png","width":1148,"height":766,"caption":"Camping Kerisole***"},"image":{"@id":"https:\/\/camping-kerisole.fr\/de\/#\/schema\/logo\/image\/"},"sameAs":["http:\/\/www.facebook.com\/campingkerisole"]}]}},"_links":{"self":[{"href":"https:\/\/camping-kerisole.fr\/de\/wp-json\/wp\/v2\/pages\/10546","targetHints":{"allow":["GET"]}}],"collection":[{"href":"https:\/\/camping-kerisole.fr\/de\/wp-json\/wp\/v2\/pages"}],"about":[{"href":"https:\/\/camping-kerisole.fr\/de\/wp-json\/wp\/v2\/types\/page"}],"author":[{"embeddable":true,"href":"https:\/\/camping-kerisole.fr\/de\/wp-json\/wp\/v2\/users\/6"}],"replies":[{"embeddable":true,"href":"https:\/\/camping-kerisole.fr\/de\/wp-json\/wp\/v2\/comments?post=10546"}],"version-history":[{"count":8,"href":"https:\/\/camping-kerisole.fr\/de\/wp-json\/wp\/v2\/pages\/10546\/revisions"}],"predecessor-version":[{"id":10599,"href":"https:\/\/camping-kerisole.fr\/de\/wp-json\/wp\/v2\/pages\/10546\/revisions\/10599"}],"wp:featuredmedia":[{"embeddable":true,"href":"https:\/\/camping-kerisole.fr\/de\/wp-json\/wp\/v2\/media\/8880"}],"wp:attachment":[{"href":"https:\/\/camping-kerisole.fr\/de\/wp-json\/wp\/v2\/media?parent=10546"}],"curies":[{"name":"wp","href":"https:\/\/api.w.org\/{rel}","templated":true}]}}